{"id":2685,"date":"2021-02-22T21:39:04","date_gmt":"2021-02-23T00:39:04","guid":{"rendered":"https:\/\/construfortasb.com.br\/loja\/?page_id=2685"},"modified":"2021-03-31T17:33:15","modified_gmt":"2021-03-31T20:33:15","slug":"politica-de-privacidade","status":"publish","type":"page","link":"https:\/\/construfortasb.com.br\/loja\/politica-de-privacidade\/","title":{"rendered":"Pol\u00edtica de Privacidade"},"content":{"rendered":"<h1 style=\"text-align: center;\">Pol\u00edtica de Privacidade<\/h1>\n<h3>Lei Geral de Privacidade de Dados (LGPD)<\/h3>\n<p>Este site est\u00e1 100% em conformidade com a <a href=\"http:\/\/www.planalto.gov.br\/ccivil_03\/_ato2015-2018\/2018\/lei\/L13709compilado.htm\" target=\"_blank\" rel=\"noopener noreferrer\">Lei Geral de Privacidade de Dados (LGPD)<\/a>.<\/p>\n<p>O Consumidor, aqui denominado &#8220;Cliente&#8221;, est\u00e1 de acordo e assume o conhecimento de que seus dados pessoais, como CPF, RG (para pessoas f\u00edsicas), CNPJ e Inscri\u00e7\u00e3o Estadual (para pessoas jur\u00eddicas), Endere\u00e7o, Telefone, E-mail e outras informa\u00e7\u00f5es necess\u00e1rias para o cadastro junto ao site, ser\u00e3o utilizados apenas com a finalidade de manter comunica\u00e7\u00e3o e envio de produtos adquiridos neste site.<\/p>\n<p>Este site n\u00e3o utilizar\u00e1 os dados pessoais dos Clientes para nenhum outro fim, que n\u00e3o seja os especificados acima.<\/p>\n<h3>Seguran\u00e7a<\/h3>\n<p>Nosso site utiliza uma tecnologia avan\u00e7ada de seguran\u00e7a. Todo o tr\u00e1fego de dados \u00e9 feito com as informa\u00e7\u00f5es criptografadas, utilizando-se do certificado SSL (Secure Socket Layer), que \u00e9 um m\u00e9todo padr\u00e3o usado na Internet para proteger as comunica\u00e7\u00f5es entre os usu\u00e1rios da Web e os sites, fornecendo uma compra 100% segura.<\/p>\n<p>As informa\u00e7\u00f5es de cart\u00f5es de cr\u00e9dito n\u00e3o s\u00e3o armazenadas em nossos sistemas e todo o processo de aprova\u00e7\u00e3o \u00e9 feito diretamente com as Administradoras de Cart\u00f5es e Bancos. Para sua tranquilidade, o \u00edcone do cadeado fechado, no canto superior esquerdo da tela, indica absoluta seguran\u00e7a durante a transmiss\u00e3o de dados em sua compra.<\/p>\n<h3>Pol\u00edtica de Pagamento<\/h3>\n<p><strong>Boleto Banc\u00e1rio<\/strong><br \/>\nTrabalhamos com sistema de boleto banc\u00e1rio para melhor atend\u00ea-lo. Usamos os integradores de pagamentos e institui\u00e7\u00f5es financeiras mais seguras do mercado.<\/p>\n<p>Algumas vantagens<br \/>\n\u2013 O boleto banc\u00e1rio ser\u00e1 entregue juntamente com a Nota Fiscal de compra, no ato da entrega das mercadorias;<br \/>\n\u2013 O sistema de pagamento conta com os principais certificados de seguran\u00e7a;<\/p>\n<h3>Pol\u00edtica de Envio<\/h3>\n<p>Todos os produtos s\u00e3o enviados de acordo com a disponibilidade informada na p\u00e1gina de cada produto. O prazo para a entrega varia de acordo com a forma de envio escolhida pelo cliente e pode ser visualizado na simula\u00e7\u00e3o do frete, no carrinho de compras.<\/p>\n<p>Todos os produtos s\u00e3o enviados com seguro total contra furto ou extravio, portanto, caso aconte\u00e7a uma das duas coisas, voc\u00ea receber\u00e1 seu dinheiro de volta com todas as despesas em at\u00e9 20 dias \u00fateis.<\/p>\n<p><strong>RETIRE NO LOCAL<\/strong><\/p>\n<p>Nessa modalidade, o cliente pode retirar o produto em nossa empresa com agendamento pr\u00e9vio de no m\u00ednimo 24 horas ap\u00f3s a confirma\u00e7\u00e3o do pagamento. N\u00e3o ser\u00e3o aceitas retiradas sem agendamento pr\u00e9vio por e-mail ou telefone.<\/p>\n<p>&nbsp;<\/p>\n","protected":false},"excerpt":{"rendered":"<p>Pol\u00edtica de Privacidade Lei Geral de Privacidade de Dados (LGPD) Este site est\u00e1 100% em conformidade com a Lei Geral de Privacidade de Dados (LGPD). O Consumidor, aqui denominado &#8220;Cliente&#8221;, est\u00e1 de acordo e assume o conhecimento de que seus dados pessoais, como CPF, RG (para pessoas f\u00edsicas), CNPJ e Inscri\u00e7\u00e3o Estadual (para pessoas jur\u00eddicas), [&hellip;]<\/p>\n","protected":false},"author":1,"featured_media":0,"parent":0,"menu_order":0,"comment_status":"closed","ping_status":"closed","template":"template-homepage.php","meta":{"inline_featured_image":false},"yoast_head":"<!-- This site is optimized with the Yoast SEO plugin v19.13 - https:\/\/yoast.com\/wordpress\/plugins\/seo\/ -->\n<title>Pol\u00edtica de Privacidade - Construfort Materiais de Constru\u00e7\u00e3o<\/title>\n<meta name=\"robots\" content=\"index, follow, max-snippet:-1, max-image-preview:large, max-video-preview:-1\" \/>\n<link rel=\"canonical\" href=\"https:\/\/construfortasb.com.br\/loja\/politica-de-privacidade\/\" \/>\n<meta property=\"og:locale\" content=\"pt_BR\" \/>\n<meta property=\"og:type\" content=\"article\" \/>\n<meta property=\"og:title\" content=\"Pol\u00edtica de Privacidade - Construfort Materiais de Constru\u00e7\u00e3o\" \/>\n<meta property=\"og:description\" content=\"Pol\u00edtica de Privacidade Lei Geral de Privacidade de Dados (LGPD) Este site est\u00e1 100% em conformidade com a Lei Geral de Privacidade de Dados (LGPD). O Consumidor, aqui denominado &#8220;Cliente&#8221;, est\u00e1 de acordo e assume o conhecimento de que seus dados pessoais, como CPF, RG (para pessoas f\u00edsicas), CNPJ e Inscri\u00e7\u00e3o Estadual (para pessoas jur\u00eddicas), [&hellip;]\" \/>\n<meta property=\"og:url\" content=\"https:\/\/construfortasb.com.br\/loja\/politica-de-privacidade\/\" \/>\n<meta property=\"og:site_name\" content=\"Construfort Materiais de Constru\u00e7\u00e3o\" \/>\n<meta property=\"article:modified_time\" content=\"2021-03-31T20:33:15+00:00\" \/>\n<meta name=\"twitter:card\" content=\"summary_large_image\" \/>\n<meta name=\"twitter:label1\" content=\"Est. tempo de leitura\" \/>\n\t<meta name=\"twitter:data1\" content=\"2 minutos\" \/>\n<script type=\"application\/ld+json\" class=\"yoast-schema-graph\">{\"@context\":\"https:\/\/schema.org\",\"@graph\":[{\"@type\":\"WebPage\",\"@id\":\"https:\/\/construfortasb.com.br\/loja\/politica-de-privacidade\/\",\"url\":\"https:\/\/construfortasb.com.br\/loja\/politica-de-privacidade\/\",\"name\":\"Pol\u00edtica de Privacidade - Construfort Materiais de Constru\u00e7\u00e3o\",\"isPartOf\":{\"@id\":\"https:\/\/construfortasb.com.br\/loja\/#website\"},\"datePublished\":\"2021-02-23T00:39:04+00:00\",\"dateModified\":\"2021-03-31T20:33:15+00:00\",\"breadcrumb\":{\"@id\":\"https:\/\/construfortasb.com.br\/loja\/politica-de-privacidade\/#breadcrumb\"},\"inLanguage\":\"pt-BR\",\"potentialAction\":[{\"@type\":\"ReadAction\",\"target\":[\"https:\/\/construfortasb.com.br\/loja\/politica-de-privacidade\/\"]}]},{\"@type\":\"BreadcrumbList\",\"@id\":\"https:\/\/construfortasb.com.br\/loja\/politica-de-privacidade\/#breadcrumb\",\"itemListElement\":[{\"@type\":\"ListItem\",\"position\":1,\"name\":\"In\u00edcio\",\"item\":\"https:\/\/construfortasb.com.br\/loja\/\"},{\"@type\":\"ListItem\",\"position\":2,\"name\":\"Pol\u00edtica de Privacidade\"}]},{\"@type\":\"WebSite\",\"@id\":\"https:\/\/construfortasb.com.br\/loja\/#website\",\"url\":\"https:\/\/construfortasb.com.br\/loja\/\",\"name\":\"Construfort Materiais de Constru\u00e7\u00e3o\",\"description\":\"Sua melhor op\u00e7\u00e3o em materiais de constru\u00e7\u00e3o\",\"potentialAction\":[{\"@type\":\"SearchAction\",\"target\":{\"@type\":\"EntryPoint\",\"urlTemplate\":\"https:\/\/construfortasb.com.br\/loja\/?s={search_term_string}\"},\"query-input\":\"required name=search_term_string\"}],\"inLanguage\":\"pt-BR\"}]}<\/script>\n<!-- \/ Yoast SEO plugin. -->","yoast_head_json":{"title":"Pol\u00edtica de Privacidade - Construfort Materiais de Constru\u00e7\u00e3o","robots":{"index":"index","follow":"follow","max-snippet":"max-snippet:-1","max-image-preview":"max-image-preview:large","max-video-preview":"max-video-preview:-1"},"canonical":"https:\/\/construfortasb.com.br\/loja\/politica-de-privacidade\/","og_locale":"pt_BR","og_type":"article","og_title":"Pol\u00edtica de Privacidade - Construfort Materiais de Constru\u00e7\u00e3o","og_description":"Pol\u00edtica de Privacidade Lei Geral de Privacidade de Dados (LGPD) Este site est\u00e1 100% em conformidade com a Lei Geral de Privacidade de Dados (LGPD). O Consumidor, aqui denominado &#8220;Cliente&#8221;, est\u00e1 de acordo e assume o conhecimento de que seus dados pessoais, como CPF, RG (para pessoas f\u00edsicas), CNPJ e Inscri\u00e7\u00e3o Estadual (para pessoas jur\u00eddicas), [&hellip;]","og_url":"https:\/\/construfortasb.com.br\/loja\/politica-de-privacidade\/","og_site_name":"Construfort Materiais de Constru\u00e7\u00e3o","article_modified_time":"2021-03-31T20:33:15+00:00","twitter_card":"summary_large_image","twitter_misc":{"Est. tempo de leitura":"2 minutos"},"schema":{"@context":"https:\/\/schema.org","@graph":[{"@type":"WebPage","@id":"https:\/\/construfortasb.com.br\/loja\/politica-de-privacidade\/","url":"https:\/\/construfortasb.com.br\/loja\/politica-de-privacidade\/","name":"Pol\u00edtica de Privacidade - Construfort Materiais de Constru\u00e7\u00e3o","isPartOf":{"@id":"https:\/\/construfortasb.com.br\/loja\/#website"},"datePublished":"2021-02-23T00:39:04+00:00","dateModified":"2021-03-31T20:33:15+00:00","breadcrumb":{"@id":"https:\/\/construfortasb.com.br\/loja\/politica-de-privacidade\/#breadcrumb"},"inLanguage":"pt-BR","potentialAction":[{"@type":"ReadAction","target":["https:\/\/construfortasb.com.br\/loja\/politica-de-privacidade\/"]}]},{"@type":"BreadcrumbList","@id":"https:\/\/construfortasb.com.br\/loja\/politica-de-privacidade\/#breadcrumb","itemListElement":[{"@type":"ListItem","position":1,"name":"In\u00edcio","item":"https:\/\/construfortasb.com.br\/loja\/"},{"@type":"ListItem","position":2,"name":"Pol\u00edtica de Privacidade"}]},{"@type":"WebSite","@id":"https:\/\/construfortasb.com.br\/loja\/#website","url":"https:\/\/construfortasb.com.br\/loja\/","name":"Construfort Materiais de Constru\u00e7\u00e3o","description":"Sua melhor op\u00e7\u00e3o em materiais de constru\u00e7\u00e3o","potentialAction":[{"@type":"SearchAction","target":{"@type":"EntryPoint","urlTemplate":"https:\/\/construfortasb.com.br\/loja\/?s={search_term_string}"},"query-input":"required name=search_term_string"}],"inLanguage":"pt-BR"}]}},"_links":{"self":[{"href":"https:\/\/construfortasb.com.br\/loja\/wp-json\/wp\/v2\/pages\/2685"}],"collection":[{"href":"https:\/\/construfortasb.com.br\/loja\/wp-json\/wp\/v2\/pages"}],"about":[{"href":"https:\/\/construfortasb.com.br\/loja\/wp-json\/wp\/v2\/types\/page"}],"author":[{"embeddable":true,"href":"https:\/\/construfortasb.com.br\/loja\/wp-json\/wp\/v2\/users\/1"}],"replies":[{"embeddable":true,"href":"https:\/\/construfortasb.com.br\/loja\/wp-json\/wp\/v2\/comments?post=2685"}],"version-history":[{"count":1,"href":"https:\/\/construfortasb.com.br\/loja\/wp-json\/wp\/v2\/pages\/2685\/revisions"}],"predecessor-version":[{"id":2686,"href":"https:\/\/construfortasb.com.br\/loja\/wp-json\/wp\/v2\/pages\/2685\/revisions\/2686"}],"wp:attachment":[{"href":"https:\/\/construfortasb.com.br\/loja\/wp-json\/wp\/v2\/media?parent=2685"}],"curies":[{"name":"wp","href":"https:\/\/api.w.org\/{rel}","templated":true}]}}