{"id":2687,"date":"2021-02-22T21:40:14","date_gmt":"2021-02-23T00:40:14","guid":{"rendered":"https:\/\/construfortasb.com.br\/loja\/?page_id=2687"},"modified":"2021-03-31T17:34:42","modified_gmt":"2021-03-31T20:34:42","slug":"termos-de-uso","status":"publish","type":"page","link":"https:\/\/construfortasb.com.br\/loja\/termos-de-uso\/","title":{"rendered":"Termos de Uso"},"content":{"rendered":"<h1 style=\"text-align: center;\">Termos de Uso<\/h1>\n<p style=\"text-align: justify;\"><strong>Estes termos de servi\u00e7o regulam o uso deste site. Ao acess\u00e1-lo voc\u00ea concorda com estes termos. Por favor, consulte regularmente os nossos termos de servi\u00e7o.<\/strong><\/p>\n<p style=\"text-align: justify;\">Estes termos se referem ao site: &#8220;www.construfortasb.com.br&#8221; aqui denominado simplesmente de &#8220;Site&#8221;.<\/p>\n<p style=\"text-align: justify;\">O Site \u00e9 um servi\u00e7o interativo oferecido por meio de p\u00e1gina eletr\u00f4nica na internet que oferece informa\u00e7\u00f5es sobre produtos e servi\u00e7os, a partir da integra\u00e7\u00e3o de diversas fontes de informa\u00e7\u00e3o. O acesso ao Site representa a aceita\u00e7\u00e3o expressa e irrestrita dos termos de uso abaixo descritos. Se voc\u00ea n\u00e3o concorda com os termos, por favor, n\u00e3o acesse nem utilize este website.<\/p>\n<p style=\"text-align: justify;\">O visitante poder\u00e1 usar este Site apenas para finalidades l\u00edcitas. Este espa\u00e7o n\u00e3o poder\u00e1 ser utilizado para para publicar, enviar, distribuir ou divulgar conte\u00fados ou informa\u00e7\u00f5es de car\u00e1ter difamat\u00f3rio, obsceno ou il\u00edcito, inclusive informa\u00e7\u00f5es de propriedade exclusiva pertencentes a outras pessoas ou empresas, bem como marcas registradas ou informa\u00e7\u00f5es protegidas por direitos autorais, exceto imagens e logomarcas p\u00fablicas ou que tenham a expressa autoriza\u00e7\u00e3o do detentor desses direitos. Ainda, o visitante n\u00e3o poder\u00e1 usar o Site para obter ou divulgar informa\u00e7\u00f5es pessoais, inclusive endere\u00e7os na Internet, sobre os usu\u00e1rios do Site.<\/p>\n<p style=\"text-align: justify;\">O Site empenha-se em manter a qualidade, atualidade e autenticidade das informa\u00e7\u00f5es veiculadas, mas seus criadores e colaboradores n\u00e3o se responsabilizam por eventuais falhas nos servi\u00e7os ou inexatid\u00e3o das informa\u00e7\u00f5es oferecidas. O usu\u00e1rio n\u00e3o deve ter como pressuposto que tais servi\u00e7os e informa\u00e7\u00f5es s\u00e3o isentos de erros ou ser\u00e3o adequados aos seus objetivos particulares. Os criadores e colaboradores do Site se reservam-se o direito de alterar as condi\u00e7\u00f5es de uso ou pre\u00e7os eventuais dos servi\u00e7os e produtos oferecidos no Site a qualquer momento.<\/p>\n<p style=\"text-align: justify;\">O acesso ao Site \u00e9 gratuito. O Site poder\u00e1 criar \u00e1reas de acesso exclusivo aos seus clientes ou para terceiros especialmente autorizados.<\/p>\n<p style=\"text-align: justify;\">Os criadores e colaboradores do Site poder\u00e3o, a seu exclusivo crit\u00e9rio e em qualquer tempo, modificar ou desativar o Site, bem como limitar, cancelar ou suspender seu uso ou o acesso. Tamb\u00e9m estes Termos de Uso poder\u00e3o ser alterados a qualquer tempo. Visite regularmente esta p\u00e1gina e consulte os Termos vigentes. Algumas disposi\u00e7\u00f5es destes Termos podem ser substitu\u00eddas por termos ou avisos legais expressos localizados em determinadas p\u00e1ginas deste Site.<\/p>\n<p style=\"text-align: justify;\"><strong>Erros e falhas<\/strong><\/p>\n<p style=\"text-align: justify;\">Os documentos, informa\u00e7\u00f5es, imagens e gr\u00e1ficos publicados neste Site podem conter imprecis\u00f5es t\u00e9cnicas ou erros tipogr\u00e1ficos. Em nenhuma hip\u00f3tese o Site e\/ou seus respectivos fornecedores ser\u00e3o respons\u00e1veis por qualquer dano direto ou indireto decorrente da impossibilidade de uso, perda de dados ou lucros, resultante do acesso e desempenho do Site, dos servi\u00e7os oferecidos ou de informa\u00e7\u00f5es dispon\u00edveis.<\/p>\n<p style=\"text-align: justify;\"><strong>Limita\u00e7\u00e3o da responsabilidade<\/strong><\/p>\n<p style=\"text-align: justify;\">Os produtos s\u00e3o fornecidos neste Site sem nenhuma garantia expl\u00edcita ou impl\u00edcita de comercializa\u00e7\u00e3o ou adequa\u00e7\u00e3o a qualquer objetivo espec\u00edfico. Em nenhum caso o Site ou os seus colaboradores ser\u00e3o responsabilizados por quaisquer danos, incluindo lucros cessantes, interrup\u00e7\u00e3o de neg\u00f3cio, ou perda de informa\u00e7\u00e3o que resultem do uso ou da incapacidade de usar este Site. O Site n\u00e3o garante a precis\u00e3o ou integridade das informa\u00e7\u00f5es, textos, gr\u00e1ficos, links e outros itens dos parceiros e fornecedores ou marcas constantes nos produtos.<\/p>\n<p style=\"text-align: justify;\">O Site n\u00e3o se responsabiliza pelo conte\u00fado dos artigos e informa\u00e7\u00f5es aqui publicadas por terceiros, uma vez que os textos, de autoria de terceiros, n\u00e3o traduzem necessariamente a opini\u00e3o do Site.<\/p>\n<p style=\"text-align: justify;\">O Site tampouco \u00e9 respons\u00e1vel pela viola\u00e7\u00e3o de direitos autorais decorrente de informa\u00e7\u00f5es, documentos e materiais publicados, comprometendo-se a retir\u00e1-los do ar assim que notificado da infra\u00e7\u00e3o.<\/p>\n<p style=\"text-align: justify;\"><strong>Links para sites de terceiros<\/strong><\/p>\n<p style=\"text-align: justify;\">Os sites apontados atrav\u00e9s de links n\u00e3o est\u00e3o sob o controle deste Site, que n\u00e3o \u00e9 respons\u00e1vel pelo conte\u00fado de qualquer outro website indicado ou acessado por meio de artigos, links ou outros meios. O Site reserva-se o direito de eliminar qualquer link ou direcionamento a outros sites ou servi\u00e7os a qualquer momento. O Site n\u00e3o endossa firmas ou produtos indicados, acessados ou divulgados atrav\u00e9s dos conte\u00fados, tampouco pelos an\u00fancios aqui publicados, reservando-se o direito de publicar este alerta em suas p\u00e1ginas eletr\u00f4nicas sempre que considerar necess\u00e1rio.<\/p>\n<p style=\"text-align: justify;\"><strong>Direitos autorais e propriedade intelectual<\/strong><\/p>\n<p style=\"text-align: justify;\">Os documentos, conte\u00fados e cria\u00e7\u00f5es contidos neste Site pertencem aos seus criadores e marcas. A autoria dos conte\u00fados, materiais e imagens exibidos no Site \u00e9 protegida por leis nacionais e internacionais. N\u00e3o podem ser copiados, reproduzidos, modificados, publicados, atualizados, postados, transmitidos ou distribu\u00eddos de qualquer maneira sem autoriza\u00e7\u00e3o pr\u00e9via e por escrito deste Site.<\/p>\n<p style=\"text-align: justify;\">As imagens contidas neste Site s\u00e3o aqui incorporadas apenas para fins de visualiza\u00e7\u00e3o, e, salvo autoriza\u00e7\u00e3o expressa por escrito, n\u00e3o podem ser gravadas ou baixadas via download, exceto imagens de dom\u00ednio p\u00fablico. A reprodu\u00e7\u00e3o ou armazenamento de materiais recuperados a partir deste servi\u00e7o sujeitar\u00e1 os infratores \u00e0s penas da lei.<\/p>\n<p style=\"text-align: justify;\">O nome do Site, seu logotipo, o nome de dom\u00ednio para acesso na internet, bem como todos os elementos caracter\u00edsticos da tecnologia desenvolvida e aqui apresentada, sob a forma da articula\u00e7\u00e3o de bases de dados, constituem marcas registradas e propriedades intelectuais privadas e todos os direitos decorrentes de seu registro s\u00e3o assegurados por lei. Alguns direitos de uso podem ser cedidos pelo Site, em contrato ou licen\u00e7a especial, que pode ser cancelada a qualquer momento se n\u00e3o cumpridos os seus termos.<\/p>\n<p style=\"text-align: justify;\">As marcas registradas do Site s\u00f3 podem ser usadas publicamente com autoriza\u00e7\u00e3o expressa. O uso destas marcas registradas em publicidade e promo\u00e7\u00e3o de produtos deve ser adequadamente informado.<\/p>\n<p style=\"text-align: justify;\"><strong>Reclama\u00e7\u00f5es sobre viola\u00e7\u00e3o de direitos autorais<\/strong><\/p>\n<p style=\"text-align: justify;\">O Site respeita a propriedade intelectual de outras pessoas ou empresas e solicitamos aos nossos membros que fa\u00e7am o mesmo. Toda e qualquer viola\u00e7\u00e3o de direitos autorais dever\u00e1 ser notificada ao Site e acompanhada dos documentos e informa\u00e7\u00f5es que confirmam a autoria. A notifica\u00e7\u00e3o poder\u00e1 ser enviada pelos e-mails constantes no Site.<\/p>\n<p style=\"text-align: justify;\"><strong>Leis aplic\u00e1veis<\/strong><\/p>\n<p style=\"text-align: justify;\">Este Site \u00e9 controlado e operado por administradores e t\u00e9cnicos capacitados, localizados no Brasil, mas n\u00e3o garante que o conte\u00fado ou materiais estejam dispon\u00edveis para uso em outros pa\u00edses. Aqueles que optarem por acessar este site a partir de outras localidades o far\u00e3o por iniciativa pr\u00f3pria e ser\u00e3o respons\u00e1veis pelo cumprimento das leis locais aplic\u00e1veis. Os materiais n\u00e3o dever\u00e3o ser usados ou exportados em descumprimento das leis brasileiras sobre exporta\u00e7\u00e3o ou c\u00f3pia de conte\u00fados intelectuais.<\/p>\n<p style=\"text-align: justify;\">O acesso ao Site representa a aceita\u00e7\u00e3o expressa e irrestrita dos termos de uso acima descritos.<\/p>\n","protected":false},"excerpt":{"rendered":"<p>Termos de Uso Estes termos de servi\u00e7o regulam o uso deste site. Ao acess\u00e1-lo voc\u00ea concorda com estes termos. Por favor, consulte regularmente os nossos termos de servi\u00e7o. Estes termos se referem ao site: &#8220;www.construfortasb.com.br&#8221; aqui denominado simplesmente de &#8220;Site&#8221;. O Site \u00e9 um servi\u00e7o interativo oferecido por meio de p\u00e1gina eletr\u00f4nica na internet que [&hellip;]<\/p>\n","protected":false},"author":1,"featured_media":0,"parent":0,"menu_order":0,"comment_status":"closed","ping_status":"closed","template":"template-homepage.php","meta":{"inline_featured_image":false},"yoast_head":"<!-- This site is optimized with the Yoast SEO plugin v19.13 - https:\/\/yoast.com\/wordpress\/plugins\/seo\/ -->\n<title>Termos de Uso - Construfort Materiais de Constru\u00e7\u00e3o<\/title>\n<meta name=\"robots\" content=\"index, follow, max-snippet:-1, max-image-preview:large, max-video-preview:-1\" \/>\n<link rel=\"canonical\" href=\"https:\/\/construfortasb.com.br\/loja\/termos-de-uso\/\" \/>\n<meta property=\"og:locale\" content=\"pt_BR\" \/>\n<meta property=\"og:type\" content=\"article\" \/>\n<meta property=\"og:title\" content=\"Termos de Uso - Construfort Materiais de Constru\u00e7\u00e3o\" \/>\n<meta property=\"og:description\" content=\"Termos de Uso Estes termos de servi\u00e7o regulam o uso deste site. Ao acess\u00e1-lo voc\u00ea concorda com estes termos. Por favor, consulte regularmente os nossos termos de servi\u00e7o. Estes termos se referem ao site: &#8220;www.construfortasb.com.br&#8221; aqui denominado simplesmente de &#8220;Site&#8221;. O Site \u00e9 um servi\u00e7o interativo oferecido por meio de p\u00e1gina eletr\u00f4nica na internet que [&hellip;]\" \/>\n<meta property=\"og:url\" content=\"https:\/\/construfortasb.com.br\/loja\/termos-de-uso\/\" \/>\n<meta property=\"og:site_name\" content=\"Construfort Materiais de Constru\u00e7\u00e3o\" \/>\n<meta property=\"article:modified_time\" content=\"2021-03-31T20:34:42+00:00\" \/>\n<meta name=\"twitter:card\" content=\"summary_large_image\" \/>\n<meta name=\"twitter:label1\" content=\"Est. tempo de leitura\" \/>\n\t<meta name=\"twitter:data1\" content=\"5 minutos\" \/>\n<script type=\"application\/ld+json\" class=\"yoast-schema-graph\">{\"@context\":\"https:\/\/schema.org\",\"@graph\":[{\"@type\":\"WebPage\",\"@id\":\"https:\/\/construfortasb.com.br\/loja\/termos-de-uso\/\",\"url\":\"https:\/\/construfortasb.com.br\/loja\/termos-de-uso\/\",\"name\":\"Termos de Uso - Construfort Materiais de Constru\u00e7\u00e3o\",\"isPartOf\":{\"@id\":\"https:\/\/construfortasb.com.br\/loja\/#website\"},\"datePublished\":\"2021-02-23T00:40:14+00:00\",\"dateModified\":\"2021-03-31T20:34:42+00:00\",\"breadcrumb\":{\"@id\":\"https:\/\/construfortasb.com.br\/loja\/termos-de-uso\/#breadcrumb\"},\"inLanguage\":\"pt-BR\",\"potentialAction\":[{\"@type\":\"ReadAction\",\"target\":[\"https:\/\/construfortasb.com.br\/loja\/termos-de-uso\/\"]}]},{\"@type\":\"BreadcrumbList\",\"@id\":\"https:\/\/construfortasb.com.br\/loja\/termos-de-uso\/#breadcrumb\",\"itemListElement\":[{\"@type\":\"ListItem\",\"position\":1,\"name\":\"In\u00edcio\",\"item\":\"https:\/\/construfortasb.com.br\/loja\/\"},{\"@type\":\"ListItem\",\"position\":2,\"name\":\"Termos de Uso\"}]},{\"@type\":\"WebSite\",\"@id\":\"https:\/\/construfortasb.com.br\/loja\/#website\",\"url\":\"https:\/\/construfortasb.com.br\/loja\/\",\"name\":\"Construfort Materiais de Constru\u00e7\u00e3o\",\"description\":\"Sua melhor op\u00e7\u00e3o em materiais de constru\u00e7\u00e3o\",\"potentialAction\":[{\"@type\":\"SearchAction\",\"target\":{\"@type\":\"EntryPoint\",\"urlTemplate\":\"https:\/\/construfortasb.com.br\/loja\/?s={search_term_string}\"},\"query-input\":\"required name=search_term_string\"}],\"inLanguage\":\"pt-BR\"}]}<\/script>\n<!-- \/ Yoast SEO plugin. -->","yoast_head_json":{"title":"Termos de Uso - Construfort Materiais de Constru\u00e7\u00e3o","robots":{"index":"index","follow":"follow","max-snippet":"max-snippet:-1","max-image-preview":"max-image-preview:large","max-video-preview":"max-video-preview:-1"},"canonical":"https:\/\/construfortasb.com.br\/loja\/termos-de-uso\/","og_locale":"pt_BR","og_type":"article","og_title":"Termos de Uso - Construfort Materiais de Constru\u00e7\u00e3o","og_description":"Termos de Uso Estes termos de servi\u00e7o regulam o uso deste site. Ao acess\u00e1-lo voc\u00ea concorda com estes termos. Por favor, consulte regularmente os nossos termos de servi\u00e7o. Estes termos se referem ao site: &#8220;www.construfortasb.com.br&#8221; aqui denominado simplesmente de &#8220;Site&#8221;. O Site \u00e9 um servi\u00e7o interativo oferecido por meio de p\u00e1gina eletr\u00f4nica na internet que [&hellip;]","og_url":"https:\/\/construfortasb.com.br\/loja\/termos-de-uso\/","og_site_name":"Construfort Materiais de Constru\u00e7\u00e3o","article_modified_time":"2021-03-31T20:34:42+00:00","twitter_card":"summary_large_image","twitter_misc":{"Est. tempo de leitura":"5 minutos"},"schema":{"@context":"https:\/\/schema.org","@graph":[{"@type":"WebPage","@id":"https:\/\/construfortasb.com.br\/loja\/termos-de-uso\/","url":"https:\/\/construfortasb.com.br\/loja\/termos-de-uso\/","name":"Termos de Uso - Construfort Materiais de Constru\u00e7\u00e3o","isPartOf":{"@id":"https:\/\/construfortasb.com.br\/loja\/#website"},"datePublished":"2021-02-23T00:40:14+00:00","dateModified":"2021-03-31T20:34:42+00:00","breadcrumb":{"@id":"https:\/\/construfortasb.com.br\/loja\/termos-de-uso\/#breadcrumb"},"inLanguage":"pt-BR","potentialAction":[{"@type":"ReadAction","target":["https:\/\/construfortasb.com.br\/loja\/termos-de-uso\/"]}]},{"@type":"BreadcrumbList","@id":"https:\/\/construfortasb.com.br\/loja\/termos-de-uso\/#breadcrumb","itemListElement":[{"@type":"ListItem","position":1,"name":"In\u00edcio","item":"https:\/\/construfortasb.com.br\/loja\/"},{"@type":"ListItem","position":2,"name":"Termos de Uso"}]},{"@type":"WebSite","@id":"https:\/\/construfortasb.com.br\/loja\/#website","url":"https:\/\/construfortasb.com.br\/loja\/","name":"Construfort Materiais de Constru\u00e7\u00e3o","description":"Sua melhor op\u00e7\u00e3o em materiais de constru\u00e7\u00e3o","potentialAction":[{"@type":"SearchAction","target":{"@type":"EntryPoint","urlTemplate":"https:\/\/construfortasb.com.br\/loja\/?s={search_term_string}"},"query-input":"required name=search_term_string"}],"inLanguage":"pt-BR"}]}},"_links":{"self":[{"href":"https:\/\/construfortasb.com.br\/loja\/wp-json\/wp\/v2\/pages\/2687"}],"collection":[{"href":"https:\/\/construfortasb.com.br\/loja\/wp-json\/wp\/v2\/pages"}],"about":[{"href":"https:\/\/construfortasb.com.br\/loja\/wp-json\/wp\/v2\/types\/page"}],"author":[{"embeddable":true,"href":"https:\/\/construfortasb.com.br\/loja\/wp-json\/wp\/v2\/users\/1"}],"replies":[{"embeddable":true,"href":"https:\/\/construfortasb.com.br\/loja\/wp-json\/wp\/v2\/comments?post=2687"}],"version-history":[{"count":2,"href":"https:\/\/construfortasb.com.br\/loja\/wp-json\/wp\/v2\/pages\/2687\/revisions"}],"predecessor-version":[{"id":2946,"href":"https:\/\/construfortasb.com.br\/loja\/wp-json\/wp\/v2\/pages\/2687\/revisions\/2946"}],"wp:attachment":[{"href":"https:\/\/construfortasb.com.br\/loja\/wp-json\/wp\/v2\/media?parent=2687"}],"curies":[{"name":"wp","href":"https:\/\/api.w.org\/{rel}","templated":true}]}}