{"id":2921,"date":"2021-03-26T15:48:27","date_gmt":"2021-03-26T18:48:27","guid":{"rendered":"https:\/\/construfortasb.com.br\/loja\/?post_type=product&#038;p=2921"},"modified":"2021-05-18T11:16:13","modified_gmt":"2021-05-18T14:16:13","slug":"massa-corrida-anacryl-25kg","status":"publish","type":"product","link":"https:\/\/construfortasb.com.br\/loja\/produto\/massa-corrida-anacryl-25kg\/","title":{"rendered":"Massa Corrida Anacryl 25Kg"},"content":{"rendered":"<div class=\"col-md-4 colum-item-s\">\n<div class=\"row item-single\"><strong><i class=\"fa fa-angle-right\"><\/i>\u00a0Aplica\u00e7\u00e3o:<\/strong><br \/>\nTetos e Paredes<\/div>\n<div><\/div>\n<div class=\"row item-single\"><strong>Dilui\u00e7\u00e3o:<\/strong><br \/>\nPronta para uso<\/div>\n<div><\/div>\n<div class=\"row item-single\"><strong>Rendimento:<\/strong><br \/>\nSuperf\u00edcies seladas: reboco, gesso, fibrocimento, massa fina e concreto<br \/>\n&#8211; Quarto 1kg: 2,5 a 3 m\u00b2\/dem\u00e3o<br \/>\n&#8211; Gal\u00e3o 5kg: 8 a 10 m\u00b2\/dem\u00e3o<br \/>\n&#8211; Barrica 25Kg: 40 a 50 m\u00b2\/dem\u00e3o.<\/p>\n<p>Superf\u00edcies seladas: repintura<br \/>\n&#8211; Quarto 1kg: 2,5 a 3 m\u00b2\/dem\u00e3o<br \/>\n&#8211; Gal\u00e3o 5kg: 10 a 12 m\u00b2\/dem\u00e3o<br \/>\n&#8211; Barrica 25kg: 50 a 60 m\u00b2\/dem\u00e3o<\/p><\/div>\n<\/div>\n<div class=\"col-md-4 colum-item-s\">\n<div><\/div>\n<div class=\"row item-single\"><strong>Dem\u00e3os:<\/strong><br \/>\n2 a 3, dependendo do tipo e estado de superf\u00edcie<\/div>\n<div><\/div>\n<div class=\"row item-single\"><strong>Secagem:<\/strong><br \/>\n&#8211; Ao toque: 1 hora<br \/>\n&#8211; Entre dem\u00e3os: 2 a 3 horas<br \/>\n&#8211; Final: 12 horas<\/div>\n<div><\/div>\n<div class=\"row item-single\"><strong>Ferramentas:<\/strong><br \/>\nDesempenadeira de a\u00e7o lisa e esp\u00e1tula apropriada. Limpe as ferramentas com \u00e1gua e sab\u00e3o<\/div>\n<\/div>\n<div class=\"col-md-4 colum-item-s\">\n<div><\/div>\n<div class=\"row item-single\"><strong><i class=\"fa fa-angle-right\"><\/i>\u00a0Prepara\u00e7\u00e3o da Superf\u00edcie:<\/strong><br \/>\nSuperf\u00edcies de gesso, concreto e blocos de cimento: Lixar e eliminar o p\u00f3 com pano umedecido com \u00e1gua. Aplicar previamente Fundo Preparador de Paredes Anacryl.<\/p>\n<p>Reboco novo: Aguardar a cura e secagem por no m\u00ednimo 30 dias, lixar e eliminar completamente o p\u00f3. Aplicar Selador Acr\u00edlico Anacryl.<\/p>\n<p>Reboco fraco, caia\u00e7\u00e3o e partes soltas: Lixar e eliminar completamente o p\u00f3 e partes soltas. Aplicar Fundo Preparador de Paredes Anacryl.<\/p>\n<p>Imperfei\u00e7\u00f5es acentuadas na superf\u00edcie: Lixar e eliminar completamente o p\u00f3. Corrigir com Massa Corrida Anacryl ou Massa Acrilica Anacryl.<\/p>\n<p>Partes mofadas: Lavar com solu\u00e7\u00e3o de \u00e1gua e \u00e1gua sanit\u00e1ria em partes iguais, esperar 6 horas e enxaguar bem. Aguardar a secagem.<\/p>\n<p>Superf\u00edcies com brilho: Lixar e eliminar o p\u00f3 e o brilho. Limpar com pano umedecido com \u00e1gua e aguardar a secagem.<\/p>\n<p>Superf\u00edcies com gordura ou graxa: Lavar com solu\u00e7\u00e3o de \u00e1gua e detergente neutro e enxaguar. Aguardar a secagem.<\/p>\n<p>Superf\u00edcies em bom estado: Lixar e eliminar o p\u00f3.<\/p>\n<p>Superf\u00edcies com umidade: Identificar a origem e tratar de maneira adequada.<\/p><\/div>\n<\/div>\n","protected":false},"excerpt":{"rendered":"<p>A Massa Corrida Anacryl \u00e9 indicada para nivelar, uniformizar e corrigir pequenas imperfei\u00e7\u00f5es nas superf\u00edcies internas. A Massa Corrida Anacryl possui alto poder de enchimento e resist\u00eancia, sendo f\u00e1cil de aplicar e lixar.<\/p>\n","protected":false},"featured_media":2922,"comment_status":"open","ping_status":"closed","template":"","meta":{"inline_featured_image":false},"product_cat":[158],"product_tag":[],"yoast_head":"<!-- This site is optimized with the Yoast SEO plugin v19.13 - https:\/\/yoast.com\/wordpress\/plugins\/seo\/ -->\n<title>Massa Corrida Anacryl 25Kg - Construfort Materiais de Constru\u00e7\u00e3o<\/title>\n<meta name=\"robots\" content=\"index, follow, max-snippet:-1, max-image-preview:large, max-video-preview:-1\" \/>\n<link rel=\"canonical\" href=\"https:\/\/construfortasb.com.br\/loja\/produto\/massa-corrida-anacryl-25kg\/\" \/>\n<meta property=\"og:locale\" content=\"pt_BR\" \/>\n<meta property=\"og:type\" content=\"article\" \/>\n<meta property=\"og:title\" content=\"Massa Corrida Anacryl 25Kg - Construfort Materiais de Constru\u00e7\u00e3o\" \/>\n<meta property=\"og:description\" content=\"A Massa Corrida Anacryl \u00e9 indicada para nivelar, uniformizar e corrigir pequenas imperfei\u00e7\u00f5es nas superf\u00edcies internas. A Massa Corrida Anacryl possui alto poder de enchimento e resist\u00eancia, sendo f\u00e1cil de aplicar e lixar.\" \/>\n<meta property=\"og:url\" content=\"https:\/\/construfortasb.com.br\/loja\/produto\/massa-corrida-anacryl-25kg\/\" \/>\n<meta property=\"og:site_name\" content=\"Construfort Materiais de Constru\u00e7\u00e3o\" \/>\n<meta property=\"article:modified_time\" content=\"2021-05-18T14:16:13+00:00\" \/>\n<meta property=\"og:image\" content=\"https:\/\/construfortasb.com.br\/loja\/wp-content\/uploads\/2021\/03\/anacryl-massa-corrida-e-acrilica.jpg\" \/>\n\t<meta property=\"og:image:width\" content=\"500\" \/>\n\t<meta property=\"og:image:height\" content=\"500\" \/>\n\t<meta property=\"og:image:type\" content=\"image\/jpeg\" \/>\n<meta name=\"twitter:card\" content=\"summary_large_image\" \/>\n<meta name=\"twitter:label1\" content=\"Est. tempo de leitura\" \/>\n\t<meta name=\"twitter:data1\" content=\"2 minutos\" \/>\n<script type=\"application\/ld+json\" class=\"yoast-schema-graph\">{\"@context\":\"https:\/\/schema.org\",\"@graph\":[{\"@type\":\"WebPage\",\"@id\":\"https:\/\/construfortasb.com.br\/loja\/produto\/massa-corrida-anacryl-25kg\/\",\"url\":\"https:\/\/construfortasb.com.br\/loja\/produto\/massa-corrida-anacryl-25kg\/\",\"name\":\"Massa Corrida Anacryl 25Kg - Construfort Materiais de Constru\u00e7\u00e3o\",\"isPartOf\":{\"@id\":\"https:\/\/construfortasb.com.br\/loja\/#website\"},\"datePublished\":\"2021-03-26T18:48:27+00:00\",\"dateModified\":\"2021-05-18T14:16:13+00:00\",\"breadcrumb\":{\"@id\":\"https:\/\/construfortasb.com.br\/loja\/produto\/massa-corrida-anacryl-25kg\/#breadcrumb\"},\"inLanguage\":\"pt-BR\",\"potentialAction\":[{\"@type\":\"ReadAction\",\"target\":[\"https:\/\/construfortasb.com.br\/loja\/produto\/massa-corrida-anacryl-25kg\/\"]}]},{\"@type\":\"BreadcrumbList\",\"@id\":\"https:\/\/construfortasb.com.br\/loja\/produto\/massa-corrida-anacryl-25kg\/#breadcrumb\",\"itemListElement\":[{\"@type\":\"ListItem\",\"position\":1,\"name\":\"In\u00edcio\",\"item\":\"https:\/\/construfortasb.com.br\/loja\/\"},{\"@type\":\"ListItem\",\"position\":2,\"name\":\"Loja Virtual\",\"item\":\"https:\/\/construfortasb.com.br\/loja\/loja\/\"},{\"@type\":\"ListItem\",\"position\":3,\"name\":\"Massa Corrida Anacryl 25Kg\"}]},{\"@type\":\"WebSite\",\"@id\":\"https:\/\/construfortasb.com.br\/loja\/#website\",\"url\":\"https:\/\/construfortasb.com.br\/loja\/\",\"name\":\"Construfort Materiais de Constru\u00e7\u00e3o\",\"description\":\"Sua melhor op\u00e7\u00e3o em materiais de constru\u00e7\u00e3o\",\"potentialAction\":[{\"@type\":\"SearchAction\",\"target\":{\"@type\":\"EntryPoint\",\"urlTemplate\":\"https:\/\/construfortasb.com.br\/loja\/?s={search_term_string}\"},\"query-input\":\"required name=search_term_string\"}],\"inLanguage\":\"pt-BR\"}]}<\/script>\n<!-- \/ Yoast SEO plugin. -->","yoast_head_json":{"title":"Massa Corrida Anacryl 25Kg - Construfort Materiais de Constru\u00e7\u00e3o","robots":{"index":"index","follow":"follow","max-snippet":"max-snippet:-1","max-image-preview":"max-image-preview:large","max-video-preview":"max-video-preview:-1"},"canonical":"https:\/\/construfortasb.com.br\/loja\/produto\/massa-corrida-anacryl-25kg\/","og_locale":"pt_BR","og_type":"article","og_title":"Massa Corrida Anacryl 25Kg - Construfort Materiais de Constru\u00e7\u00e3o","og_description":"A Massa Corrida Anacryl \u00e9 indicada para nivelar, uniformizar e corrigir pequenas imperfei\u00e7\u00f5es nas superf\u00edcies internas. A Massa Corrida Anacryl possui alto poder de enchimento e resist\u00eancia, sendo f\u00e1cil de aplicar e lixar.","og_url":"https:\/\/construfortasb.com.br\/loja\/produto\/massa-corrida-anacryl-25kg\/","og_site_name":"Construfort Materiais de Constru\u00e7\u00e3o","article_modified_time":"2021-05-18T14:16:13+00:00","og_image":[{"width":500,"height":500,"url":"https:\/\/construfortasb.com.br\/loja\/wp-content\/uploads\/2021\/03\/anacryl-massa-corrida-e-acrilica.jpg","type":"image\/jpeg"}],"twitter_card":"summary_large_image","twitter_misc":{"Est. tempo de leitura":"2 minutos"},"schema":{"@context":"https:\/\/schema.org","@graph":[{"@type":"WebPage","@id":"https:\/\/construfortasb.com.br\/loja\/produto\/massa-corrida-anacryl-25kg\/","url":"https:\/\/construfortasb.com.br\/loja\/produto\/massa-corrida-anacryl-25kg\/","name":"Massa Corrida Anacryl 25Kg - Construfort Materiais de Constru\u00e7\u00e3o","isPartOf":{"@id":"https:\/\/construfortasb.com.br\/loja\/#website"},"datePublished":"2021-03-26T18:48:27+00:00","dateModified":"2021-05-18T14:16:13+00:00","breadcrumb":{"@id":"https:\/\/construfortasb.com.br\/loja\/produto\/massa-corrida-anacryl-25kg\/#breadcrumb"},"inLanguage":"pt-BR","potentialAction":[{"@type":"ReadAction","target":["https:\/\/construfortasb.com.br\/loja\/produto\/massa-corrida-anacryl-25kg\/"]}]},{"@type":"BreadcrumbList","@id":"https:\/\/construfortasb.com.br\/loja\/produto\/massa-corrida-anacryl-25kg\/#breadcrumb","itemListElement":[{"@type":"ListItem","position":1,"name":"In\u00edcio","item":"https:\/\/construfortasb.com.br\/loja\/"},{"@type":"ListItem","position":2,"name":"Loja Virtual","item":"https:\/\/construfortasb.com.br\/loja\/loja\/"},{"@type":"ListItem","position":3,"name":"Massa Corrida Anacryl 25Kg"}]},{"@type":"WebSite","@id":"https:\/\/construfortasb.com.br\/loja\/#website","url":"https:\/\/construfortasb.com.br\/loja\/","name":"Construfort Materiais de Constru\u00e7\u00e3o","description":"Sua melhor op\u00e7\u00e3o em materiais de constru\u00e7\u00e3o","potentialAction":[{"@type":"SearchAction","target":{"@type":"EntryPoint","urlTemplate":"https:\/\/construfortasb.com.br\/loja\/?s={search_term_string}"},"query-input":"required name=search_term_string"}],"inLanguage":"pt-BR"}]}},"_links":{"self":[{"href":"https:\/\/construfortasb.com.br\/loja\/wp-json\/wp\/v2\/product\/2921"}],"collection":[{"href":"https:\/\/construfortasb.com.br\/loja\/wp-json\/wp\/v2\/product"}],"about":[{"href":"https:\/\/construfortasb.com.br\/loja\/wp-json\/wp\/v2\/types\/product"}],"replies":[{"embeddable":true,"href":"https:\/\/construfortasb.com.br\/loja\/wp-json\/wp\/v2\/comments?post=2921"}],"wp:featuredmedia":[{"embeddable":true,"href":"https:\/\/construfortasb.com.br\/loja\/wp-json\/wp\/v2\/media\/2922"}],"wp:attachment":[{"href":"https:\/\/construfortasb.com.br\/loja\/wp-json\/wp\/v2\/media?parent=2921"}],"wp:term":[{"taxonomy":"product_cat","embeddable":true,"href":"https:\/\/construfortasb.com.br\/loja\/wp-json\/wp\/v2\/product_cat?post=2921"},{"taxonomy":"product_tag","embeddable":true,"href":"https:\/\/construfortasb.com.br\/loja\/wp-json\/wp\/v2\/product_tag?post=2921"}],"curies":[{"name":"wp","href":"https:\/\/api.w.org\/{rel}","templated":true}]}}