{"id":2923,"date":"2021-03-31T16:19:26","date_gmt":"2021-03-31T19:19:26","guid":{"rendered":"https:\/\/construfortasb.com.br\/loja\/?post_type=product&#038;p=2923"},"modified":"2021-05-18T12:45:12","modified_gmt":"2021-05-18T15:45:12","slug":"espuma-expansiva-poliuretano-490gr-vedacit","status":"publish","type":"product","link":"https:\/\/construfortasb.com.br\/loja\/produto\/espuma-expansiva-poliuretano-490gr-vedacit\/","title":{"rendered":"Espuma Expansiva Poliuretano 490gr Vedacit"},"content":{"rendered":"<p>Apar\u00eancia: Amarelado Composi\u00e7\u00e3o B\u00e1sica: G\u00e1s propelente butano-propano., Isocianatos., Poli\u00f3is. Validade: 18 meses<\/p>\n","protected":false},"excerpt":{"rendered":"<table>\n<tbody>\n<tr class=\"m-description__content-open js--desc-content\">\n<td>Material<\/td>\n<td>Espuma<\/td>\n<\/tr>\n<tr class=\"m-description__content-open js--desc-content\">\n<td>Cor<\/td>\n<td>Amarelado<\/td>\n<\/tr>\n<tr class=\"m-description__content-open js--desc-content\">\n<td>Embalagem<\/td>\n<td>Caixa<\/td>\n<\/tr>\n<\/tbody>\n<\/table>\n<h4>Dimens\u00f5es<\/h4>\n<table>\n<tbody>\n<tr class=\"m-description__content-open js--desc-content\">\n<td>Altura<\/td>\n<td>29cm<\/td>\n<\/tr>\n<tr class=\"m-description__content-open js--desc-content\">\n<td>Comprimento<\/td>\n<td>33.2cm<\/td>\n<\/tr>\n<tr class=\"m-description__content-open js--desc-content\">\n<td>Largura<\/td>\n<td>22.3cm<\/td>\n<\/tr>\n<tr class=\"m-description__content-open js--desc-content\">\n<td>Peso<\/td>\n<td>2940g<\/td>\n<\/tr>\n<\/tbody>\n<\/table>\n","protected":false},"featured_media":2924,"comment_status":"open","ping_status":"closed","template":"","meta":{"inline_featured_image":false},"product_cat":[159],"product_tag":[175,185,184],"yoast_head":"<!-- This site is optimized with the Yoast SEO plugin v19.13 - https:\/\/yoast.com\/wordpress\/plugins\/seo\/ -->\n<title>Espuma Expansiva Poliuretano 490gr Vedacit - Construfort Materiais de Constru\u00e7\u00e3o<\/title>\n<meta name=\"robots\" content=\"index, follow, max-snippet:-1, max-image-preview:large, max-video-preview:-1\" \/>\n<link rel=\"canonical\" href=\"https:\/\/construfortasb.com.br\/loja\/produto\/espuma-expansiva-poliuretano-490gr-vedacit\/\" \/>\n<meta property=\"og:locale\" content=\"pt_BR\" \/>\n<meta property=\"og:type\" content=\"article\" \/>\n<meta property=\"og:title\" content=\"Espuma Expansiva Poliuretano 490gr Vedacit - Construfort Materiais de Constru\u00e7\u00e3o\" \/>\n<meta property=\"og:description\" content=\"Material Espuma   Cor Amarelado   Embalagem Caixa    Dimens\u00f5es    Altura 29cm   Comprimento 33.2cm   Largura 22.3cm   Peso 2940g\" \/>\n<meta property=\"og:url\" content=\"https:\/\/construfortasb.com.br\/loja\/produto\/espuma-expansiva-poliuretano-490gr-vedacit\/\" \/>\n<meta property=\"og:site_name\" content=\"Construfort Materiais de Constru\u00e7\u00e3o\" \/>\n<meta property=\"article:modified_time\" content=\"2021-05-18T15:45:12+00:00\" \/>\n<meta property=\"og:image\" content=\"https:\/\/construfortasb.com.br\/loja\/wp-content\/uploads\/2021\/03\/espuma-expansiva.jpg\" \/>\n\t<meta property=\"og:image:width\" content=\"600\" \/>\n\t<meta property=\"og:image:height\" content=\"600\" \/>\n\t<meta property=\"og:image:type\" content=\"image\/jpeg\" \/>\n<meta name=\"twitter:card\" content=\"summary_large_image\" \/>\n<meta name=\"twitter:label1\" content=\"Est. tempo de leitura\" \/>\n\t<meta name=\"twitter:data1\" content=\"1 minuto\" \/>\n<script type=\"application\/ld+json\" class=\"yoast-schema-graph\">{\"@context\":\"https:\/\/schema.org\",\"@graph\":[{\"@type\":\"WebPage\",\"@id\":\"https:\/\/construfortasb.com.br\/loja\/produto\/espuma-expansiva-poliuretano-490gr-vedacit\/\",\"url\":\"https:\/\/construfortasb.com.br\/loja\/produto\/espuma-expansiva-poliuretano-490gr-vedacit\/\",\"name\":\"Espuma Expansiva Poliuretano 490gr Vedacit - Construfort Materiais de Constru\u00e7\u00e3o\",\"isPartOf\":{\"@id\":\"https:\/\/construfortasb.com.br\/loja\/#website\"},\"datePublished\":\"2021-03-31T19:19:26+00:00\",\"dateModified\":\"2021-05-18T15:45:12+00:00\",\"breadcrumb\":{\"@id\":\"https:\/\/construfortasb.com.br\/loja\/produto\/espuma-expansiva-poliuretano-490gr-vedacit\/#breadcrumb\"},\"inLanguage\":\"pt-BR\",\"potentialAction\":[{\"@type\":\"ReadAction\",\"target\":[\"https:\/\/construfortasb.com.br\/loja\/produto\/espuma-expansiva-poliuretano-490gr-vedacit\/\"]}]},{\"@type\":\"BreadcrumbList\",\"@id\":\"https:\/\/construfortasb.com.br\/loja\/produto\/espuma-expansiva-poliuretano-490gr-vedacit\/#breadcrumb\",\"itemListElement\":[{\"@type\":\"ListItem\",\"position\":1,\"name\":\"In\u00edcio\",\"item\":\"https:\/\/construfortasb.com.br\/loja\/\"},{\"@type\":\"ListItem\",\"position\":2,\"name\":\"Loja Virtual\",\"item\":\"https:\/\/construfortasb.com.br\/loja\/loja\/\"},{\"@type\":\"ListItem\",\"position\":3,\"name\":\"Espuma Expansiva Poliuretano 490gr Vedacit\"}]},{\"@type\":\"WebSite\",\"@id\":\"https:\/\/construfortasb.com.br\/loja\/#website\",\"url\":\"https:\/\/construfortasb.com.br\/loja\/\",\"name\":\"Construfort Materiais de Constru\u00e7\u00e3o\",\"description\":\"Sua melhor op\u00e7\u00e3o em materiais de constru\u00e7\u00e3o\",\"potentialAction\":[{\"@type\":\"SearchAction\",\"target\":{\"@type\":\"EntryPoint\",\"urlTemplate\":\"https:\/\/construfortasb.com.br\/loja\/?s={search_term_string}\"},\"query-input\":\"required name=search_term_string\"}],\"inLanguage\":\"pt-BR\"}]}<\/script>\n<!-- \/ Yoast SEO plugin. -->","yoast_head_json":{"title":"Espuma Expansiva Poliuretano 490gr Vedacit - Construfort Materiais de Constru\u00e7\u00e3o","robots":{"index":"index","follow":"follow","max-snippet":"max-snippet:-1","max-image-preview":"max-image-preview:large","max-video-preview":"max-video-preview:-1"},"canonical":"https:\/\/construfortasb.com.br\/loja\/produto\/espuma-expansiva-poliuretano-490gr-vedacit\/","og_locale":"pt_BR","og_type":"article","og_title":"Espuma Expansiva Poliuretano 490gr Vedacit - Construfort Materiais de Constru\u00e7\u00e3o","og_description":"Material Espuma   Cor Amarelado   Embalagem Caixa    Dimens\u00f5es    Altura 29cm   Comprimento 33.2cm   Largura 22.3cm   Peso 2940g","og_url":"https:\/\/construfortasb.com.br\/loja\/produto\/espuma-expansiva-poliuretano-490gr-vedacit\/","og_site_name":"Construfort Materiais de Constru\u00e7\u00e3o","article_modified_time":"2021-05-18T15:45:12+00:00","og_image":[{"width":600,"height":600,"url":"https:\/\/construfortasb.com.br\/loja\/wp-content\/uploads\/2021\/03\/espuma-expansiva.jpg","type":"image\/jpeg"}],"twitter_card":"summary_large_image","twitter_misc":{"Est. tempo de leitura":"1 minuto"},"schema":{"@context":"https:\/\/schema.org","@graph":[{"@type":"WebPage","@id":"https:\/\/construfortasb.com.br\/loja\/produto\/espuma-expansiva-poliuretano-490gr-vedacit\/","url":"https:\/\/construfortasb.com.br\/loja\/produto\/espuma-expansiva-poliuretano-490gr-vedacit\/","name":"Espuma Expansiva Poliuretano 490gr Vedacit - Construfort Materiais de Constru\u00e7\u00e3o","isPartOf":{"@id":"https:\/\/construfortasb.com.br\/loja\/#website"},"datePublished":"2021-03-31T19:19:26+00:00","dateModified":"2021-05-18T15:45:12+00:00","breadcrumb":{"@id":"https:\/\/construfortasb.com.br\/loja\/produto\/espuma-expansiva-poliuretano-490gr-vedacit\/#breadcrumb"},"inLanguage":"pt-BR","potentialAction":[{"@type":"ReadAction","target":["https:\/\/construfortasb.com.br\/loja\/produto\/espuma-expansiva-poliuretano-490gr-vedacit\/"]}]},{"@type":"BreadcrumbList","@id":"https:\/\/construfortasb.com.br\/loja\/produto\/espuma-expansiva-poliuretano-490gr-vedacit\/#breadcrumb","itemListElement":[{"@type":"ListItem","position":1,"name":"In\u00edcio","item":"https:\/\/construfortasb.com.br\/loja\/"},{"@type":"ListItem","position":2,"name":"Loja Virtual","item":"https:\/\/construfortasb.com.br\/loja\/loja\/"},{"@type":"ListItem","position":3,"name":"Espuma Expansiva Poliuretano 490gr Vedacit"}]},{"@type":"WebSite","@id":"https:\/\/construfortasb.com.br\/loja\/#website","url":"https:\/\/construfortasb.com.br\/loja\/","name":"Construfort Materiais de Constru\u00e7\u00e3o","description":"Sua melhor op\u00e7\u00e3o em materiais de constru\u00e7\u00e3o","potentialAction":[{"@type":"SearchAction","target":{"@type":"EntryPoint","urlTemplate":"https:\/\/construfortasb.com.br\/loja\/?s={search_term_string}"},"query-input":"required name=search_term_string"}],"inLanguage":"pt-BR"}]}},"_links":{"self":[{"href":"https:\/\/construfortasb.com.br\/loja\/wp-json\/wp\/v2\/product\/2923"}],"collection":[{"href":"https:\/\/construfortasb.com.br\/loja\/wp-json\/wp\/v2\/product"}],"about":[{"href":"https:\/\/construfortasb.com.br\/loja\/wp-json\/wp\/v2\/types\/product"}],"replies":[{"embeddable":true,"href":"https:\/\/construfortasb.com.br\/loja\/wp-json\/wp\/v2\/comments?post=2923"}],"wp:featuredmedia":[{"embeddable":true,"href":"https:\/\/construfortasb.com.br\/loja\/wp-json\/wp\/v2\/media\/2924"}],"wp:attachment":[{"href":"https:\/\/construfortasb.com.br\/loja\/wp-json\/wp\/v2\/media?parent=2923"}],"wp:term":[{"taxonomy":"product_cat","embeddable":true,"href":"https:\/\/construfortasb.com.br\/loja\/wp-json\/wp\/v2\/product_cat?post=2923"},{"taxonomy":"product_tag","embeddable":true,"href":"https:\/\/construfortasb.com.br\/loja\/wp-json\/wp\/v2\/product_tag?post=2923"}],"curies":[{"name":"wp","href":"https:\/\/api.w.org\/{rel}","templated":true}]}}