{"id":2925,"date":"2021-03-31T16:29:12","date_gmt":"2021-03-31T19:29:12","guid":{"rendered":"https:\/\/construfortasb.com.br\/loja\/?post_type=product&#038;p=2925"},"modified":"2021-03-31T16:29:12","modified_gmt":"2021-03-31T19:29:12","slug":"impermeabilizante-tecplus-top-18kg","status":"publish","type":"product","link":"https:\/\/construfortasb.com.br\/loja\/produto\/impermeabilizante-tecplus-top-18kg\/","title":{"rendered":"Impermeabilizante Tecplus Top 18kg"},"content":{"rendered":"<p>O Impermeabilizante Tecplus Top Cinza 18kg da Quartzolit \u00e9 ideal para \u00e1reas \u00famidas, que recebem \u00e1gua em abund\u00e2ncia. Produto tamb\u00e9m \u00e9 indicado para reservat\u00f3rios enterrados, funda\u00e7\u00f5es e rodap\u00e9s. Produto bloqueia a umidade proveniente do solo, \u00e9 resistente \u00e0 press\u00e3o e \u00e0 contrapress\u00e3o d&#8217;\u00e1gua, al\u00e9m\u00a0 de n\u00e3o alterar a potabilidade da \u00e1gua.<\/p>\n","protected":false},"excerpt":{"rendered":"<h3>Ficha T\u00e9cnica<\/h3>\n<div class=\"tech-specs\">\n<table class=\"table table-striped\">\n<tbody>\n<tr>\n<td>N\u00famero de dem\u00e3os:<\/td>\n<td>De duas a quatro dem\u00e3os.<\/td>\n<\/tr>\n<tr>\n<td>Secagem entre dem\u00e3os:<\/td>\n<td>Entre dem\u00e3os de 1 a 3 horas; Final 72 horas<\/td>\n<\/tr>\n<tr>\n<td>Largura (cm):<\/td>\n<td>30<\/td>\n<\/tr>\n<tr>\n<td>Peso (kg):<\/td>\n<td>18<\/td>\n<\/tr>\n<\/tbody>\n<\/table>\n<\/div>\n","protected":false},"featured_media":2926,"comment_status":"open","ping_status":"closed","template":"","meta":{"inline_featured_image":false},"product_cat":[159],"product_tag":[],"yoast_head":"<!-- This site is optimized with the Yoast SEO plugin v19.13 - https:\/\/yoast.com\/wordpress\/plugins\/seo\/ -->\n<title>Impermeabilizante Tecplus Top 18kg - Construfort Materiais de Constru\u00e7\u00e3o<\/title>\n<meta name=\"robots\" content=\"index, follow, max-snippet:-1, max-image-preview:large, max-video-preview:-1\" \/>\n<link rel=\"canonical\" href=\"https:\/\/construfortasb.com.br\/loja\/produto\/impermeabilizante-tecplus-top-18kg\/\" \/>\n<meta property=\"og:locale\" content=\"pt_BR\" \/>\n<meta property=\"og:type\" content=\"article\" \/>\n<meta property=\"og:title\" content=\"Impermeabilizante Tecplus Top 18kg - Construfort Materiais de Constru\u00e7\u00e3o\" \/>\n<meta property=\"og:description\" content=\"Ficha T\u00e9cnica     N\u00famero de dem\u00e3os: De duas a quatro dem\u00e3os.   Secagem entre dem\u00e3os: Entre dem\u00e3os de 1 a 3 horas; Final 72 horas   Largura (cm): 30   Peso (kg): 18\" \/>\n<meta property=\"og:url\" content=\"https:\/\/construfortasb.com.br\/loja\/produto\/impermeabilizante-tecplus-top-18kg\/\" \/>\n<meta property=\"og:site_name\" content=\"Construfort Materiais de Constru\u00e7\u00e3o\" \/>\n<meta property=\"og:image\" content=\"https:\/\/construfortasb.com.br\/loja\/wp-content\/uploads\/2021\/03\/Impermeabilizante-Tecplus-Top-Cinza-18kg.jpg\" \/>\n\t<meta property=\"og:image:width\" content=\"500\" \/>\n\t<meta property=\"og:image:height\" content=\"500\" \/>\n\t<meta property=\"og:image:type\" content=\"image\/jpeg\" \/>\n<meta name=\"twitter:card\" content=\"summary_large_image\" \/>\n<meta name=\"twitter:label1\" content=\"Est. tempo de leitura\" \/>\n\t<meta name=\"twitter:data1\" content=\"1 minuto\" \/>\n<script type=\"application\/ld+json\" class=\"yoast-schema-graph\">{\"@context\":\"https:\/\/schema.org\",\"@graph\":[{\"@type\":\"WebPage\",\"@id\":\"https:\/\/construfortasb.com.br\/loja\/produto\/impermeabilizante-tecplus-top-18kg\/\",\"url\":\"https:\/\/construfortasb.com.br\/loja\/produto\/impermeabilizante-tecplus-top-18kg\/\",\"name\":\"Impermeabilizante Tecplus Top 18kg - Construfort Materiais de Constru\u00e7\u00e3o\",\"isPartOf\":{\"@id\":\"https:\/\/construfortasb.com.br\/loja\/#website\"},\"datePublished\":\"2021-03-31T19:29:12+00:00\",\"dateModified\":\"2021-03-31T19:29:12+00:00\",\"breadcrumb\":{\"@id\":\"https:\/\/construfortasb.com.br\/loja\/produto\/impermeabilizante-tecplus-top-18kg\/#breadcrumb\"},\"inLanguage\":\"pt-BR\",\"potentialAction\":[{\"@type\":\"ReadAction\",\"target\":[\"https:\/\/construfortasb.com.br\/loja\/produto\/impermeabilizante-tecplus-top-18kg\/\"]}]},{\"@type\":\"BreadcrumbList\",\"@id\":\"https:\/\/construfortasb.com.br\/loja\/produto\/impermeabilizante-tecplus-top-18kg\/#breadcrumb\",\"itemListElement\":[{\"@type\":\"ListItem\",\"position\":1,\"name\":\"In\u00edcio\",\"item\":\"https:\/\/construfortasb.com.br\/loja\/\"},{\"@type\":\"ListItem\",\"position\":2,\"name\":\"Loja Virtual\",\"item\":\"https:\/\/construfortasb.com.br\/loja\/loja\/\"},{\"@type\":\"ListItem\",\"position\":3,\"name\":\"Impermeabilizante Tecplus Top 18kg\"}]},{\"@type\":\"WebSite\",\"@id\":\"https:\/\/construfortasb.com.br\/loja\/#website\",\"url\":\"https:\/\/construfortasb.com.br\/loja\/\",\"name\":\"Construfort Materiais de Constru\u00e7\u00e3o\",\"description\":\"Sua melhor op\u00e7\u00e3o em materiais de constru\u00e7\u00e3o\",\"potentialAction\":[{\"@type\":\"SearchAction\",\"target\":{\"@type\":\"EntryPoint\",\"urlTemplate\":\"https:\/\/construfortasb.com.br\/loja\/?s={search_term_string}\"},\"query-input\":\"required name=search_term_string\"}],\"inLanguage\":\"pt-BR\"}]}<\/script>\n<!-- \/ Yoast SEO plugin. -->","yoast_head_json":{"title":"Impermeabilizante Tecplus Top 18kg - Construfort Materiais de Constru\u00e7\u00e3o","robots":{"index":"index","follow":"follow","max-snippet":"max-snippet:-1","max-image-preview":"max-image-preview:large","max-video-preview":"max-video-preview:-1"},"canonical":"https:\/\/construfortasb.com.br\/loja\/produto\/impermeabilizante-tecplus-top-18kg\/","og_locale":"pt_BR","og_type":"article","og_title":"Impermeabilizante Tecplus Top 18kg - Construfort Materiais de Constru\u00e7\u00e3o","og_description":"Ficha T\u00e9cnica     N\u00famero de dem\u00e3os: De duas a quatro dem\u00e3os.   Secagem entre dem\u00e3os: Entre dem\u00e3os de 1 a 3 horas; Final 72 horas   Largura (cm): 30   Peso (kg): 18","og_url":"https:\/\/construfortasb.com.br\/loja\/produto\/impermeabilizante-tecplus-top-18kg\/","og_site_name":"Construfort Materiais de Constru\u00e7\u00e3o","og_image":[{"width":500,"height":500,"url":"https:\/\/construfortasb.com.br\/loja\/wp-content\/uploads\/2021\/03\/Impermeabilizante-Tecplus-Top-Cinza-18kg.jpg","type":"image\/jpeg"}],"twitter_card":"summary_large_image","twitter_misc":{"Est. tempo de leitura":"1 minuto"},"schema":{"@context":"https:\/\/schema.org","@graph":[{"@type":"WebPage","@id":"https:\/\/construfortasb.com.br\/loja\/produto\/impermeabilizante-tecplus-top-18kg\/","url":"https:\/\/construfortasb.com.br\/loja\/produto\/impermeabilizante-tecplus-top-18kg\/","name":"Impermeabilizante Tecplus Top 18kg - Construfort Materiais de Constru\u00e7\u00e3o","isPartOf":{"@id":"https:\/\/construfortasb.com.br\/loja\/#website"},"datePublished":"2021-03-31T19:29:12+00:00","dateModified":"2021-03-31T19:29:12+00:00","breadcrumb":{"@id":"https:\/\/construfortasb.com.br\/loja\/produto\/impermeabilizante-tecplus-top-18kg\/#breadcrumb"},"inLanguage":"pt-BR","potentialAction":[{"@type":"ReadAction","target":["https:\/\/construfortasb.com.br\/loja\/produto\/impermeabilizante-tecplus-top-18kg\/"]}]},{"@type":"BreadcrumbList","@id":"https:\/\/construfortasb.com.br\/loja\/produto\/impermeabilizante-tecplus-top-18kg\/#breadcrumb","itemListElement":[{"@type":"ListItem","position":1,"name":"In\u00edcio","item":"https:\/\/construfortasb.com.br\/loja\/"},{"@type":"ListItem","position":2,"name":"Loja Virtual","item":"https:\/\/construfortasb.com.br\/loja\/loja\/"},{"@type":"ListItem","position":3,"name":"Impermeabilizante Tecplus Top 18kg"}]},{"@type":"WebSite","@id":"https:\/\/construfortasb.com.br\/loja\/#website","url":"https:\/\/construfortasb.com.br\/loja\/","name":"Construfort Materiais de Constru\u00e7\u00e3o","description":"Sua melhor op\u00e7\u00e3o em materiais de constru\u00e7\u00e3o","potentialAction":[{"@type":"SearchAction","target":{"@type":"EntryPoint","urlTemplate":"https:\/\/construfortasb.com.br\/loja\/?s={search_term_string}"},"query-input":"required name=search_term_string"}],"inLanguage":"pt-BR"}]}},"_links":{"self":[{"href":"https:\/\/construfortasb.com.br\/loja\/wp-json\/wp\/v2\/product\/2925"}],"collection":[{"href":"https:\/\/construfortasb.com.br\/loja\/wp-json\/wp\/v2\/product"}],"about":[{"href":"https:\/\/construfortasb.com.br\/loja\/wp-json\/wp\/v2\/types\/product"}],"replies":[{"embeddable":true,"href":"https:\/\/construfortasb.com.br\/loja\/wp-json\/wp\/v2\/comments?post=2925"}],"wp:featuredmedia":[{"embeddable":true,"href":"https:\/\/construfortasb.com.br\/loja\/wp-json\/wp\/v2\/media\/2926"}],"wp:attachment":[{"href":"https:\/\/construfortasb.com.br\/loja\/wp-json\/wp\/v2\/media?parent=2925"}],"wp:term":[{"taxonomy":"product_cat","embeddable":true,"href":"https:\/\/construfortasb.com.br\/loja\/wp-json\/wp\/v2\/product_cat?post=2925"},{"taxonomy":"product_tag","embeddable":true,"href":"https:\/\/construfortasb.com.br\/loja\/wp-json\/wp\/v2\/product_tag?post=2925"}],"curies":[{"name":"wp","href":"https:\/\/api.w.org\/{rel}","templated":true}]}}