{"id":2931,"date":"2021-03-31T16:54:22","date_gmt":"2021-03-31T19:54:22","guid":{"rendered":"https:\/\/construfortasb.com.br\/loja\/?post_type=product&#038;p=2931"},"modified":"2021-03-31T16:54:23","modified_gmt":"2021-03-31T19:54:23","slug":"tinta-acrilica-branca-18-litros-anacryl","status":"publish","type":"product","link":"https:\/\/construfortasb.com.br\/loja\/produto\/tinta-acrilica-branca-18-litros-anacryl\/","title":{"rendered":"Tinta acr\u00edlica branca 18 litros Anacryl"},"content":{"rendered":"<p>A Tinta Anacryl Toque Suave, \u00e9 um l\u00e1tex acr\u00edlico com acabamento acetinado, \u00e9 indicado para superf\u00edcies internas e externas. Pode ser aplicada em alvenarias, massas corrida e acr\u00edlica, texturas e gesso. \u00c9 um produto que oferece \u00f3timo rendimento, tem alto poder de cobertura e resistente \u00e0s intemp\u00e9ries. Com seu brilho suave, proporciona facilidade de limpeza e sofistica\u00e7\u00e3o com seu fino acabamento.<\/p>\n","protected":false},"excerpt":{"rendered":"<div class=\"col-md-4 colum-item-s\">\n<div class=\"row item-single\"><strong>Aplica\u00e7\u00e3o:<\/strong><br \/>\nTetos e Paredes<\/div>\n<div class=\"row item-single\"><strong><i class=\"fa fa-angle-right\"><\/i>\u00a0Dilui\u00e7\u00e3o:<\/strong><br \/>\n&#8211; M\u00e9todo Pincel\/Rolo<br \/>\nDe 20% a 30% &#8211; diluir 5 partes de tinta para 1 a 1,5 partes de \u00e1gua pot\u00e1vel<br \/>\n&#8211; M\u00e9todo Pistola<br \/>\n30% &#8211; diluir 5 partes de tinta para 1,5 partes de \u00e1gua pot\u00e1vel<\/div>\n<div class=\"row item-single\"><strong><i class=\"fa fa-angle-right\"><\/i>\u00a0Rendimento:<\/strong><br \/>\n&#8211; Gal\u00e3o: 35 a 55 m\u00b2\/dem\u00e3o<br \/>\n&#8211; Lata: 175 a 275 m\u00b2\/dem\u00e3o<\/div>\n<\/div>\n<div class=\"col-md-4 colum-item-s\">\n<div class=\"row item-single\"><strong><i class=\"fa fa-angle-right\"><\/i>\u00a0Dem\u00e3os:<\/strong><br \/>\nDe 2 a 3, dependendo da cor escolhida, cor de fundo, tipo e estado da superf\u00edcie.<\/div>\n<div class=\"row item-single\"><strong><i class=\"fa fa-angle-right\"><\/i>\u00a0Acabamento:<\/strong><br \/>\nAcetinado<\/div>\n<div class=\"row item-single\"><strong><i class=\"fa fa-angle-right\"><\/i>\u00a0Secagem:<\/strong><br \/>\n&#8211; Ao toque: 2 horas<br \/>\n&#8211; Entre dem\u00e3os: 4 horas<br \/>\n&#8211; Final: horas<\/div>\n<div class=\"row item-single\"><strong>Ferramentas:<\/strong><br \/>\nPincel, Rolo de L\u00e3, Trincha ou Pistola. Limpe as ferramentas com \u00e1gua e sab\u00e3o.<\/div>\n<\/div>\n<div class=\"col-md-4 colum-item-s\">\n<div class=\"row item-single\"><strong><i class=\"fa fa-angle-right\"><\/i>\u00a0Prepara\u00e7\u00e3o da Superf\u00edcie:<\/strong><br \/>\nSuperf\u00edcies de gesso, concreto e blocos de cimento: Lixar e eliminar o p\u00f3 com pano umedecido com \u00e1gua. Aplicar previamente Fundo Preparador de Paredes Anacryl.<\/p>\n<p>Reboco novo: Aguardar a cura e secagem por no m\u00ednimo 30 dias, lixar e eliminar completamente o p\u00f3. Aplicar Selador Acr\u00edlico Anacryl.<\/p>\n<p>Reboco fraco, caia\u00e7\u00e3o e partes soltas: Lixar e eliminar completamente o p\u00f3 e partes soltas. Aplicar Fundo Preparador de Paredes Anacryl.<\/p>\n<p>Imperfei\u00e7\u00f5es acentuadas na superf\u00edcie: Lixar e eliminar completamente o p\u00f3. Corrigir com Massa Corrida Anacryl ou Massa Acrilica Anacryl.<\/p>\n<p>Partes mofadas: Lavar com solu\u00e7\u00e3o de \u00e1gua e \u00e1gua sanit\u00e1ria em partes iguais, esperar 6 horas e enxaguar bem. Aguardar a secagem.<\/p>\n<p>Superf\u00edcies com brilho: Lixar e eliminar o p\u00f3 e o brilho. Limpar com pano umidecido com \u00e1gua e aguardar a secagem.<\/p>\n<p>Superf\u00edcies com gordura ou graxa: Lavar com solu\u00e7\u00e3o de \u00e1gua e detergente neutro e enxaguar. Aguardar a secagem.<\/p>\n<p>Superf\u00edcies em bom estado: Lixar e eliminar o p\u00f3.<\/p>\n<p>Superf\u00edcies com umidade: Identificar a origem e tratar de maneira adequada.<\/p><\/div>\n<\/div>\n","protected":false},"featured_media":2932,"comment_status":"open","ping_status":"closed","template":"","meta":{"inline_featured_image":false},"product_cat":[161],"product_tag":[],"yoast_head":"<!-- This site is optimized with the Yoast SEO plugin v19.13 - https:\/\/yoast.com\/wordpress\/plugins\/seo\/ -->\n<title>Tinta acr\u00edlica branca 18 litros Anacryl - Construfort Materiais de Constru\u00e7\u00e3o<\/title>\n<meta name=\"robots\" content=\"index, follow, max-snippet:-1, max-image-preview:large, max-video-preview:-1\" \/>\n<link rel=\"canonical\" href=\"https:\/\/construfortasb.com.br\/loja\/produto\/tinta-acrilica-branca-18-litros-anacryl\/\" \/>\n<meta property=\"og:locale\" content=\"pt_BR\" \/>\n<meta property=\"og:type\" content=\"article\" \/>\n<meta property=\"og:title\" content=\"Tinta acr\u00edlica branca 18 litros Anacryl - Construfort Materiais de Constru\u00e7\u00e3o\" \/>\n<meta property=\"og:description\" content=\"Aplica\u00e7\u00e3o: Tetos e Paredes \u00a0Dilui\u00e7\u00e3o: - M\u00e9todo Pincel\/Rolo De 20% a 30% - diluir 5 partes de tinta para 1 a 1,5 partes de \u00e1gua pot\u00e1vel - M\u00e9todo Pistola 30% - diluir 5 partes de tinta para 1,5 partes de \u00e1gua pot\u00e1vel \u00a0Rendimento: - Gal\u00e3o: 35 a 55 m\u00b2\/dem\u00e3o - Lata: 175 a 275 m\u00b2\/dem\u00e3o   \u00a0Dem\u00e3os: De 2 a 3, dependendo da cor escolhida, cor de fundo, tipo e estado da superf\u00edcie. \u00a0Acabamento: Acetinado \u00a0Secagem: - Ao toque: 2 horas - Entre dem\u00e3os: 4 horas - Final: horas Ferramentas: Pincel, Rolo de L\u00e3, Trincha ou Pistola. Limpe as ferramentas com \u00e1gua e sab\u00e3o.   \u00a0Prepara\u00e7\u00e3o da Superf\u00edcie: Superf\u00edcies de gesso, concreto e blocos de cimento: Lixar e eliminar o p\u00f3 com pano umedecido com \u00e1gua. Aplicar previamente Fundo Preparador de Paredes Anacryl.  Reboco novo: Aguardar a cura e secagem por no m\u00ednimo 30 dias, lixar e eliminar completamente o p\u00f3. Aplicar Selador Acr\u00edlico Anacryl.  Reboco fraco, caia\u00e7\u00e3o e partes soltas: Lixar e eliminar completamente o p\u00f3 e partes soltas. Aplicar Fundo Preparador de Paredes Anacryl.  Imperfei\u00e7\u00f5es acentuadas na superf\u00edcie: Lixar e eliminar completamente o p\u00f3. Corrigir com Massa Corrida Anacryl ou Massa Acrilica Anacryl.  Partes mofadas: Lavar com solu\u00e7\u00e3o de \u00e1gua e \u00e1gua sanit\u00e1ria em partes iguais, esperar 6 horas e enxaguar bem. Aguardar a secagem.  Superf\u00edcies com brilho: Lixar e eliminar o p\u00f3 e o brilho. Limpar com pano umidecido com \u00e1gua e aguardar a secagem.  Superf\u00edcies com gordura ou graxa: Lavar com solu\u00e7\u00e3o de \u00e1gua e detergente neutro e enxaguar. Aguardar a secagem.  Superf\u00edcies em bom estado: Lixar e eliminar o p\u00f3.  Superf\u00edcies com umidade: Identificar a origem e tratar de maneira adequada.\" \/>\n<meta property=\"og:url\" content=\"https:\/\/construfortasb.com.br\/loja\/produto\/tinta-acrilica-branca-18-litros-anacryl\/\" \/>\n<meta property=\"og:site_name\" content=\"Construfort Materiais de Constru\u00e7\u00e3o\" \/>\n<meta property=\"article:modified_time\" content=\"2021-03-31T19:54:23+00:00\" \/>\n<meta property=\"og:image\" content=\"https:\/\/construfortasb.com.br\/loja\/wp-content\/uploads\/2021\/03\/anacryl-toque-suave.jpg\" \/>\n\t<meta property=\"og:image:width\" content=\"500\" \/>\n\t<meta property=\"og:image:height\" content=\"500\" \/>\n\t<meta property=\"og:image:type\" content=\"image\/jpeg\" \/>\n<meta name=\"twitter:card\" content=\"summary_large_image\" \/>\n<meta name=\"twitter:label1\" content=\"Est. tempo de leitura\" \/>\n\t<meta name=\"twitter:data1\" content=\"1 minuto\" \/>\n<script type=\"application\/ld+json\" class=\"yoast-schema-graph\">{\"@context\":\"https:\/\/schema.org\",\"@graph\":[{\"@type\":\"WebPage\",\"@id\":\"https:\/\/construfortasb.com.br\/loja\/produto\/tinta-acrilica-branca-18-litros-anacryl\/\",\"url\":\"https:\/\/construfortasb.com.br\/loja\/produto\/tinta-acrilica-branca-18-litros-anacryl\/\",\"name\":\"Tinta acr\u00edlica branca 18 litros Anacryl - Construfort Materiais de Constru\u00e7\u00e3o\",\"isPartOf\":{\"@id\":\"https:\/\/construfortasb.com.br\/loja\/#website\"},\"datePublished\":\"2021-03-31T19:54:22+00:00\",\"dateModified\":\"2021-03-31T19:54:23+00:00\",\"breadcrumb\":{\"@id\":\"https:\/\/construfortasb.com.br\/loja\/produto\/tinta-acrilica-branca-18-litros-anacryl\/#breadcrumb\"},\"inLanguage\":\"pt-BR\",\"potentialAction\":[{\"@type\":\"ReadAction\",\"target\":[\"https:\/\/construfortasb.com.br\/loja\/produto\/tinta-acrilica-branca-18-litros-anacryl\/\"]}]},{\"@type\":\"BreadcrumbList\",\"@id\":\"https:\/\/construfortasb.com.br\/loja\/produto\/tinta-acrilica-branca-18-litros-anacryl\/#breadcrumb\",\"itemListElement\":[{\"@type\":\"ListItem\",\"position\":1,\"name\":\"In\u00edcio\",\"item\":\"https:\/\/construfortasb.com.br\/loja\/\"},{\"@type\":\"ListItem\",\"position\":2,\"name\":\"Loja Virtual\",\"item\":\"https:\/\/construfortasb.com.br\/loja\/loja\/\"},{\"@type\":\"ListItem\",\"position\":3,\"name\":\"Tinta acr\u00edlica branca 18 litros Anacryl\"}]},{\"@type\":\"WebSite\",\"@id\":\"https:\/\/construfortasb.com.br\/loja\/#website\",\"url\":\"https:\/\/construfortasb.com.br\/loja\/\",\"name\":\"Construfort Materiais de Constru\u00e7\u00e3o\",\"description\":\"Sua melhor op\u00e7\u00e3o em materiais de constru\u00e7\u00e3o\",\"potentialAction\":[{\"@type\":\"SearchAction\",\"target\":{\"@type\":\"EntryPoint\",\"urlTemplate\":\"https:\/\/construfortasb.com.br\/loja\/?s={search_term_string}\"},\"query-input\":\"required name=search_term_string\"}],\"inLanguage\":\"pt-BR\"}]}<\/script>\n<!-- \/ Yoast SEO plugin. -->","yoast_head_json":{"title":"Tinta acr\u00edlica branca 18 litros Anacryl - Construfort Materiais de Constru\u00e7\u00e3o","robots":{"index":"index","follow":"follow","max-snippet":"max-snippet:-1","max-image-preview":"max-image-preview:large","max-video-preview":"max-video-preview:-1"},"canonical":"https:\/\/construfortasb.com.br\/loja\/produto\/tinta-acrilica-branca-18-litros-anacryl\/","og_locale":"pt_BR","og_type":"article","og_title":"Tinta acr\u00edlica branca 18 litros Anacryl - Construfort Materiais de Constru\u00e7\u00e3o","og_description":"Aplica\u00e7\u00e3o: Tetos e Paredes \u00a0Dilui\u00e7\u00e3o: - M\u00e9todo Pincel\/Rolo De 20% a 30% - diluir 5 partes de tinta para 1 a 1,5 partes de \u00e1gua pot\u00e1vel - M\u00e9todo Pistola 30% - diluir 5 partes de tinta para 1,5 partes de \u00e1gua pot\u00e1vel \u00a0Rendimento: - Gal\u00e3o: 35 a 55 m\u00b2\/dem\u00e3o - Lata: 175 a 275 m\u00b2\/dem\u00e3o   \u00a0Dem\u00e3os: De 2 a 3, dependendo da cor escolhida, cor de fundo, tipo e estado da superf\u00edcie. \u00a0Acabamento: Acetinado \u00a0Secagem: - Ao toque: 2 horas - Entre dem\u00e3os: 4 horas - Final: horas Ferramentas: Pincel, Rolo de L\u00e3, Trincha ou Pistola. Limpe as ferramentas com \u00e1gua e sab\u00e3o.   \u00a0Prepara\u00e7\u00e3o da Superf\u00edcie: Superf\u00edcies de gesso, concreto e blocos de cimento: Lixar e eliminar o p\u00f3 com pano umedecido com \u00e1gua. Aplicar previamente Fundo Preparador de Paredes Anacryl.  Reboco novo: Aguardar a cura e secagem por no m\u00ednimo 30 dias, lixar e eliminar completamente o p\u00f3. Aplicar Selador Acr\u00edlico Anacryl.  Reboco fraco, caia\u00e7\u00e3o e partes soltas: Lixar e eliminar completamente o p\u00f3 e partes soltas. Aplicar Fundo Preparador de Paredes Anacryl.  Imperfei\u00e7\u00f5es acentuadas na superf\u00edcie: Lixar e eliminar completamente o p\u00f3. Corrigir com Massa Corrida Anacryl ou Massa Acrilica Anacryl.  Partes mofadas: Lavar com solu\u00e7\u00e3o de \u00e1gua e \u00e1gua sanit\u00e1ria em partes iguais, esperar 6 horas e enxaguar bem. Aguardar a secagem.  Superf\u00edcies com brilho: Lixar e eliminar o p\u00f3 e o brilho. Limpar com pano umidecido com \u00e1gua e aguardar a secagem.  Superf\u00edcies com gordura ou graxa: Lavar com solu\u00e7\u00e3o de \u00e1gua e detergente neutro e enxaguar. Aguardar a secagem.  Superf\u00edcies em bom estado: Lixar e eliminar o p\u00f3.  Superf\u00edcies com umidade: Identificar a origem e tratar de maneira adequada.","og_url":"https:\/\/construfortasb.com.br\/loja\/produto\/tinta-acrilica-branca-18-litros-anacryl\/","og_site_name":"Construfort Materiais de Constru\u00e7\u00e3o","article_modified_time":"2021-03-31T19:54:23+00:00","og_image":[{"width":500,"height":500,"url":"https:\/\/construfortasb.com.br\/loja\/wp-content\/uploads\/2021\/03\/anacryl-toque-suave.jpg","type":"image\/jpeg"}],"twitter_card":"summary_large_image","twitter_misc":{"Est. tempo de leitura":"1 minuto"},"schema":{"@context":"https:\/\/schema.org","@graph":[{"@type":"WebPage","@id":"https:\/\/construfortasb.com.br\/loja\/produto\/tinta-acrilica-branca-18-litros-anacryl\/","url":"https:\/\/construfortasb.com.br\/loja\/produto\/tinta-acrilica-branca-18-litros-anacryl\/","name":"Tinta acr\u00edlica branca 18 litros Anacryl - Construfort Materiais de Constru\u00e7\u00e3o","isPartOf":{"@id":"https:\/\/construfortasb.com.br\/loja\/#website"},"datePublished":"2021-03-31T19:54:22+00:00","dateModified":"2021-03-31T19:54:23+00:00","breadcrumb":{"@id":"https:\/\/construfortasb.com.br\/loja\/produto\/tinta-acrilica-branca-18-litros-anacryl\/#breadcrumb"},"inLanguage":"pt-BR","potentialAction":[{"@type":"ReadAction","target":["https:\/\/construfortasb.com.br\/loja\/produto\/tinta-acrilica-branca-18-litros-anacryl\/"]}]},{"@type":"BreadcrumbList","@id":"https:\/\/construfortasb.com.br\/loja\/produto\/tinta-acrilica-branca-18-litros-anacryl\/#breadcrumb","itemListElement":[{"@type":"ListItem","position":1,"name":"In\u00edcio","item":"https:\/\/construfortasb.com.br\/loja\/"},{"@type":"ListItem","position":2,"name":"Loja Virtual","item":"https:\/\/construfortasb.com.br\/loja\/loja\/"},{"@type":"ListItem","position":3,"name":"Tinta acr\u00edlica branca 18 litros Anacryl"}]},{"@type":"WebSite","@id":"https:\/\/construfortasb.com.br\/loja\/#website","url":"https:\/\/construfortasb.com.br\/loja\/","name":"Construfort Materiais de Constru\u00e7\u00e3o","description":"Sua melhor op\u00e7\u00e3o em materiais de constru\u00e7\u00e3o","potentialAction":[{"@type":"SearchAction","target":{"@type":"EntryPoint","urlTemplate":"https:\/\/construfortasb.com.br\/loja\/?s={search_term_string}"},"query-input":"required name=search_term_string"}],"inLanguage":"pt-BR"}]}},"_links":{"self":[{"href":"https:\/\/construfortasb.com.br\/loja\/wp-json\/wp\/v2\/product\/2931"}],"collection":[{"href":"https:\/\/construfortasb.com.br\/loja\/wp-json\/wp\/v2\/product"}],"about":[{"href":"https:\/\/construfortasb.com.br\/loja\/wp-json\/wp\/v2\/types\/product"}],"replies":[{"embeddable":true,"href":"https:\/\/construfortasb.com.br\/loja\/wp-json\/wp\/v2\/comments?post=2931"}],"wp:featuredmedia":[{"embeddable":true,"href":"https:\/\/construfortasb.com.br\/loja\/wp-json\/wp\/v2\/media\/2932"}],"wp:attachment":[{"href":"https:\/\/construfortasb.com.br\/loja\/wp-json\/wp\/v2\/media?parent=2931"}],"wp:term":[{"taxonomy":"product_cat","embeddable":true,"href":"https:\/\/construfortasb.com.br\/loja\/wp-json\/wp\/v2\/product_cat?post=2931"},{"taxonomy":"product_tag","embeddable":true,"href":"https:\/\/construfortasb.com.br\/loja\/wp-json\/wp\/v2\/product_tag?post=2931"}],"curies":[{"name":"wp","href":"https:\/\/api.w.org\/{rel}","templated":true}]}}