{"id":2933,"date":"2021-03-31T16:57:53","date_gmt":"2021-03-31T19:57:53","guid":{"rendered":"https:\/\/construfortasb.com.br\/loja\/?post_type=product&#038;p=2933"},"modified":"2021-06-07T21:50:16","modified_gmt":"2021-06-08T00:50:16","slug":"tinta-piso-cor-concreto-36-litros-anacryl","status":"publish","type":"product","link":"https:\/\/construfortasb.com.br\/loja\/produto\/tinta-piso-cor-concreto-36-litros-anacryl\/","title":{"rendered":"Tinta piso cor concreto 3,6 litros Anacryl"},"content":{"rendered":"<p>A Tinta Piso Anacryl \u00e9 indicada para demarca\u00e7\u00e3o de estacionamentos, pisos de cimento, escadas, \u00e1reas de lazer, garagens e quadras poliesportivas, em superf\u00edcies internas e externas. A Tinta Piso Anacryl possui acabamento fosco, com excelente poder de cobertura, alta resist\u00eancia ao tr\u00e1fego e durabilidade.<\/p>\n<p><strong>Prepara\u00e7\u00e3o da Superf\u00edcie:<\/strong><br \/>\nPiso novo: Aguardar a cura e secagem por no m\u00ednimo 30 dias. Piso fraco: Aplicar uma dem\u00e3o de Fundo Preparador de Paredes Anacryl.<\/p>\n<p>Partes mofadas: Lavar com solu\u00e7\u00e3o de \u00e1gua e \u00e1gua sanit\u00e1ria em partes iguais, esperar 6 horas e enxaguar bem. Aguardar a secagem.<\/p>\n<p>Superf\u00edcies com brilho: Lixar e eliminar o p\u00f3 e o brilho. Limpar com pano umedecido com \u00e1gua e aguardar a secagem.<\/p>\n<p>Superf\u00edcies com gordura ou graxa: Lavar com solu\u00e7\u00e3o de \u00e1gua e detergente neutro e enxaguar. Aguardar a secagem.<\/p>\n<p>Superf\u00edcies em bom estado: Lixar e eliminar o p\u00f3.<\/p>\n<p>Superf\u00edcies com umidade: Identificar a origem e tratar de maneira adequada.<\/p>\n<p><img decoding=\"async\" loading=\"lazy\" class=\"alignleft wp-image-2934\" src=\"https:\/\/construfortasb.com.br\/loja\/wp-content\/uploads\/2021\/03\/anacryl-piso.jpg\" alt=\"\" width=\"224\" height=\"224\" srcset=\"https:\/\/construfortasb.com.br\/loja\/wp-content\/uploads\/2021\/03\/anacryl-piso.jpg 500w, https:\/\/construfortasb.com.br\/loja\/wp-content\/uploads\/2021\/03\/anacryl-piso-300x300.jpg 300w, https:\/\/construfortasb.com.br\/loja\/wp-content\/uploads\/2021\/03\/anacryl-piso-150x150.jpg 150w, https:\/\/construfortasb.com.br\/loja\/wp-content\/uploads\/2021\/03\/anacryl-piso-100x100.jpg 100w, https:\/\/construfortasb.com.br\/loja\/wp-content\/uploads\/2021\/03\/anacryl-piso-450x450.jpg 450w, https:\/\/construfortasb.com.br\/loja\/wp-content\/uploads\/2021\/03\/anacryl-piso-96x96.jpg 96w, https:\/\/construfortasb.com.br\/loja\/wp-content\/uploads\/2021\/03\/anacryl-piso-460x460.jpg 460w\" sizes=\"(max-width: 224px) 100vw, 224px\" \/><\/p>\n","protected":false},"excerpt":{"rendered":"<div class=\"col-md-4 colum-item-s\">\n<div class=\"row item-single\"><strong>Aplica\u00e7\u00e3o:<\/strong><br \/>\nPisos<\/div>\n<div class=\"row item-single\"><strong><i class=\"fa fa-angle-right\"><\/i>\u00a0Dilui\u00e7\u00e3o:<\/strong><br \/>\nDilui\u00e7\u00e3o: 30% &#8211; diluir 5 partes de tinta para 1,5 partes de \u00e1gua pot\u00e1vel<\/div>\n<div class=\"row item-single\"><strong><i class=\"fa fa-angle-right\"><\/i>\u00a0Rendimento:<\/strong><br \/>\n&#8211; Gal\u00e3o: 30 a 35 m\u00b2\/dem\u00e3o<br \/>\n&#8211; Lata: 140 a 175 m\u00b2\/dem\u00e3o<\/div>\n<\/div>\n<div class=\"col-md-4 colum-item-s\">\n<div class=\"row item-single\"><strong><i class=\"fa fa-angle-right\"><\/i>\u00a0Dem\u00e3os:<\/strong><br \/>\nDe 2 a 3, dependendo da cor escolhida, cor de fundo, tipo e estado<\/div>\n<div class=\"row item-single\"><strong><i class=\"fa fa-angle-right\"><\/i>\u00a0Acabamento:<\/strong><br \/>\nFosco<\/div>\n<div class=\"row item-single\"><strong><i class=\"fa fa-angle-right\"><\/i>\u00a0Secagem:<\/strong><br \/>\n&#8211; Ao toque: 1 hora<br \/>\n&#8211; Entre dem\u00e3os: 4 horas<br \/>\n&#8211; Final: tr\u00e1fego de pessoas 24 horas \/ tr\u00e1fego de ve\u00edculos \u2013 72 horas<\/div>\n<div class=\"row item-single\"><strong>Ferramentas:<\/strong><br \/>\nPincel, Rolo de L\u00e3 e Trincha. Limpe as ferramentas com \u00e1gua e sab\u00e3o.<\/div>\n<\/div>\n","protected":false},"featured_media":2934,"comment_status":"open","ping_status":"closed","template":"","meta":{"inline_featured_image":false},"product_cat":[161],"product_tag":[163,162,165],"yoast_head":"<!-- This site is optimized with the Yoast SEO plugin v19.13 - https:\/\/yoast.com\/wordpress\/plugins\/seo\/ -->\n<title>Tinta piso cor concreto 3,6 litros Anacryl - Construfort Materiais de Constru\u00e7\u00e3o<\/title>\n<meta name=\"robots\" content=\"index, follow, max-snippet:-1, max-image-preview:large, max-video-preview:-1\" \/>\n<link rel=\"canonical\" href=\"https:\/\/construfortasb.com.br\/loja\/produto\/tinta-piso-cor-concreto-36-litros-anacryl\/\" \/>\n<meta property=\"og:locale\" content=\"pt_BR\" \/>\n<meta property=\"og:type\" content=\"article\" \/>\n<meta property=\"og:title\" content=\"Tinta piso cor concreto 3,6 litros Anacryl - Construfort Materiais de Constru\u00e7\u00e3o\" \/>\n<meta property=\"og:description\" content=\"Aplica\u00e7\u00e3o: Pisos \u00a0Dilui\u00e7\u00e3o: Dilui\u00e7\u00e3o: 30% - diluir 5 partes de tinta para 1,5 partes de \u00e1gua pot\u00e1vel \u00a0Rendimento: - Gal\u00e3o: 30 a 35 m\u00b2\/dem\u00e3o - Lata: 140 a 175 m\u00b2\/dem\u00e3o   \u00a0Dem\u00e3os: De 2 a 3, dependendo da cor escolhida, cor de fundo, tipo e estado \u00a0Acabamento: Fosco \u00a0Secagem: - Ao toque: 1 hora - Entre dem\u00e3os: 4 horas - Final: tr\u00e1fego de pessoas 24 horas \/ tr\u00e1fego de ve\u00edculos \u2013 72 horas Ferramentas: Pincel, Rolo de L\u00e3 e Trincha. Limpe as ferramentas com \u00e1gua e sab\u00e3o.\" \/>\n<meta property=\"og:url\" content=\"https:\/\/construfortasb.com.br\/loja\/produto\/tinta-piso-cor-concreto-36-litros-anacryl\/\" \/>\n<meta property=\"og:site_name\" content=\"Construfort Materiais de Constru\u00e7\u00e3o\" \/>\n<meta property=\"article:modified_time\" content=\"2021-06-08T00:50:16+00:00\" \/>\n<meta property=\"og:image\" content=\"https:\/\/construfortasb.com.br\/loja\/wp-content\/uploads\/2021\/03\/anacryl-piso.jpg\" \/>\n\t<meta property=\"og:image:width\" content=\"500\" \/>\n\t<meta property=\"og:image:height\" content=\"500\" \/>\n\t<meta property=\"og:image:type\" content=\"image\/jpeg\" \/>\n<meta name=\"twitter:card\" content=\"summary_large_image\" \/>\n<meta name=\"twitter:label1\" content=\"Est. tempo de leitura\" \/>\n\t<meta name=\"twitter:data1\" content=\"1 minuto\" \/>\n<script type=\"application\/ld+json\" class=\"yoast-schema-graph\">{\"@context\":\"https:\/\/schema.org\",\"@graph\":[{\"@type\":\"WebPage\",\"@id\":\"https:\/\/construfortasb.com.br\/loja\/produto\/tinta-piso-cor-concreto-36-litros-anacryl\/\",\"url\":\"https:\/\/construfortasb.com.br\/loja\/produto\/tinta-piso-cor-concreto-36-litros-anacryl\/\",\"name\":\"Tinta piso cor concreto 3,6 litros Anacryl - Construfort Materiais de Constru\u00e7\u00e3o\",\"isPartOf\":{\"@id\":\"https:\/\/construfortasb.com.br\/loja\/#website\"},\"datePublished\":\"2021-03-31T19:57:53+00:00\",\"dateModified\":\"2021-06-08T00:50:16+00:00\",\"breadcrumb\":{\"@id\":\"https:\/\/construfortasb.com.br\/loja\/produto\/tinta-piso-cor-concreto-36-litros-anacryl\/#breadcrumb\"},\"inLanguage\":\"pt-BR\",\"potentialAction\":[{\"@type\":\"ReadAction\",\"target\":[\"https:\/\/construfortasb.com.br\/loja\/produto\/tinta-piso-cor-concreto-36-litros-anacryl\/\"]}]},{\"@type\":\"BreadcrumbList\",\"@id\":\"https:\/\/construfortasb.com.br\/loja\/produto\/tinta-piso-cor-concreto-36-litros-anacryl\/#breadcrumb\",\"itemListElement\":[{\"@type\":\"ListItem\",\"position\":1,\"name\":\"In\u00edcio\",\"item\":\"https:\/\/construfortasb.com.br\/loja\/\"},{\"@type\":\"ListItem\",\"position\":2,\"name\":\"Loja Virtual\",\"item\":\"https:\/\/construfortasb.com.br\/loja\/loja\/\"},{\"@type\":\"ListItem\",\"position\":3,\"name\":\"Tinta piso cor concreto 3,6 litros Anacryl\"}]},{\"@type\":\"WebSite\",\"@id\":\"https:\/\/construfortasb.com.br\/loja\/#website\",\"url\":\"https:\/\/construfortasb.com.br\/loja\/\",\"name\":\"Construfort Materiais de Constru\u00e7\u00e3o\",\"description\":\"Sua melhor op\u00e7\u00e3o em materiais de constru\u00e7\u00e3o\",\"potentialAction\":[{\"@type\":\"SearchAction\",\"target\":{\"@type\":\"EntryPoint\",\"urlTemplate\":\"https:\/\/construfortasb.com.br\/loja\/?s={search_term_string}\"},\"query-input\":\"required name=search_term_string\"}],\"inLanguage\":\"pt-BR\"}]}<\/script>\n<!-- \/ Yoast SEO plugin. -->","yoast_head_json":{"title":"Tinta piso cor concreto 3,6 litros Anacryl - Construfort Materiais de Constru\u00e7\u00e3o","robots":{"index":"index","follow":"follow","max-snippet":"max-snippet:-1","max-image-preview":"max-image-preview:large","max-video-preview":"max-video-preview:-1"},"canonical":"https:\/\/construfortasb.com.br\/loja\/produto\/tinta-piso-cor-concreto-36-litros-anacryl\/","og_locale":"pt_BR","og_type":"article","og_title":"Tinta piso cor concreto 3,6 litros Anacryl - Construfort Materiais de Constru\u00e7\u00e3o","og_description":"Aplica\u00e7\u00e3o: Pisos \u00a0Dilui\u00e7\u00e3o: Dilui\u00e7\u00e3o: 30% - diluir 5 partes de tinta para 1,5 partes de \u00e1gua pot\u00e1vel \u00a0Rendimento: - Gal\u00e3o: 30 a 35 m\u00b2\/dem\u00e3o - Lata: 140 a 175 m\u00b2\/dem\u00e3o   \u00a0Dem\u00e3os: De 2 a 3, dependendo da cor escolhida, cor de fundo, tipo e estado \u00a0Acabamento: Fosco \u00a0Secagem: - Ao toque: 1 hora - Entre dem\u00e3os: 4 horas - Final: tr\u00e1fego de pessoas 24 horas \/ tr\u00e1fego de ve\u00edculos \u2013 72 horas Ferramentas: Pincel, Rolo de L\u00e3 e Trincha. Limpe as ferramentas com \u00e1gua e sab\u00e3o.","og_url":"https:\/\/construfortasb.com.br\/loja\/produto\/tinta-piso-cor-concreto-36-litros-anacryl\/","og_site_name":"Construfort Materiais de Constru\u00e7\u00e3o","article_modified_time":"2021-06-08T00:50:16+00:00","og_image":[{"width":500,"height":500,"url":"https:\/\/construfortasb.com.br\/loja\/wp-content\/uploads\/2021\/03\/anacryl-piso.jpg","type":"image\/jpeg"}],"twitter_card":"summary_large_image","twitter_misc":{"Est. tempo de leitura":"1 minuto"},"schema":{"@context":"https:\/\/schema.org","@graph":[{"@type":"WebPage","@id":"https:\/\/construfortasb.com.br\/loja\/produto\/tinta-piso-cor-concreto-36-litros-anacryl\/","url":"https:\/\/construfortasb.com.br\/loja\/produto\/tinta-piso-cor-concreto-36-litros-anacryl\/","name":"Tinta piso cor concreto 3,6 litros Anacryl - Construfort Materiais de Constru\u00e7\u00e3o","isPartOf":{"@id":"https:\/\/construfortasb.com.br\/loja\/#website"},"datePublished":"2021-03-31T19:57:53+00:00","dateModified":"2021-06-08T00:50:16+00:00","breadcrumb":{"@id":"https:\/\/construfortasb.com.br\/loja\/produto\/tinta-piso-cor-concreto-36-litros-anacryl\/#breadcrumb"},"inLanguage":"pt-BR","potentialAction":[{"@type":"ReadAction","target":["https:\/\/construfortasb.com.br\/loja\/produto\/tinta-piso-cor-concreto-36-litros-anacryl\/"]}]},{"@type":"BreadcrumbList","@id":"https:\/\/construfortasb.com.br\/loja\/produto\/tinta-piso-cor-concreto-36-litros-anacryl\/#breadcrumb","itemListElement":[{"@type":"ListItem","position":1,"name":"In\u00edcio","item":"https:\/\/construfortasb.com.br\/loja\/"},{"@type":"ListItem","position":2,"name":"Loja Virtual","item":"https:\/\/construfortasb.com.br\/loja\/loja\/"},{"@type":"ListItem","position":3,"name":"Tinta piso cor concreto 3,6 litros Anacryl"}]},{"@type":"WebSite","@id":"https:\/\/construfortasb.com.br\/loja\/#website","url":"https:\/\/construfortasb.com.br\/loja\/","name":"Construfort Materiais de Constru\u00e7\u00e3o","description":"Sua melhor op\u00e7\u00e3o em materiais de constru\u00e7\u00e3o","potentialAction":[{"@type":"SearchAction","target":{"@type":"EntryPoint","urlTemplate":"https:\/\/construfortasb.com.br\/loja\/?s={search_term_string}"},"query-input":"required name=search_term_string"}],"inLanguage":"pt-BR"}]}},"_links":{"self":[{"href":"https:\/\/construfortasb.com.br\/loja\/wp-json\/wp\/v2\/product\/2933"}],"collection":[{"href":"https:\/\/construfortasb.com.br\/loja\/wp-json\/wp\/v2\/product"}],"about":[{"href":"https:\/\/construfortasb.com.br\/loja\/wp-json\/wp\/v2\/types\/product"}],"replies":[{"embeddable":true,"href":"https:\/\/construfortasb.com.br\/loja\/wp-json\/wp\/v2\/comments?post=2933"}],"wp:featuredmedia":[{"embeddable":true,"href":"https:\/\/construfortasb.com.br\/loja\/wp-json\/wp\/v2\/media\/2934"}],"wp:attachment":[{"href":"https:\/\/construfortasb.com.br\/loja\/wp-json\/wp\/v2\/media?parent=2933"}],"wp:term":[{"taxonomy":"product_cat","embeddable":true,"href":"https:\/\/construfortasb.com.br\/loja\/wp-json\/wp\/v2\/product_cat?post=2933"},{"taxonomy":"product_tag","embeddable":true,"href":"https:\/\/construfortasb.com.br\/loja\/wp-json\/wp\/v2\/product_tag?post=2933"}],"curies":[{"name":"wp","href":"https:\/\/api.w.org\/{rel}","templated":true}]}}