{"id":2980,"date":"2021-05-24T16:49:46","date_gmt":"2021-05-24T19:49:46","guid":{"rendered":"https:\/\/construfortasb.com.br\/loja\/?post_type=product&#038;p=2980"},"modified":"2021-05-24T16:49:46","modified_gmt":"2021-05-24T19:49:46","slug":"adesivo-plastico-pvc-75g-tigre","status":"publish","type":"product","link":"https:\/\/construfortasb.com.br\/loja\/produto\/adesivo-plastico-pvc-75g-tigre\/","title":{"rendered":"Adesivo Pl\u00e1stico PVC 75g Tigre"},"content":{"rendered":"<p>Composi\u00e7\u00e3o qu\u00edmica: produto a base de misturas de solventes<br \/>\nformalde\u00eddos, cetonas e resina de PVC;<br \/>\nProduto inflam\u00e1vel, com vapores t\u00f3xicos;<br \/>\nMateriais ou subst\u00e2ncias incompat\u00edveis: materiais oxidantes fortes<br \/>\ncomo Cloro L\u00edquido e Oxig\u00eanio Concentrado;<br \/>\nValidade: Bisnagas = 24 meses<br \/>\nFrascos = 24 Meses<br \/>\nEstado F\u00edsico: l\u00edquido;<br \/>\nForma: Fl\u00faida;<br \/>\nCor: Azul e Incolor;<br \/>\nOdor: Caracter\u00edstico;<br \/>\nPH: N\u00e3o aplic\u00e1vel, solvente n\u00e3o aquoso;<br \/>\nTeor de vol\u00e1teis: 86%.<br \/>\nIngest\u00e3o: Pode produzir irrita\u00e7\u00e3o na boca e garganta. A ingest\u00e3o<br \/>\nde pequenas quantidades podem produzir dist\u00farbios no aparelho digestivo central como dores de cabe\u00e7a, fraqueza, desmaios e n\u00e1useas.<br \/>\nGrandes quantidades ingeridas podem levar \u00e0 perda da consci\u00eancia.<br \/>\nOlhos: Pode causar irrita\u00e7\u00e3o. Eventualmente queimadura e les\u00e3o na<br \/>\nc\u00f3rnea.<br \/>\nPele: Pode causar ressecamento, podendo causar irrita\u00e7\u00f5es e<br \/>\ndermatites.<br \/>\nInala\u00e7\u00e3o: Os vapores podem causar n\u00e1useas, dor de cabe\u00e7a, tontura<br \/>\ne irrita\u00e7\u00e3o das vias a\u00e9reas superiores.<br \/>\nMateriais para Soldagem:<br \/>\nSolu\u00e7\u00e3o Preparadora Tigre;<br \/>\nTrincha Tigre ou estopa<br \/>\nSerra;<br \/>\nLixa;<br \/>\nTrena;<br \/>\nL\u00e1pis de carpinteiro.<br \/>\nPonto de ebuli\u00e7\u00e3o: 42,0\u00b0C;<br \/>\nPonto de Fulgor TAG &#8211; vaso fechado: -18,0\u00b0C;<br \/>\nLimites de Explosividade: Inferior: 1,6\/Superior: 17,6;<br \/>\nDensidade: 0,880 g\/cm3 a 25\u00b0C;<br \/>\nSolubilidade: Sol\u00favel em acetona (insol\u00favel em \u00e1gua).<\/p>\n","protected":false},"excerpt":{"rendered":"<h2>Descri\u00e7\u00e3o<\/h2>\n<table>\n<tbody>\n<tr class=\"m-description__content-open js--desc-content\">\n<td>Material<\/td>\n<td>PVC e aditivos em solventes org\u00e2nicos<\/td>\n<\/tr>\n<tr class=\"m-description__content-open js--desc-content\">\n<td>Cor<\/td>\n<td>Incolor<\/td>\n<\/tr>\n<tr class=\"m-description__content-open js--desc-content\">\n<td>Embalagem<\/td>\n<td>Bisnaga<\/td>\n<\/tr>\n<\/tbody>\n<\/table>\n","protected":false},"featured_media":2983,"comment_status":"open","ping_status":"closed","template":"","meta":{"inline_featured_image":false},"product_cat":[15],"product_tag":[176,188,190,187,189],"yoast_head":"<!-- This site is optimized with the Yoast SEO plugin v19.13 - https:\/\/yoast.com\/wordpress\/plugins\/seo\/ -->\n<title>Adesivo Pl\u00e1stico PVC 75g Tigre - Construfort Materiais de Constru\u00e7\u00e3o<\/title>\n<meta name=\"robots\" content=\"index, follow, max-snippet:-1, max-image-preview:large, max-video-preview:-1\" \/>\n<link rel=\"canonical\" href=\"https:\/\/construfortasb.com.br\/loja\/produto\/adesivo-plastico-pvc-75g-tigre\/\" \/>\n<meta property=\"og:locale\" content=\"pt_BR\" \/>\n<meta property=\"og:type\" content=\"article\" \/>\n<meta property=\"og:title\" content=\"Adesivo Pl\u00e1stico PVC 75g Tigre - Construfort Materiais de Constru\u00e7\u00e3o\" \/>\n<meta property=\"og:description\" content=\"Descri\u00e7\u00e3o    Material PVC e aditivos em solventes org\u00e2nicos   Cor Incolor   Embalagem Bisnaga\" \/>\n<meta property=\"og:url\" content=\"https:\/\/construfortasb.com.br\/loja\/produto\/adesivo-plastico-pvc-75g-tigre\/\" \/>\n<meta property=\"og:site_name\" content=\"Construfort Materiais de Constru\u00e7\u00e3o\" \/>\n<meta property=\"og:image\" content=\"https:\/\/construfortasb.com.br\/loja\/wp-content\/uploads\/2021\/05\/Adesivo-PVC-bisnaga-75g-Tigre.jpg\" \/>\n\t<meta property=\"og:image:width\" content=\"1000\" \/>\n\t<meta property=\"og:image:height\" content=\"1000\" \/>\n\t<meta property=\"og:image:type\" content=\"image\/jpeg\" \/>\n<meta name=\"twitter:card\" content=\"summary_large_image\" \/>\n<meta name=\"twitter:label1\" content=\"Est. tempo de leitura\" \/>\n\t<meta name=\"twitter:data1\" content=\"1 minuto\" \/>\n<script type=\"application\/ld+json\" class=\"yoast-schema-graph\">{\"@context\":\"https:\/\/schema.org\",\"@graph\":[{\"@type\":\"WebPage\",\"@id\":\"https:\/\/construfortasb.com.br\/loja\/produto\/adesivo-plastico-pvc-75g-tigre\/\",\"url\":\"https:\/\/construfortasb.com.br\/loja\/produto\/adesivo-plastico-pvc-75g-tigre\/\",\"name\":\"Adesivo Pl\u00e1stico PVC 75g Tigre - Construfort Materiais de Constru\u00e7\u00e3o\",\"isPartOf\":{\"@id\":\"https:\/\/construfortasb.com.br\/loja\/#website\"},\"datePublished\":\"2021-05-24T19:49:46+00:00\",\"dateModified\":\"2021-05-24T19:49:46+00:00\",\"breadcrumb\":{\"@id\":\"https:\/\/construfortasb.com.br\/loja\/produto\/adesivo-plastico-pvc-75g-tigre\/#breadcrumb\"},\"inLanguage\":\"pt-BR\",\"potentialAction\":[{\"@type\":\"ReadAction\",\"target\":[\"https:\/\/construfortasb.com.br\/loja\/produto\/adesivo-plastico-pvc-75g-tigre\/\"]}]},{\"@type\":\"BreadcrumbList\",\"@id\":\"https:\/\/construfortasb.com.br\/loja\/produto\/adesivo-plastico-pvc-75g-tigre\/#breadcrumb\",\"itemListElement\":[{\"@type\":\"ListItem\",\"position\":1,\"name\":\"In\u00edcio\",\"item\":\"https:\/\/construfortasb.com.br\/loja\/\"},{\"@type\":\"ListItem\",\"position\":2,\"name\":\"Loja Virtual\",\"item\":\"https:\/\/construfortasb.com.br\/loja\/loja\/\"},{\"@type\":\"ListItem\",\"position\":3,\"name\":\"Adesivo Pl\u00e1stico PVC 75g Tigre\"}]},{\"@type\":\"WebSite\",\"@id\":\"https:\/\/construfortasb.com.br\/loja\/#website\",\"url\":\"https:\/\/construfortasb.com.br\/loja\/\",\"name\":\"Construfort Materiais de Constru\u00e7\u00e3o\",\"description\":\"Sua melhor op\u00e7\u00e3o em materiais de constru\u00e7\u00e3o\",\"potentialAction\":[{\"@type\":\"SearchAction\",\"target\":{\"@type\":\"EntryPoint\",\"urlTemplate\":\"https:\/\/construfortasb.com.br\/loja\/?s={search_term_string}\"},\"query-input\":\"required name=search_term_string\"}],\"inLanguage\":\"pt-BR\"}]}<\/script>\n<!-- \/ Yoast SEO plugin. -->","yoast_head_json":{"title":"Adesivo Pl\u00e1stico PVC 75g Tigre - Construfort Materiais de Constru\u00e7\u00e3o","robots":{"index":"index","follow":"follow","max-snippet":"max-snippet:-1","max-image-preview":"max-image-preview:large","max-video-preview":"max-video-preview:-1"},"canonical":"https:\/\/construfortasb.com.br\/loja\/produto\/adesivo-plastico-pvc-75g-tigre\/","og_locale":"pt_BR","og_type":"article","og_title":"Adesivo Pl\u00e1stico PVC 75g Tigre - Construfort Materiais de Constru\u00e7\u00e3o","og_description":"Descri\u00e7\u00e3o    Material PVC e aditivos em solventes org\u00e2nicos   Cor Incolor   Embalagem Bisnaga","og_url":"https:\/\/construfortasb.com.br\/loja\/produto\/adesivo-plastico-pvc-75g-tigre\/","og_site_name":"Construfort Materiais de Constru\u00e7\u00e3o","og_image":[{"width":1000,"height":1000,"url":"https:\/\/construfortasb.com.br\/loja\/wp-content\/uploads\/2021\/05\/Adesivo-PVC-bisnaga-75g-Tigre.jpg","type":"image\/jpeg"}],"twitter_card":"summary_large_image","twitter_misc":{"Est. tempo de leitura":"1 minuto"},"schema":{"@context":"https:\/\/schema.org","@graph":[{"@type":"WebPage","@id":"https:\/\/construfortasb.com.br\/loja\/produto\/adesivo-plastico-pvc-75g-tigre\/","url":"https:\/\/construfortasb.com.br\/loja\/produto\/adesivo-plastico-pvc-75g-tigre\/","name":"Adesivo Pl\u00e1stico PVC 75g Tigre - Construfort Materiais de Constru\u00e7\u00e3o","isPartOf":{"@id":"https:\/\/construfortasb.com.br\/loja\/#website"},"datePublished":"2021-05-24T19:49:46+00:00","dateModified":"2021-05-24T19:49:46+00:00","breadcrumb":{"@id":"https:\/\/construfortasb.com.br\/loja\/produto\/adesivo-plastico-pvc-75g-tigre\/#breadcrumb"},"inLanguage":"pt-BR","potentialAction":[{"@type":"ReadAction","target":["https:\/\/construfortasb.com.br\/loja\/produto\/adesivo-plastico-pvc-75g-tigre\/"]}]},{"@type":"BreadcrumbList","@id":"https:\/\/construfortasb.com.br\/loja\/produto\/adesivo-plastico-pvc-75g-tigre\/#breadcrumb","itemListElement":[{"@type":"ListItem","position":1,"name":"In\u00edcio","item":"https:\/\/construfortasb.com.br\/loja\/"},{"@type":"ListItem","position":2,"name":"Loja Virtual","item":"https:\/\/construfortasb.com.br\/loja\/loja\/"},{"@type":"ListItem","position":3,"name":"Adesivo Pl\u00e1stico PVC 75g Tigre"}]},{"@type":"WebSite","@id":"https:\/\/construfortasb.com.br\/loja\/#website","url":"https:\/\/construfortasb.com.br\/loja\/","name":"Construfort Materiais de Constru\u00e7\u00e3o","description":"Sua melhor op\u00e7\u00e3o em materiais de constru\u00e7\u00e3o","potentialAction":[{"@type":"SearchAction","target":{"@type":"EntryPoint","urlTemplate":"https:\/\/construfortasb.com.br\/loja\/?s={search_term_string}"},"query-input":"required name=search_term_string"}],"inLanguage":"pt-BR"}]}},"_links":{"self":[{"href":"https:\/\/construfortasb.com.br\/loja\/wp-json\/wp\/v2\/product\/2980"}],"collection":[{"href":"https:\/\/construfortasb.com.br\/loja\/wp-json\/wp\/v2\/product"}],"about":[{"href":"https:\/\/construfortasb.com.br\/loja\/wp-json\/wp\/v2\/types\/product"}],"replies":[{"embeddable":true,"href":"https:\/\/construfortasb.com.br\/loja\/wp-json\/wp\/v2\/comments?post=2980"}],"wp:featuredmedia":[{"embeddable":true,"href":"https:\/\/construfortasb.com.br\/loja\/wp-json\/wp\/v2\/media\/2983"}],"wp:attachment":[{"href":"https:\/\/construfortasb.com.br\/loja\/wp-json\/wp\/v2\/media?parent=2980"}],"wp:term":[{"taxonomy":"product_cat","embeddable":true,"href":"https:\/\/construfortasb.com.br\/loja\/wp-json\/wp\/v2\/product_cat?post=2980"},{"taxonomy":"product_tag","embeddable":true,"href":"https:\/\/construfortasb.com.br\/loja\/wp-json\/wp\/v2\/product_tag?post=2980"}],"curies":[{"name":"wp","href":"https:\/\/api.w.org\/{rel}","templated":true}]}}