{"id":2987,"date":"2021-06-04T12:40:37","date_gmt":"2021-06-04T15:40:37","guid":{"rendered":"https:\/\/construfortasb.com.br\/loja\/?post_type=product&#038;p=2987"},"modified":"2021-06-04T14:05:26","modified_gmt":"2021-06-04T17:05:26","slug":"garrafa-termica-de-pressao-1l-nobile-mor-preto","status":"publish","type":"product","link":"https:\/\/construfortasb.com.br\/loja\/produto\/garrafa-termica-de-pressao-1l-nobile-mor-preto\/","title":{"rendered":"Garrafa T\u00e9rmica de Press\u00e3o 1L Nobile Mor &#8211; Preto"},"content":{"rendered":"<p>O design da\u00a0<strong>Garrafa T\u00e9rmica de Press\u00e3o Mor<\/strong>\u00a0al\u00e9m de ser moderno, foi desenvolvido visando qualidade e praticidade.<br \/>\nO produto na cor preta possui acionamento por press\u00e3o,\u00a0<strong>capacidade de 1 litro<\/strong>, ampola de vidro, sistema corta-pingo, al\u00e7a na tampa e acionamento por press\u00e3o. A\u00a0<strong>garrafa t\u00e9rmica Mor<\/strong>\u00a0\u00e9 livre de BPA e atende \u00e0s especifica\u00e7\u00f5es estabelecidas pela NBR 13.282 da ABNT.<br \/>\nIdeal para servir bebidas em casa ou no ambiente corporativo<\/p>\n","protected":false},"excerpt":{"rendered":"<p>A mor \u00e9 uma das melhores empresas do Brasil na fabrica\u00e7\u00e3o de objetos para cozinha, piscina, t\u00e9rmicos entre outros. Se destacando das demais empresas por sua qualidade em seus produtos.Agrademos sua visita ao nosso produto e te desejamos uma boa compra! Verifique com os fabricantes do produto e de seus componentes eventuais limita\u00e7\u00f5es \u00e0 utiliza\u00e7\u00e3o de todos os recursos e funcionalidades. Conte\u00fado: 01 &#8211; Garrafa Termica Nobile Pressao 500ml Bala De Menta &#8211; Mor<\/p>\n","protected":false},"featured_media":2993,"comment_status":"open","ping_status":"closed","template":"","meta":{"inline_featured_image":false},"product_cat":[194],"product_tag":[195,197,198,199,196],"yoast_head":"<!-- This site is optimized with the Yoast SEO plugin v19.13 - https:\/\/yoast.com\/wordpress\/plugins\/seo\/ -->\n<title>Garrafa T\u00e9rmica de Press\u00e3o 1L Nobile Mor - Preto - Construfort Materiais de Constru\u00e7\u00e3o<\/title>\n<meta name=\"robots\" content=\"index, follow, max-snippet:-1, max-image-preview:large, max-video-preview:-1\" \/>\n<link rel=\"canonical\" href=\"https:\/\/construfortasb.com.br\/loja\/produto\/garrafa-termica-de-pressao-1l-nobile-mor-preto\/\" \/>\n<meta property=\"og:locale\" content=\"pt_BR\" \/>\n<meta property=\"og:type\" content=\"article\" \/>\n<meta property=\"og:title\" content=\"Garrafa T\u00e9rmica de Press\u00e3o 1L Nobile Mor - Preto - Construfort Materiais de Constru\u00e7\u00e3o\" \/>\n<meta property=\"og:description\" content=\"A mor \u00e9 uma das melhores empresas do Brasil na fabrica\u00e7\u00e3o de objetos para cozinha, piscina, t\u00e9rmicos entre outros. Se destacando das demais empresas por sua qualidade em seus produtos.Agrademos sua visita ao nosso produto e te desejamos uma boa compra! Verifique com os fabricantes do produto e de seus componentes eventuais limita\u00e7\u00f5es \u00e0 utiliza\u00e7\u00e3o de todos os recursos e funcionalidades. Conte\u00fado: 01 - Garrafa Termica Nobile Pressao 500ml Bala De Menta - Mor\" \/>\n<meta property=\"og:url\" content=\"https:\/\/construfortasb.com.br\/loja\/produto\/garrafa-termica-de-pressao-1l-nobile-mor-preto\/\" \/>\n<meta property=\"og:site_name\" content=\"Construfort Materiais de Constru\u00e7\u00e3o\" \/>\n<meta property=\"article:modified_time\" content=\"2021-06-04T17:05:26+00:00\" \/>\n<meta property=\"og:image\" content=\"https:\/\/construfortasb.com.br\/loja\/wp-content\/uploads\/2021\/06\/25101052-GT-Pressao-Nobile-1L-Preta-1.jpg\" \/>\n\t<meta property=\"og:image:width\" content=\"1000\" \/>\n\t<meta property=\"og:image:height\" content=\"1000\" \/>\n\t<meta property=\"og:image:type\" content=\"image\/jpeg\" \/>\n<meta name=\"twitter:card\" content=\"summary_large_image\" \/>\n<meta name=\"twitter:label1\" content=\"Est. tempo de leitura\" \/>\n\t<meta name=\"twitter:data1\" content=\"1 minuto\" \/>\n<script type=\"application\/ld+json\" class=\"yoast-schema-graph\">{\"@context\":\"https:\/\/schema.org\",\"@graph\":[{\"@type\":\"WebPage\",\"@id\":\"https:\/\/construfortasb.com.br\/loja\/produto\/garrafa-termica-de-pressao-1l-nobile-mor-preto\/\",\"url\":\"https:\/\/construfortasb.com.br\/loja\/produto\/garrafa-termica-de-pressao-1l-nobile-mor-preto\/\",\"name\":\"Garrafa T\u00e9rmica de Press\u00e3o 1L Nobile Mor - Preto - Construfort Materiais de Constru\u00e7\u00e3o\",\"isPartOf\":{\"@id\":\"https:\/\/construfortasb.com.br\/loja\/#website\"},\"datePublished\":\"2021-06-04T15:40:37+00:00\",\"dateModified\":\"2021-06-04T17:05:26+00:00\",\"breadcrumb\":{\"@id\":\"https:\/\/construfortasb.com.br\/loja\/produto\/garrafa-termica-de-pressao-1l-nobile-mor-preto\/#breadcrumb\"},\"inLanguage\":\"pt-BR\",\"potentialAction\":[{\"@type\":\"ReadAction\",\"target\":[\"https:\/\/construfortasb.com.br\/loja\/produto\/garrafa-termica-de-pressao-1l-nobile-mor-preto\/\"]}]},{\"@type\":\"BreadcrumbList\",\"@id\":\"https:\/\/construfortasb.com.br\/loja\/produto\/garrafa-termica-de-pressao-1l-nobile-mor-preto\/#breadcrumb\",\"itemListElement\":[{\"@type\":\"ListItem\",\"position\":1,\"name\":\"In\u00edcio\",\"item\":\"https:\/\/construfortasb.com.br\/loja\/\"},{\"@type\":\"ListItem\",\"position\":2,\"name\":\"Loja Virtual\",\"item\":\"https:\/\/construfortasb.com.br\/loja\/loja\/\"},{\"@type\":\"ListItem\",\"position\":3,\"name\":\"Garrafa T\u00e9rmica de Press\u00e3o 1L Nobile Mor &#8211; Preto\"}]},{\"@type\":\"WebSite\",\"@id\":\"https:\/\/construfortasb.com.br\/loja\/#website\",\"url\":\"https:\/\/construfortasb.com.br\/loja\/\",\"name\":\"Construfort Materiais de Constru\u00e7\u00e3o\",\"description\":\"Sua melhor op\u00e7\u00e3o em materiais de constru\u00e7\u00e3o\",\"potentialAction\":[{\"@type\":\"SearchAction\",\"target\":{\"@type\":\"EntryPoint\",\"urlTemplate\":\"https:\/\/construfortasb.com.br\/loja\/?s={search_term_string}\"},\"query-input\":\"required name=search_term_string\"}],\"inLanguage\":\"pt-BR\"}]}<\/script>\n<!-- \/ Yoast SEO plugin. -->","yoast_head_json":{"title":"Garrafa T\u00e9rmica de Press\u00e3o 1L Nobile Mor - Preto - Construfort Materiais de Constru\u00e7\u00e3o","robots":{"index":"index","follow":"follow","max-snippet":"max-snippet:-1","max-image-preview":"max-image-preview:large","max-video-preview":"max-video-preview:-1"},"canonical":"https:\/\/construfortasb.com.br\/loja\/produto\/garrafa-termica-de-pressao-1l-nobile-mor-preto\/","og_locale":"pt_BR","og_type":"article","og_title":"Garrafa T\u00e9rmica de Press\u00e3o 1L Nobile Mor - Preto - Construfort Materiais de Constru\u00e7\u00e3o","og_description":"A mor \u00e9 uma das melhores empresas do Brasil na fabrica\u00e7\u00e3o de objetos para cozinha, piscina, t\u00e9rmicos entre outros. Se destacando das demais empresas por sua qualidade em seus produtos.Agrademos sua visita ao nosso produto e te desejamos uma boa compra! Verifique com os fabricantes do produto e de seus componentes eventuais limita\u00e7\u00f5es \u00e0 utiliza\u00e7\u00e3o de todos os recursos e funcionalidades. Conte\u00fado: 01 - Garrafa Termica Nobile Pressao 500ml Bala De Menta - Mor","og_url":"https:\/\/construfortasb.com.br\/loja\/produto\/garrafa-termica-de-pressao-1l-nobile-mor-preto\/","og_site_name":"Construfort Materiais de Constru\u00e7\u00e3o","article_modified_time":"2021-06-04T17:05:26+00:00","og_image":[{"width":1000,"height":1000,"url":"https:\/\/construfortasb.com.br\/loja\/wp-content\/uploads\/2021\/06\/25101052-GT-Pressao-Nobile-1L-Preta-1.jpg","type":"image\/jpeg"}],"twitter_card":"summary_large_image","twitter_misc":{"Est. tempo de leitura":"1 minuto"},"schema":{"@context":"https:\/\/schema.org","@graph":[{"@type":"WebPage","@id":"https:\/\/construfortasb.com.br\/loja\/produto\/garrafa-termica-de-pressao-1l-nobile-mor-preto\/","url":"https:\/\/construfortasb.com.br\/loja\/produto\/garrafa-termica-de-pressao-1l-nobile-mor-preto\/","name":"Garrafa T\u00e9rmica de Press\u00e3o 1L Nobile Mor - Preto - Construfort Materiais de Constru\u00e7\u00e3o","isPartOf":{"@id":"https:\/\/construfortasb.com.br\/loja\/#website"},"datePublished":"2021-06-04T15:40:37+00:00","dateModified":"2021-06-04T17:05:26+00:00","breadcrumb":{"@id":"https:\/\/construfortasb.com.br\/loja\/produto\/garrafa-termica-de-pressao-1l-nobile-mor-preto\/#breadcrumb"},"inLanguage":"pt-BR","potentialAction":[{"@type":"ReadAction","target":["https:\/\/construfortasb.com.br\/loja\/produto\/garrafa-termica-de-pressao-1l-nobile-mor-preto\/"]}]},{"@type":"BreadcrumbList","@id":"https:\/\/construfortasb.com.br\/loja\/produto\/garrafa-termica-de-pressao-1l-nobile-mor-preto\/#breadcrumb","itemListElement":[{"@type":"ListItem","position":1,"name":"In\u00edcio","item":"https:\/\/construfortasb.com.br\/loja\/"},{"@type":"ListItem","position":2,"name":"Loja Virtual","item":"https:\/\/construfortasb.com.br\/loja\/loja\/"},{"@type":"ListItem","position":3,"name":"Garrafa T\u00e9rmica de Press\u00e3o 1L Nobile Mor &#8211; Preto"}]},{"@type":"WebSite","@id":"https:\/\/construfortasb.com.br\/loja\/#website","url":"https:\/\/construfortasb.com.br\/loja\/","name":"Construfort Materiais de Constru\u00e7\u00e3o","description":"Sua melhor op\u00e7\u00e3o em materiais de constru\u00e7\u00e3o","potentialAction":[{"@type":"SearchAction","target":{"@type":"EntryPoint","urlTemplate":"https:\/\/construfortasb.com.br\/loja\/?s={search_term_string}"},"query-input":"required name=search_term_string"}],"inLanguage":"pt-BR"}]}},"_links":{"self":[{"href":"https:\/\/construfortasb.com.br\/loja\/wp-json\/wp\/v2\/product\/2987"}],"collection":[{"href":"https:\/\/construfortasb.com.br\/loja\/wp-json\/wp\/v2\/product"}],"about":[{"href":"https:\/\/construfortasb.com.br\/loja\/wp-json\/wp\/v2\/types\/product"}],"replies":[{"embeddable":true,"href":"https:\/\/construfortasb.com.br\/loja\/wp-json\/wp\/v2\/comments?post=2987"}],"wp:featuredmedia":[{"embeddable":true,"href":"https:\/\/construfortasb.com.br\/loja\/wp-json\/wp\/v2\/media\/2993"}],"wp:attachment":[{"href":"https:\/\/construfortasb.com.br\/loja\/wp-json\/wp\/v2\/media?parent=2987"}],"wp:term":[{"taxonomy":"product_cat","embeddable":true,"href":"https:\/\/construfortasb.com.br\/loja\/wp-json\/wp\/v2\/product_cat?post=2987"},{"taxonomy":"product_tag","embeddable":true,"href":"https:\/\/construfortasb.com.br\/loja\/wp-json\/wp\/v2\/product_tag?post=2987"}],"curies":[{"name":"wp","href":"https:\/\/api.w.org\/{rel}","templated":true}]}}