{"id":2989,"date":"2021-06-04T13:08:18","date_gmt":"2021-06-04T16:08:18","guid":{"rendered":"https:\/\/construfortasb.com.br\/loja\/?post_type=product&#038;p=2989"},"modified":"2021-06-04T14:03:27","modified_gmt":"2021-06-04T17:03:27","slug":"garrafa-termica-de-pressao-500ml-nobile-mor-ceu-azul","status":"publish","type":"product","link":"https:\/\/construfortasb.com.br\/loja\/produto\/garrafa-termica-de-pressao-500ml-nobile-mor-ceu-azul\/","title":{"rendered":"Garrafa T\u00e9rmica de Press\u00e3o 500mL Nobile Mor &#8211; C\u00e9u Azul"},"content":{"rendered":"<p>Para relembrar a do\u00e7ura da inf\u00e2ncia a mor, com sua nova cole\u00e7\u00e3o veio lhes dar uma relembrada da no doce sabor da inf\u00e2ncia. Com a cor Bala de Menta que possui uma textura delicada, que lhe proporciona uma vis\u00e3o agrad\u00e1vel para o caf\u00e9 da manha ou caf\u00e9 da tarde. A Garrafa T\u00e9rmica Nobile Press\u00e3o possui 500ml indicado para pequenas quantidades de bebidas. Podendo ser utilizado com l\u00edquido quente ou frio. Al\u00e9m disso, a Fabrica\u00e7\u00e3o \u00e9 feita com material virgem e at\u00f3xico, possuindo um sistema de bombeamento superior, facilitando seu manuseio. Possuindo um sistema corta-pingo que impede que haja desperd\u00edcios e mantendo sempre mantendo limpo o local onde se encontra a garrafa. Al\u00e9m disso, a Garrafa Nobile conta com ampola de vidro para manter a temperatura por mais tempo, com revestimento em polipropileno virgem. Medidas: Altura: 26 cm Largura: 10 cm Comprimento: 15 cm A mor \u00e9 uma das melhores empresas do Brasil na fabrica\u00e7\u00e3o de objetos para cozinha, piscina, t\u00e9rmicos entre outros. Se destacando das demais empresas por sua qualidade em seus produtos. Agrademos sua visita ao nosso produto e te desejamos uma boa compra! Verifique com os fabricantes do produto e de seus componentes eventuais limita\u00e7\u00f5es \u00e0 utiliza\u00e7\u00e3o de todos os recursos e funcionalidades. Conte\u00fado: 01 &#8211; Garrafa Termica Nobile Pressao 500ml Bala De Menta &#8211; Mor<\/p>\n","protected":false},"excerpt":{"rendered":"<p>Para relembrar a do\u00e7ura da inf\u00e2ncia a mor, com sua nova cole\u00e7\u00e3o veio lhes dar uma relembrada da no doce sabor da inf\u00e2ncia. Com a cor Bala de Menta que possui uma textura delicada, que lhe proporciona uma vis\u00e3o agrad\u00e1vel para o caf\u00e9 da manha ou caf\u00e9 da tarde. A Garrafa T\u00e9rmica Nobile Press\u00e3o possui [&hellip;]<\/p>\n","protected":false},"featured_media":0,"comment_status":"open","ping_status":"closed","template":"","meta":{"inline_featured_image":false},"product_cat":[194],"product_tag":[195,200,202,198,196],"yoast_head":"<!-- This site is optimized with the Yoast SEO plugin v19.13 - https:\/\/yoast.com\/wordpress\/plugins\/seo\/ -->\n<title>Garrafa T\u00e9rmica de Press\u00e3o 500mL Nobile Mor - C\u00e9u Azul - Construfort Materiais de Constru\u00e7\u00e3o<\/title>\n<meta name=\"robots\" content=\"index, follow, max-snippet:-1, max-image-preview:large, max-video-preview:-1\" \/>\n<link rel=\"canonical\" href=\"https:\/\/construfortasb.com.br\/loja\/produto\/garrafa-termica-de-pressao-500ml-nobile-mor-ceu-azul\/\" \/>\n<meta property=\"og:locale\" content=\"pt_BR\" \/>\n<meta property=\"og:type\" content=\"article\" \/>\n<meta property=\"og:title\" content=\"Garrafa T\u00e9rmica de Press\u00e3o 500mL Nobile Mor - C\u00e9u Azul - Construfort Materiais de Constru\u00e7\u00e3o\" \/>\n<meta property=\"og:description\" content=\"Para relembrar a do\u00e7ura da inf\u00e2ncia a mor, com sua nova cole\u00e7\u00e3o veio lhes dar uma relembrada da no doce sabor da inf\u00e2ncia. Com a cor Bala de Menta que possui uma textura delicada, que lhe proporciona uma vis\u00e3o agrad\u00e1vel para o caf\u00e9 da manha ou caf\u00e9 da tarde. A Garrafa T\u00e9rmica Nobile Press\u00e3o possui [&hellip;]\" \/>\n<meta property=\"og:url\" content=\"https:\/\/construfortasb.com.br\/loja\/produto\/garrafa-termica-de-pressao-500ml-nobile-mor-ceu-azul\/\" \/>\n<meta property=\"og:site_name\" content=\"Construfort Materiais de Constru\u00e7\u00e3o\" \/>\n<meta property=\"article:modified_time\" content=\"2021-06-04T17:03:27+00:00\" \/>\n<meta name=\"twitter:card\" content=\"summary_large_image\" \/>\n<meta name=\"twitter:label1\" content=\"Est. tempo de leitura\" \/>\n\t<meta name=\"twitter:data1\" content=\"1 minuto\" \/>\n<script type=\"application\/ld+json\" class=\"yoast-schema-graph\">{\"@context\":\"https:\/\/schema.org\",\"@graph\":[{\"@type\":\"WebPage\",\"@id\":\"https:\/\/construfortasb.com.br\/loja\/produto\/garrafa-termica-de-pressao-500ml-nobile-mor-ceu-azul\/\",\"url\":\"https:\/\/construfortasb.com.br\/loja\/produto\/garrafa-termica-de-pressao-500ml-nobile-mor-ceu-azul\/\",\"name\":\"Garrafa T\u00e9rmica de Press\u00e3o 500mL Nobile Mor - C\u00e9u Azul - Construfort Materiais de Constru\u00e7\u00e3o\",\"isPartOf\":{\"@id\":\"https:\/\/construfortasb.com.br\/loja\/#website\"},\"datePublished\":\"2021-06-04T16:08:18+00:00\",\"dateModified\":\"2021-06-04T17:03:27+00:00\",\"breadcrumb\":{\"@id\":\"https:\/\/construfortasb.com.br\/loja\/produto\/garrafa-termica-de-pressao-500ml-nobile-mor-ceu-azul\/#breadcrumb\"},\"inLanguage\":\"pt-BR\",\"potentialAction\":[{\"@type\":\"ReadAction\",\"target\":[\"https:\/\/construfortasb.com.br\/loja\/produto\/garrafa-termica-de-pressao-500ml-nobile-mor-ceu-azul\/\"]}]},{\"@type\":\"BreadcrumbList\",\"@id\":\"https:\/\/construfortasb.com.br\/loja\/produto\/garrafa-termica-de-pressao-500ml-nobile-mor-ceu-azul\/#breadcrumb\",\"itemListElement\":[{\"@type\":\"ListItem\",\"position\":1,\"name\":\"In\u00edcio\",\"item\":\"https:\/\/construfortasb.com.br\/loja\/\"},{\"@type\":\"ListItem\",\"position\":2,\"name\":\"Loja Virtual\",\"item\":\"https:\/\/construfortasb.com.br\/loja\/loja\/\"},{\"@type\":\"ListItem\",\"position\":3,\"name\":\"Garrafa T\u00e9rmica de Press\u00e3o 500mL Nobile Mor &#8211; C\u00e9u Azul\"}]},{\"@type\":\"WebSite\",\"@id\":\"https:\/\/construfortasb.com.br\/loja\/#website\",\"url\":\"https:\/\/construfortasb.com.br\/loja\/\",\"name\":\"Construfort Materiais de Constru\u00e7\u00e3o\",\"description\":\"Sua melhor op\u00e7\u00e3o em materiais de constru\u00e7\u00e3o\",\"potentialAction\":[{\"@type\":\"SearchAction\",\"target\":{\"@type\":\"EntryPoint\",\"urlTemplate\":\"https:\/\/construfortasb.com.br\/loja\/?s={search_term_string}\"},\"query-input\":\"required name=search_term_string\"}],\"inLanguage\":\"pt-BR\"}]}<\/script>\n<!-- \/ Yoast SEO plugin. -->","yoast_head_json":{"title":"Garrafa T\u00e9rmica de Press\u00e3o 500mL Nobile Mor - C\u00e9u Azul - Construfort Materiais de Constru\u00e7\u00e3o","robots":{"index":"index","follow":"follow","max-snippet":"max-snippet:-1","max-image-preview":"max-image-preview:large","max-video-preview":"max-video-preview:-1"},"canonical":"https:\/\/construfortasb.com.br\/loja\/produto\/garrafa-termica-de-pressao-500ml-nobile-mor-ceu-azul\/","og_locale":"pt_BR","og_type":"article","og_title":"Garrafa T\u00e9rmica de Press\u00e3o 500mL Nobile Mor - C\u00e9u Azul - Construfort Materiais de Constru\u00e7\u00e3o","og_description":"Para relembrar a do\u00e7ura da inf\u00e2ncia a mor, com sua nova cole\u00e7\u00e3o veio lhes dar uma relembrada da no doce sabor da inf\u00e2ncia. Com a cor Bala de Menta que possui uma textura delicada, que lhe proporciona uma vis\u00e3o agrad\u00e1vel para o caf\u00e9 da manha ou caf\u00e9 da tarde. A Garrafa T\u00e9rmica Nobile Press\u00e3o possui [&hellip;]","og_url":"https:\/\/construfortasb.com.br\/loja\/produto\/garrafa-termica-de-pressao-500ml-nobile-mor-ceu-azul\/","og_site_name":"Construfort Materiais de Constru\u00e7\u00e3o","article_modified_time":"2021-06-04T17:03:27+00:00","twitter_card":"summary_large_image","twitter_misc":{"Est. tempo de leitura":"1 minuto"},"schema":{"@context":"https:\/\/schema.org","@graph":[{"@type":"WebPage","@id":"https:\/\/construfortasb.com.br\/loja\/produto\/garrafa-termica-de-pressao-500ml-nobile-mor-ceu-azul\/","url":"https:\/\/construfortasb.com.br\/loja\/produto\/garrafa-termica-de-pressao-500ml-nobile-mor-ceu-azul\/","name":"Garrafa T\u00e9rmica de Press\u00e3o 500mL Nobile Mor - C\u00e9u Azul - Construfort Materiais de Constru\u00e7\u00e3o","isPartOf":{"@id":"https:\/\/construfortasb.com.br\/loja\/#website"},"datePublished":"2021-06-04T16:08:18+00:00","dateModified":"2021-06-04T17:03:27+00:00","breadcrumb":{"@id":"https:\/\/construfortasb.com.br\/loja\/produto\/garrafa-termica-de-pressao-500ml-nobile-mor-ceu-azul\/#breadcrumb"},"inLanguage":"pt-BR","potentialAction":[{"@type":"ReadAction","target":["https:\/\/construfortasb.com.br\/loja\/produto\/garrafa-termica-de-pressao-500ml-nobile-mor-ceu-azul\/"]}]},{"@type":"BreadcrumbList","@id":"https:\/\/construfortasb.com.br\/loja\/produto\/garrafa-termica-de-pressao-500ml-nobile-mor-ceu-azul\/#breadcrumb","itemListElement":[{"@type":"ListItem","position":1,"name":"In\u00edcio","item":"https:\/\/construfortasb.com.br\/loja\/"},{"@type":"ListItem","position":2,"name":"Loja Virtual","item":"https:\/\/construfortasb.com.br\/loja\/loja\/"},{"@type":"ListItem","position":3,"name":"Garrafa T\u00e9rmica de Press\u00e3o 500mL Nobile Mor &#8211; C\u00e9u Azul"}]},{"@type":"WebSite","@id":"https:\/\/construfortasb.com.br\/loja\/#website","url":"https:\/\/construfortasb.com.br\/loja\/","name":"Construfort Materiais de Constru\u00e7\u00e3o","description":"Sua melhor op\u00e7\u00e3o em materiais de constru\u00e7\u00e3o","potentialAction":[{"@type":"SearchAction","target":{"@type":"EntryPoint","urlTemplate":"https:\/\/construfortasb.com.br\/loja\/?s={search_term_string}"},"query-input":"required name=search_term_string"}],"inLanguage":"pt-BR"}]}},"_links":{"self":[{"href":"https:\/\/construfortasb.com.br\/loja\/wp-json\/wp\/v2\/product\/2989"}],"collection":[{"href":"https:\/\/construfortasb.com.br\/loja\/wp-json\/wp\/v2\/product"}],"about":[{"href":"https:\/\/construfortasb.com.br\/loja\/wp-json\/wp\/v2\/types\/product"}],"replies":[{"embeddable":true,"href":"https:\/\/construfortasb.com.br\/loja\/wp-json\/wp\/v2\/comments?post=2989"}],"wp:attachment":[{"href":"https:\/\/construfortasb.com.br\/loja\/wp-json\/wp\/v2\/media?parent=2989"}],"wp:term":[{"taxonomy":"product_cat","embeddable":true,"href":"https:\/\/construfortasb.com.br\/loja\/wp-json\/wp\/v2\/product_cat?post=2989"},{"taxonomy":"product_tag","embeddable":true,"href":"https:\/\/construfortasb.com.br\/loja\/wp-json\/wp\/v2\/product_tag?post=2989"}],"curies":[{"name":"wp","href":"https:\/\/api.w.org\/{rel}","templated":true}]}}