{"id":2994,"date":"2021-06-05T09:14:40","date_gmt":"2021-06-05T12:14:40","guid":{"rendered":"https:\/\/construfortasb.com.br\/loja\/?post_type=product&#038;p=2994"},"modified":"2021-06-05T09:22:45","modified_gmt":"2021-06-05T12:22:45","slug":"sanduicheira-mini-grill-cadence-127v","status":"publish","type":"product","link":"https:\/\/construfortasb.com.br\/loja\/produto\/sanduicheira-mini-grill-cadence-127v\/","title":{"rendered":"Sanduicheira Mini Grill Cadence 127V"},"content":{"rendered":"<p>Descri\u00e7\u00e3o do Produto<br \/>\nPrepara legumes, frutos do mar, carnes, hamb\u00fargueres, sandu\u00edches, peixes, ovos e muito mais. Grelha de maneira uniforme e ao mesmo tempo ambos os lados do alimento.<br \/>\nPossui superf\u00edcies antiaderentes que facilitam a limpeza. Seus indicadores luminosos sinalizam quando o produto est\u00e1 conectado na tomada e quando o produto est\u00e1 pronto para o uso. Conta com porta fio na base, que facilita na hora de guardar o produto. A al\u00e7a isot\u00e9rmica n\u00e3o esquenta, facilitando o manuseio do aparelho e ajudando a prevenir acidentes. Tem presilha de seguran\u00e7a: garante um fechamento perfeito.<\/p>\n<p>Diferencias:<br \/>\n&#8211; Antiaderente &#8211; n\u00e3o deixa o alimento grudar e facilita na hora da limpeza.<br \/>\n&#8211; Grill duplo &#8211; grelha de maneira uniforme e ao mesmo tempo.<br \/>\n&#8211; LED indicadores &#8211; mostra quando o produto est\u00e1 ligado e quando est\u00e1 aquecido.<br \/>\n&#8211; Al\u00e7a com trava &#8211; mant\u00e9m o produto fechado, ajuda na preven\u00e7\u00e3o de acidentes.<br \/>\n&#8211; Porta fio &#8211; praticidade na hora de guardar o produto.<\/p>\n<p>Especifica\u00e7\u00f5es T\u00e9cnicas<\/p>\n<p>Modelo &#8211; SAN252-127 Tens\u00e3o &#8211; 127V Pot\u00eancia &#8211; 750 W Consumo &#8211; 0,75kWh Dimens\u00f5es [LxAxP] &#8211; 228 x 94 x 235mm Garantia &#8211; 6 meses C\u00f3digo de barras &#8211; 7898615980700<\/p>\n","protected":false},"excerpt":{"rendered":"<p>O contraste que te faz ser \u00fanico! A Sanduicheira Minigrill Contrast \u00e9 a solu\u00e7\u00e3o perfeita para quem quer preparar um caf\u00e9 da manh\u00e3 completo<br \/>\ne saboroso para a fam\u00edlia. Ou aquele lanche para seu filho levar na escola. A nova linha Cadence Contrast \u00e9 uma<br \/>\ncombina\u00e7\u00e3o de cores que chegou para transformar a cozinha!<\/p>\n","protected":false},"featured_media":2999,"comment_status":"open","ping_status":"closed","template":"","meta":{"inline_featured_image":false},"product_cat":[194],"product_tag":[203,206,205,204],"yoast_head":"<!-- This site is optimized with the Yoast SEO plugin v19.13 - https:\/\/yoast.com\/wordpress\/plugins\/seo\/ -->\n<title>Sanduicheira Mini Grill Cadence 127V - Construfort Materiais de Constru\u00e7\u00e3o<\/title>\n<meta name=\"robots\" content=\"index, follow, max-snippet:-1, max-image-preview:large, max-video-preview:-1\" \/>\n<link rel=\"canonical\" href=\"https:\/\/construfortasb.com.br\/loja\/produto\/sanduicheira-mini-grill-cadence-127v\/\" \/>\n<meta property=\"og:locale\" content=\"pt_BR\" \/>\n<meta property=\"og:type\" content=\"article\" \/>\n<meta property=\"og:title\" content=\"Sanduicheira Mini Grill Cadence 127V - Construfort Materiais de Constru\u00e7\u00e3o\" \/>\n<meta property=\"og:description\" content=\"O contraste que te faz ser \u00fanico! A Sanduicheira Minigrill Contrast \u00e9 a solu\u00e7\u00e3o perfeita para quem quer preparar um caf\u00e9 da manh\u00e3 completo e saboroso para a fam\u00edlia. Ou aquele lanche para seu filho levar na escola. A nova linha Cadence Contrast \u00e9 uma combina\u00e7\u00e3o de cores que chegou para transformar a cozinha!\" \/>\n<meta property=\"og:url\" content=\"https:\/\/construfortasb.com.br\/loja\/produto\/sanduicheira-mini-grill-cadence-127v\/\" \/>\n<meta property=\"og:site_name\" content=\"Construfort Materiais de Constru\u00e7\u00e3o\" \/>\n<meta property=\"article:modified_time\" content=\"2021-06-05T12:22:45+00:00\" \/>\n<meta property=\"og:image\" content=\"https:\/\/construfortasb.com.br\/loja\/wp-content\/uploads\/2021\/06\/SAN252-1.jpg\" \/>\n\t<meta property=\"og:image:width\" content=\"1000\" \/>\n\t<meta property=\"og:image:height\" content=\"1000\" \/>\n\t<meta property=\"og:image:type\" content=\"image\/jpeg\" \/>\n<meta name=\"twitter:card\" content=\"summary_large_image\" \/>\n<meta name=\"twitter:label1\" content=\"Est. tempo de leitura\" \/>\n\t<meta name=\"twitter:data1\" content=\"1 minuto\" \/>\n<script type=\"application\/ld+json\" class=\"yoast-schema-graph\">{\"@context\":\"https:\/\/schema.org\",\"@graph\":[{\"@type\":\"WebPage\",\"@id\":\"https:\/\/construfortasb.com.br\/loja\/produto\/sanduicheira-mini-grill-cadence-127v\/\",\"url\":\"https:\/\/construfortasb.com.br\/loja\/produto\/sanduicheira-mini-grill-cadence-127v\/\",\"name\":\"Sanduicheira Mini Grill Cadence 127V - Construfort Materiais de Constru\u00e7\u00e3o\",\"isPartOf\":{\"@id\":\"https:\/\/construfortasb.com.br\/loja\/#website\"},\"datePublished\":\"2021-06-05T12:14:40+00:00\",\"dateModified\":\"2021-06-05T12:22:45+00:00\",\"breadcrumb\":{\"@id\":\"https:\/\/construfortasb.com.br\/loja\/produto\/sanduicheira-mini-grill-cadence-127v\/#breadcrumb\"},\"inLanguage\":\"pt-BR\",\"potentialAction\":[{\"@type\":\"ReadAction\",\"target\":[\"https:\/\/construfortasb.com.br\/loja\/produto\/sanduicheira-mini-grill-cadence-127v\/\"]}]},{\"@type\":\"BreadcrumbList\",\"@id\":\"https:\/\/construfortasb.com.br\/loja\/produto\/sanduicheira-mini-grill-cadence-127v\/#breadcrumb\",\"itemListElement\":[{\"@type\":\"ListItem\",\"position\":1,\"name\":\"In\u00edcio\",\"item\":\"https:\/\/construfortasb.com.br\/loja\/\"},{\"@type\":\"ListItem\",\"position\":2,\"name\":\"Loja Virtual\",\"item\":\"https:\/\/construfortasb.com.br\/loja\/loja\/\"},{\"@type\":\"ListItem\",\"position\":3,\"name\":\"Sanduicheira Mini Grill Cadence 127V\"}]},{\"@type\":\"WebSite\",\"@id\":\"https:\/\/construfortasb.com.br\/loja\/#website\",\"url\":\"https:\/\/construfortasb.com.br\/loja\/\",\"name\":\"Construfort Materiais de Constru\u00e7\u00e3o\",\"description\":\"Sua melhor op\u00e7\u00e3o em materiais de constru\u00e7\u00e3o\",\"potentialAction\":[{\"@type\":\"SearchAction\",\"target\":{\"@type\":\"EntryPoint\",\"urlTemplate\":\"https:\/\/construfortasb.com.br\/loja\/?s={search_term_string}\"},\"query-input\":\"required name=search_term_string\"}],\"inLanguage\":\"pt-BR\"}]}<\/script>\n<!-- \/ Yoast SEO plugin. -->","yoast_head_json":{"title":"Sanduicheira Mini Grill Cadence 127V - Construfort Materiais de Constru\u00e7\u00e3o","robots":{"index":"index","follow":"follow","max-snippet":"max-snippet:-1","max-image-preview":"max-image-preview:large","max-video-preview":"max-video-preview:-1"},"canonical":"https:\/\/construfortasb.com.br\/loja\/produto\/sanduicheira-mini-grill-cadence-127v\/","og_locale":"pt_BR","og_type":"article","og_title":"Sanduicheira Mini Grill Cadence 127V - Construfort Materiais de Constru\u00e7\u00e3o","og_description":"O contraste que te faz ser \u00fanico! A Sanduicheira Minigrill Contrast \u00e9 a solu\u00e7\u00e3o perfeita para quem quer preparar um caf\u00e9 da manh\u00e3 completo e saboroso para a fam\u00edlia. Ou aquele lanche para seu filho levar na escola. A nova linha Cadence Contrast \u00e9 uma combina\u00e7\u00e3o de cores que chegou para transformar a cozinha!","og_url":"https:\/\/construfortasb.com.br\/loja\/produto\/sanduicheira-mini-grill-cadence-127v\/","og_site_name":"Construfort Materiais de Constru\u00e7\u00e3o","article_modified_time":"2021-06-05T12:22:45+00:00","og_image":[{"width":1000,"height":1000,"url":"https:\/\/construfortasb.com.br\/loja\/wp-content\/uploads\/2021\/06\/SAN252-1.jpg","type":"image\/jpeg"}],"twitter_card":"summary_large_image","twitter_misc":{"Est. tempo de leitura":"1 minuto"},"schema":{"@context":"https:\/\/schema.org","@graph":[{"@type":"WebPage","@id":"https:\/\/construfortasb.com.br\/loja\/produto\/sanduicheira-mini-grill-cadence-127v\/","url":"https:\/\/construfortasb.com.br\/loja\/produto\/sanduicheira-mini-grill-cadence-127v\/","name":"Sanduicheira Mini Grill Cadence 127V - Construfort Materiais de Constru\u00e7\u00e3o","isPartOf":{"@id":"https:\/\/construfortasb.com.br\/loja\/#website"},"datePublished":"2021-06-05T12:14:40+00:00","dateModified":"2021-06-05T12:22:45+00:00","breadcrumb":{"@id":"https:\/\/construfortasb.com.br\/loja\/produto\/sanduicheira-mini-grill-cadence-127v\/#breadcrumb"},"inLanguage":"pt-BR","potentialAction":[{"@type":"ReadAction","target":["https:\/\/construfortasb.com.br\/loja\/produto\/sanduicheira-mini-grill-cadence-127v\/"]}]},{"@type":"BreadcrumbList","@id":"https:\/\/construfortasb.com.br\/loja\/produto\/sanduicheira-mini-grill-cadence-127v\/#breadcrumb","itemListElement":[{"@type":"ListItem","position":1,"name":"In\u00edcio","item":"https:\/\/construfortasb.com.br\/loja\/"},{"@type":"ListItem","position":2,"name":"Loja Virtual","item":"https:\/\/construfortasb.com.br\/loja\/loja\/"},{"@type":"ListItem","position":3,"name":"Sanduicheira Mini Grill Cadence 127V"}]},{"@type":"WebSite","@id":"https:\/\/construfortasb.com.br\/loja\/#website","url":"https:\/\/construfortasb.com.br\/loja\/","name":"Construfort Materiais de Constru\u00e7\u00e3o","description":"Sua melhor op\u00e7\u00e3o em materiais de constru\u00e7\u00e3o","potentialAction":[{"@type":"SearchAction","target":{"@type":"EntryPoint","urlTemplate":"https:\/\/construfortasb.com.br\/loja\/?s={search_term_string}"},"query-input":"required name=search_term_string"}],"inLanguage":"pt-BR"}]}},"_links":{"self":[{"href":"https:\/\/construfortasb.com.br\/loja\/wp-json\/wp\/v2\/product\/2994"}],"collection":[{"href":"https:\/\/construfortasb.com.br\/loja\/wp-json\/wp\/v2\/product"}],"about":[{"href":"https:\/\/construfortasb.com.br\/loja\/wp-json\/wp\/v2\/types\/product"}],"replies":[{"embeddable":true,"href":"https:\/\/construfortasb.com.br\/loja\/wp-json\/wp\/v2\/comments?post=2994"}],"wp:featuredmedia":[{"embeddable":true,"href":"https:\/\/construfortasb.com.br\/loja\/wp-json\/wp\/v2\/media\/2999"}],"wp:attachment":[{"href":"https:\/\/construfortasb.com.br\/loja\/wp-json\/wp\/v2\/media?parent=2994"}],"wp:term":[{"taxonomy":"product_cat","embeddable":true,"href":"https:\/\/construfortasb.com.br\/loja\/wp-json\/wp\/v2\/product_cat?post=2994"},{"taxonomy":"product_tag","embeddable":true,"href":"https:\/\/construfortasb.com.br\/loja\/wp-json\/wp\/v2\/product_tag?post=2994"}],"curies":[{"name":"wp","href":"https:\/\/api.w.org\/{rel}","templated":true}]}}