{"id":3013,"date":"2021-06-05T10:23:31","date_gmt":"2021-06-05T13:23:31","guid":{"rendered":"https:\/\/construfortasb.com.br\/loja\/?post_type=product&#038;p=3013"},"modified":"2021-06-05T10:23:32","modified_gmt":"2021-06-05T13:23:32","slug":"omeleteira-cadence-egg-127v","status":"publish","type":"product","link":"https:\/\/construfortasb.com.br\/loja\/produto\/omeleteira-cadence-egg-127v\/","title":{"rendered":"Omeleteira Cadence + EGG 127V"},"content":{"rendered":"<p>A Omeleteira EGG \u00e9 muito r\u00e1pida e pr\u00e1tica: basta bater os ovos, colocar os recheios da sua prefer\u00eancia e em poucos minutos estar\u00e3o prontos seus dois omeletes. Solte a sua imagina\u00e7\u00e3o e crie os mais saborosos recheios, como: carnes, frango, peixes, frutos do mar, vegetariano, legumes, temperos, queijos e tudo que a sua criatividade mandar. Suas chapas antiaderentes de alta qualidade n\u00e3o deixam o alimento grudar, facilitando a limpeza e garantindo mais durabilidade ao produto. Possui leds indicadores de ligado e aquecimento, al\u00e7as que n\u00e3o esquentam e p\u00e9s antiderrapantes. Conta ainda com porta fio na base, que garante mais praticidade para guardar e acompanha uma pr\u00e1tica esp\u00e1tula para servir.<\/p>\n<p>Diferencias:<br \/>\n&#8211; Vers\u00e1til: prepara omeletes, ovos poch\u00e9, tortilhas, calzones e pizzas fritas com os mais diversos recheios.<\/p>\n<p>&#8211; Chapas antiaderentes de alta qualidade: N\u00e3o deixam o alimento grudar, facilitando a limpeza.<\/p>\n<p>&#8211; Porta fio na base: muito mais praticidade para guardar o produto.<\/p>\n<p>&#8211; Al\u00e7as isot\u00e9rmicas: n\u00e3o esquentam, oferecendo mais seguran\u00e7a no manuseio.<\/p>\n<p>&#8211; Leds indicadores: indicam quando o produto est\u00e1 ligado e em aquecimento.<\/p>\n<p>Selo de Seguran\u00e7a OCP SGS<\/p>\n","protected":false},"excerpt":{"rendered":"<p>Agora ficou muito mais f\u00e1cil preparar lanches com a Omeleteira +Egg da Cadence! Basta bater os ovos, colocar o recheio que voc\u00ea prefere e em poucos minutos, dois omeletes estar\u00e3o prontos.<\/p>\n<p>&nbsp;<\/p>\n<p>V\u00e1 al\u00e9m!<\/p>\n<p>Prepare tortilhas, calzones, pizzas fritas, ovos poch\u00e9 e cries variados recheios, como carnes, frango, legumes, queijos e temperos.<\/p>\n<p>&nbsp;<\/p>\n<p>Antiaderente!<\/p>\n<p>As chapas antiaderentes da Omeleteira n\u00e3o deixam o alimento grudar, o que facilita a limpeza e garante \u00f3tima durabilidade. Al\u00e9m disso, possui leds indicadores, para visar quando o produto est\u00e1 ligado e aquecendo.<\/p>\n<p>&nbsp;<\/p>\n<p>Seguran\u00e7a!<\/p>\n<p>As al\u00e7as isot\u00e9rmicas proporcionam maior seguran\u00e7a e praticidade no manuseio. Com porta fio na base, \u00e9 muito mais f\u00e1cil guardar o produto.<\/p>\n<p>&nbsp;<\/p>\n<p>Sirva saborosos pratos com o aux\u00edlio da Omeleteira +Egg da Cadence!<\/p>\n<p>&nbsp;<\/p>\n<p>O que vai na caixa?<\/p>\n<p>&nbsp;<\/p>\n<p>&#8211; 1 Omeleteira Cadence<\/p>\n<p>&#8211; Manual de instru\u00e7\u00f5es<\/p>\n<p>&nbsp;<\/p>\n<p>Vantagens:<\/p>\n<p>&nbsp;<\/p>\n<p>&#8211; Leds indicadores de ligado e aquecimento<\/p>\n<p>&#8211; Superficies antiderrapantes de alta qualidade<\/p>\n<p>&#8211; Chapas antiderrapantes N\u00e3o deixam os alimentos grudarem e s\u00e3o mais f\u00e1ceis de limpar<\/p>\n<p>&#8211; Prepare omeletes com v\u00e1rios tipos de recheio, tortilhas, ovos e muito mais!<\/p>\n<p>&#8211; \u00c9 muito r\u00e1pida e pr\u00e1tica: bastar bater os ovos, colocar os recheios da sua prefer\u00eancia e em poucos<\/p>\n<p>minutos estar\u00e3o prontos<\/p>\n<p>&nbsp;<\/p>\n<p>Ficha t\u00e9cnica:<\/p>\n<p>&nbsp;<\/p>\n<p>&#8211; Marca: Cadence<\/p>\n<p>&#8211; Modelo: OML100-127<\/p>\n<p>&#8211; Tens\u00e3o: 127V<\/p>\n<p>&#8211; Pot\u00eancia : 1000W<\/p>\n<p>&#8211; Frequ\u00eancia: 60Hz<\/p>\n<p>&#8211; Consumo: 1,00kWh<\/p>\n<p>&#8211; Fun\u00e7\u00f5es: Fazer omelete, tortilhas, calzones, pizzas fritas, ovos poch\u00e9 e cries variados recheios, como carnes, frango, legumes, queijos e temperos<\/p>\n","protected":false},"featured_media":3014,"comment_status":"open","ping_status":"closed","template":"","meta":{"inline_featured_image":false},"product_cat":[194],"product_tag":[203,215,216],"yoast_head":"<!-- This site is optimized with the Yoast SEO plugin v19.13 - https:\/\/yoast.com\/wordpress\/plugins\/seo\/ -->\n<title>Omeleteira Cadence + EGG 127V - Construfort Materiais de Constru\u00e7\u00e3o<\/title>\n<meta name=\"robots\" content=\"index, follow, max-snippet:-1, max-image-preview:large, max-video-preview:-1\" \/>\n<link rel=\"canonical\" href=\"https:\/\/construfortasb.com.br\/loja\/produto\/omeleteira-cadence-egg-127v\/\" \/>\n<meta property=\"og:locale\" content=\"pt_BR\" \/>\n<meta property=\"og:type\" content=\"article\" \/>\n<meta property=\"og:title\" content=\"Omeleteira Cadence + EGG 127V - Construfort Materiais de Constru\u00e7\u00e3o\" \/>\n<meta property=\"og:description\" content=\"Agora ficou muito mais f\u00e1cil preparar lanches com a Omeleteira +Egg da Cadence! Basta bater os ovos, colocar o recheio que voc\u00ea prefere e em poucos minutos, dois omeletes estar\u00e3o prontos.  &nbsp;  V\u00e1 al\u00e9m!  Prepare tortilhas, calzones, pizzas fritas, ovos poch\u00e9 e cries variados recheios, como carnes, frango, legumes, queijos e temperos.  &nbsp;  Antiaderente!  As chapas antiaderentes da Omeleteira n\u00e3o deixam o alimento grudar, o que facilita a limpeza e garante \u00f3tima durabilidade. Al\u00e9m disso, possui leds indicadores, para visar quando o produto est\u00e1 ligado e aquecendo.  &nbsp;  Seguran\u00e7a!  As al\u00e7as isot\u00e9rmicas proporcionam maior seguran\u00e7a e praticidade no manuseio. Com porta fio na base, \u00e9 muito mais f\u00e1cil guardar o produto.  &nbsp;  Sirva saborosos pratos com o aux\u00edlio da Omeleteira +Egg da Cadence!  &nbsp;  O que vai na caixa?  &nbsp;  - 1 Omeleteira Cadence  - Manual de instru\u00e7\u00f5es  &nbsp;  Vantagens:  &nbsp;  - Leds indicadores de ligado e aquecimento  - Superficies antiderrapantes de alta qualidade  - Chapas antiderrapantes N\u00e3o deixam os alimentos grudarem e s\u00e3o mais f\u00e1ceis de limpar  - Prepare omeletes com v\u00e1rios tipos de recheio, tortilhas, ovos e muito mais!  - \u00c9 muito r\u00e1pida e pr\u00e1tica: bastar bater os ovos, colocar os recheios da sua prefer\u00eancia e em poucos  minutos estar\u00e3o prontos  &nbsp;  Ficha t\u00e9cnica:  &nbsp;  - Marca: Cadence  - Modelo: OML100-127  - Tens\u00e3o: 127V  - Pot\u00eancia : 1000W  - Frequ\u00eancia: 60Hz  - Consumo: 1,00kWh  - Fun\u00e7\u00f5es: Fazer omelete, tortilhas, calzones, pizzas fritas, ovos poch\u00e9 e cries variados recheios, como carnes, frango, legumes, queijos e temperos\" \/>\n<meta property=\"og:url\" content=\"https:\/\/construfortasb.com.br\/loja\/produto\/omeleteira-cadence-egg-127v\/\" \/>\n<meta property=\"og:site_name\" content=\"Construfort Materiais de Constru\u00e7\u00e3o\" \/>\n<meta property=\"article:modified_time\" content=\"2021-06-05T13:23:32+00:00\" \/>\n<meta property=\"og:image\" content=\"https:\/\/construfortasb.com.br\/loja\/wp-content\/uploads\/2021\/06\/oml100-omeleteira-egg-1856.jpg\" \/>\n\t<meta property=\"og:image:width\" content=\"1000\" \/>\n\t<meta property=\"og:image:height\" content=\"1000\" \/>\n\t<meta property=\"og:image:type\" content=\"image\/jpeg\" \/>\n<meta name=\"twitter:card\" content=\"summary_large_image\" \/>\n<meta name=\"twitter:label1\" content=\"Est. tempo de leitura\" \/>\n\t<meta name=\"twitter:data1\" content=\"1 minuto\" \/>\n<script type=\"application\/ld+json\" class=\"yoast-schema-graph\">{\"@context\":\"https:\/\/schema.org\",\"@graph\":[{\"@type\":\"WebPage\",\"@id\":\"https:\/\/construfortasb.com.br\/loja\/produto\/omeleteira-cadence-egg-127v\/\",\"url\":\"https:\/\/construfortasb.com.br\/loja\/produto\/omeleteira-cadence-egg-127v\/\",\"name\":\"Omeleteira Cadence + EGG 127V - Construfort Materiais de Constru\u00e7\u00e3o\",\"isPartOf\":{\"@id\":\"https:\/\/construfortasb.com.br\/loja\/#website\"},\"datePublished\":\"2021-06-05T13:23:31+00:00\",\"dateModified\":\"2021-06-05T13:23:32+00:00\",\"breadcrumb\":{\"@id\":\"https:\/\/construfortasb.com.br\/loja\/produto\/omeleteira-cadence-egg-127v\/#breadcrumb\"},\"inLanguage\":\"pt-BR\",\"potentialAction\":[{\"@type\":\"ReadAction\",\"target\":[\"https:\/\/construfortasb.com.br\/loja\/produto\/omeleteira-cadence-egg-127v\/\"]}]},{\"@type\":\"BreadcrumbList\",\"@id\":\"https:\/\/construfortasb.com.br\/loja\/produto\/omeleteira-cadence-egg-127v\/#breadcrumb\",\"itemListElement\":[{\"@type\":\"ListItem\",\"position\":1,\"name\":\"In\u00edcio\",\"item\":\"https:\/\/construfortasb.com.br\/loja\/\"},{\"@type\":\"ListItem\",\"position\":2,\"name\":\"Loja Virtual\",\"item\":\"https:\/\/construfortasb.com.br\/loja\/loja\/\"},{\"@type\":\"ListItem\",\"position\":3,\"name\":\"Omeleteira Cadence + EGG 127V\"}]},{\"@type\":\"WebSite\",\"@id\":\"https:\/\/construfortasb.com.br\/loja\/#website\",\"url\":\"https:\/\/construfortasb.com.br\/loja\/\",\"name\":\"Construfort Materiais de Constru\u00e7\u00e3o\",\"description\":\"Sua melhor op\u00e7\u00e3o em materiais de constru\u00e7\u00e3o\",\"potentialAction\":[{\"@type\":\"SearchAction\",\"target\":{\"@type\":\"EntryPoint\",\"urlTemplate\":\"https:\/\/construfortasb.com.br\/loja\/?s={search_term_string}\"},\"query-input\":\"required name=search_term_string\"}],\"inLanguage\":\"pt-BR\"}]}<\/script>\n<!-- \/ Yoast SEO plugin. -->","yoast_head_json":{"title":"Omeleteira Cadence + EGG 127V - Construfort Materiais de Constru\u00e7\u00e3o","robots":{"index":"index","follow":"follow","max-snippet":"max-snippet:-1","max-image-preview":"max-image-preview:large","max-video-preview":"max-video-preview:-1"},"canonical":"https:\/\/construfortasb.com.br\/loja\/produto\/omeleteira-cadence-egg-127v\/","og_locale":"pt_BR","og_type":"article","og_title":"Omeleteira Cadence + EGG 127V - Construfort Materiais de Constru\u00e7\u00e3o","og_description":"Agora ficou muito mais f\u00e1cil preparar lanches com a Omeleteira +Egg da Cadence! Basta bater os ovos, colocar o recheio que voc\u00ea prefere e em poucos minutos, dois omeletes estar\u00e3o prontos.  &nbsp;  V\u00e1 al\u00e9m!  Prepare tortilhas, calzones, pizzas fritas, ovos poch\u00e9 e cries variados recheios, como carnes, frango, legumes, queijos e temperos.  &nbsp;  Antiaderente!  As chapas antiaderentes da Omeleteira n\u00e3o deixam o alimento grudar, o que facilita a limpeza e garante \u00f3tima durabilidade. Al\u00e9m disso, possui leds indicadores, para visar quando o produto est\u00e1 ligado e aquecendo.  &nbsp;  Seguran\u00e7a!  As al\u00e7as isot\u00e9rmicas proporcionam maior seguran\u00e7a e praticidade no manuseio. Com porta fio na base, \u00e9 muito mais f\u00e1cil guardar o produto.  &nbsp;  Sirva saborosos pratos com o aux\u00edlio da Omeleteira +Egg da Cadence!  &nbsp;  O que vai na caixa?  &nbsp;  - 1 Omeleteira Cadence  - Manual de instru\u00e7\u00f5es  &nbsp;  Vantagens:  &nbsp;  - Leds indicadores de ligado e aquecimento  - Superficies antiderrapantes de alta qualidade  - Chapas antiderrapantes N\u00e3o deixam os alimentos grudarem e s\u00e3o mais f\u00e1ceis de limpar  - Prepare omeletes com v\u00e1rios tipos de recheio, tortilhas, ovos e muito mais!  - \u00c9 muito r\u00e1pida e pr\u00e1tica: bastar bater os ovos, colocar os recheios da sua prefer\u00eancia e em poucos  minutos estar\u00e3o prontos  &nbsp;  Ficha t\u00e9cnica:  &nbsp;  - Marca: Cadence  - Modelo: OML100-127  - Tens\u00e3o: 127V  - Pot\u00eancia : 1000W  - Frequ\u00eancia: 60Hz  - Consumo: 1,00kWh  - Fun\u00e7\u00f5es: Fazer omelete, tortilhas, calzones, pizzas fritas, ovos poch\u00e9 e cries variados recheios, como carnes, frango, legumes, queijos e temperos","og_url":"https:\/\/construfortasb.com.br\/loja\/produto\/omeleteira-cadence-egg-127v\/","og_site_name":"Construfort Materiais de Constru\u00e7\u00e3o","article_modified_time":"2021-06-05T13:23:32+00:00","og_image":[{"width":1000,"height":1000,"url":"https:\/\/construfortasb.com.br\/loja\/wp-content\/uploads\/2021\/06\/oml100-omeleteira-egg-1856.jpg","type":"image\/jpeg"}],"twitter_card":"summary_large_image","twitter_misc":{"Est. tempo de leitura":"1 minuto"},"schema":{"@context":"https:\/\/schema.org","@graph":[{"@type":"WebPage","@id":"https:\/\/construfortasb.com.br\/loja\/produto\/omeleteira-cadence-egg-127v\/","url":"https:\/\/construfortasb.com.br\/loja\/produto\/omeleteira-cadence-egg-127v\/","name":"Omeleteira Cadence + EGG 127V - Construfort Materiais de Constru\u00e7\u00e3o","isPartOf":{"@id":"https:\/\/construfortasb.com.br\/loja\/#website"},"datePublished":"2021-06-05T13:23:31+00:00","dateModified":"2021-06-05T13:23:32+00:00","breadcrumb":{"@id":"https:\/\/construfortasb.com.br\/loja\/produto\/omeleteira-cadence-egg-127v\/#breadcrumb"},"inLanguage":"pt-BR","potentialAction":[{"@type":"ReadAction","target":["https:\/\/construfortasb.com.br\/loja\/produto\/omeleteira-cadence-egg-127v\/"]}]},{"@type":"BreadcrumbList","@id":"https:\/\/construfortasb.com.br\/loja\/produto\/omeleteira-cadence-egg-127v\/#breadcrumb","itemListElement":[{"@type":"ListItem","position":1,"name":"In\u00edcio","item":"https:\/\/construfortasb.com.br\/loja\/"},{"@type":"ListItem","position":2,"name":"Loja Virtual","item":"https:\/\/construfortasb.com.br\/loja\/loja\/"},{"@type":"ListItem","position":3,"name":"Omeleteira Cadence + EGG 127V"}]},{"@type":"WebSite","@id":"https:\/\/construfortasb.com.br\/loja\/#website","url":"https:\/\/construfortasb.com.br\/loja\/","name":"Construfort Materiais de Constru\u00e7\u00e3o","description":"Sua melhor op\u00e7\u00e3o em materiais de constru\u00e7\u00e3o","potentialAction":[{"@type":"SearchAction","target":{"@type":"EntryPoint","urlTemplate":"https:\/\/construfortasb.com.br\/loja\/?s={search_term_string}"},"query-input":"required name=search_term_string"}],"inLanguage":"pt-BR"}]}},"_links":{"self":[{"href":"https:\/\/construfortasb.com.br\/loja\/wp-json\/wp\/v2\/product\/3013"}],"collection":[{"href":"https:\/\/construfortasb.com.br\/loja\/wp-json\/wp\/v2\/product"}],"about":[{"href":"https:\/\/construfortasb.com.br\/loja\/wp-json\/wp\/v2\/types\/product"}],"replies":[{"embeddable":true,"href":"https:\/\/construfortasb.com.br\/loja\/wp-json\/wp\/v2\/comments?post=3013"}],"wp:featuredmedia":[{"embeddable":true,"href":"https:\/\/construfortasb.com.br\/loja\/wp-json\/wp\/v2\/media\/3014"}],"wp:attachment":[{"href":"https:\/\/construfortasb.com.br\/loja\/wp-json\/wp\/v2\/media?parent=3013"}],"wp:term":[{"taxonomy":"product_cat","embeddable":true,"href":"https:\/\/construfortasb.com.br\/loja\/wp-json\/wp\/v2\/product_cat?post=3013"},{"taxonomy":"product_tag","embeddable":true,"href":"https:\/\/construfortasb.com.br\/loja\/wp-json\/wp\/v2\/product_tag?post=3013"}],"curies":[{"name":"wp","href":"https:\/\/api.w.org\/{rel}","templated":true}]}}