{"id":3017,"date":"2021-06-05T10:40:08","date_gmt":"2021-06-05T13:40:08","guid":{"rendered":"https:\/\/construfortasb.com.br\/loja\/?post_type=product&#038;p=3017"},"modified":"2021-06-05T10:40:08","modified_gmt":"2021-06-05T13:40:08","slug":"liquidificador-cadence-pratic-plus-127v","status":"publish","type":"product","link":"https:\/\/construfortasb.com.br\/loja\/produto\/liquidificador-cadence-pratic-plus-127v\/","title":{"rendered":"Liquidificador Cadence Pratic Plus &#8211; 127V"},"content":{"rendered":"<p>Um liquidificador pr\u00e1tico e compacto. Perfeito para os que precisam de uma boa vitamina logo pela manh\u00e3 e sucos deliciosos no final<br \/>\nda tarde. Com um f\u00e1cil manuseio, ele conta com 800W de pot\u00eancia, sistema de 4 velocidades + pulsar e 2,1L de capacidade total. L\u00e2minas resistentes e feitas de a\u00e7o inox. Aumentando, assim, sua durabilidade e mantendo seu desempenho por muito mais tempo.<br \/>\nMarca: Cadence<br \/>\nCapacidade:2,1 Litro<br \/>\nVoltagem: 127 Voltagem<br \/>\nCod:2069502<\/p>\n","protected":false},"excerpt":{"rendered":"<p>Um liquidificador pr\u00e1tico e compacto. Perfeito para os que precisam de uma boa vitamina logo pela manh\u00e3 e sucos deliciosos no final da tarde. Com um f\u00e1cil manuseio, ele conta com 800W de pot\u00eancia, sistema de 4 velocidades + pulsar e 2,1L de capacidade total. L\u00e2minas resistentes e feitas de a\u00e7o inox. Aumentando, assim, sua [&hellip;]<\/p>\n","protected":false},"featured_media":3018,"comment_status":"open","ping_status":"closed","template":"","meta":{"inline_featured_image":false},"product_cat":[194],"product_tag":[212,213,214],"yoast_head":"<!-- This site is optimized with the Yoast SEO plugin v19.13 - https:\/\/yoast.com\/wordpress\/plugins\/seo\/ -->\n<title>Liquidificador Cadence Pratic Plus - 127V - Construfort Materiais de Constru\u00e7\u00e3o<\/title>\n<meta name=\"robots\" content=\"index, follow, max-snippet:-1, max-image-preview:large, max-video-preview:-1\" \/>\n<link rel=\"canonical\" href=\"https:\/\/construfortasb.com.br\/loja\/produto\/liquidificador-cadence-pratic-plus-127v\/\" \/>\n<meta property=\"og:locale\" content=\"pt_BR\" \/>\n<meta property=\"og:type\" content=\"article\" \/>\n<meta property=\"og:title\" content=\"Liquidificador Cadence Pratic Plus - 127V - Construfort Materiais de Constru\u00e7\u00e3o\" \/>\n<meta property=\"og:description\" content=\"Um liquidificador pr\u00e1tico e compacto. Perfeito para os que precisam de uma boa vitamina logo pela manh\u00e3 e sucos deliciosos no final da tarde. Com um f\u00e1cil manuseio, ele conta com 800W de pot\u00eancia, sistema de 4 velocidades + pulsar e 2,1L de capacidade total. L\u00e2minas resistentes e feitas de a\u00e7o inox. Aumentando, assim, sua [&hellip;]\" \/>\n<meta property=\"og:url\" content=\"https:\/\/construfortasb.com.br\/loja\/produto\/liquidificador-cadence-pratic-plus-127v\/\" \/>\n<meta property=\"og:site_name\" content=\"Construfort Materiais de Constru\u00e7\u00e3o\" \/>\n<meta property=\"og:image\" content=\"https:\/\/construfortasb.com.br\/loja\/wp-content\/uploads\/2021\/06\/LIQ322_01.jpg\" \/>\n\t<meta property=\"og:image:width\" content=\"1000\" \/>\n\t<meta property=\"og:image:height\" content=\"1000\" \/>\n\t<meta property=\"og:image:type\" content=\"image\/jpeg\" \/>\n<meta name=\"twitter:card\" content=\"summary_large_image\" \/>\n<meta name=\"twitter:label1\" content=\"Est. tempo de leitura\" \/>\n\t<meta name=\"twitter:data1\" content=\"1 minuto\" \/>\n<script type=\"application\/ld+json\" class=\"yoast-schema-graph\">{\"@context\":\"https:\/\/schema.org\",\"@graph\":[{\"@type\":\"WebPage\",\"@id\":\"https:\/\/construfortasb.com.br\/loja\/produto\/liquidificador-cadence-pratic-plus-127v\/\",\"url\":\"https:\/\/construfortasb.com.br\/loja\/produto\/liquidificador-cadence-pratic-plus-127v\/\",\"name\":\"Liquidificador Cadence Pratic Plus - 127V - Construfort Materiais de Constru\u00e7\u00e3o\",\"isPartOf\":{\"@id\":\"https:\/\/construfortasb.com.br\/loja\/#website\"},\"datePublished\":\"2021-06-05T13:40:08+00:00\",\"dateModified\":\"2021-06-05T13:40:08+00:00\",\"breadcrumb\":{\"@id\":\"https:\/\/construfortasb.com.br\/loja\/produto\/liquidificador-cadence-pratic-plus-127v\/#breadcrumb\"},\"inLanguage\":\"pt-BR\",\"potentialAction\":[{\"@type\":\"ReadAction\",\"target\":[\"https:\/\/construfortasb.com.br\/loja\/produto\/liquidificador-cadence-pratic-plus-127v\/\"]}]},{\"@type\":\"BreadcrumbList\",\"@id\":\"https:\/\/construfortasb.com.br\/loja\/produto\/liquidificador-cadence-pratic-plus-127v\/#breadcrumb\",\"itemListElement\":[{\"@type\":\"ListItem\",\"position\":1,\"name\":\"In\u00edcio\",\"item\":\"https:\/\/construfortasb.com.br\/loja\/\"},{\"@type\":\"ListItem\",\"position\":2,\"name\":\"Loja Virtual\",\"item\":\"https:\/\/construfortasb.com.br\/loja\/loja\/\"},{\"@type\":\"ListItem\",\"position\":3,\"name\":\"Liquidificador Cadence Pratic Plus &#8211; 127V\"}]},{\"@type\":\"WebSite\",\"@id\":\"https:\/\/construfortasb.com.br\/loja\/#website\",\"url\":\"https:\/\/construfortasb.com.br\/loja\/\",\"name\":\"Construfort Materiais de Constru\u00e7\u00e3o\",\"description\":\"Sua melhor op\u00e7\u00e3o em materiais de constru\u00e7\u00e3o\",\"potentialAction\":[{\"@type\":\"SearchAction\",\"target\":{\"@type\":\"EntryPoint\",\"urlTemplate\":\"https:\/\/construfortasb.com.br\/loja\/?s={search_term_string}\"},\"query-input\":\"required name=search_term_string\"}],\"inLanguage\":\"pt-BR\"}]}<\/script>\n<!-- \/ Yoast SEO plugin. -->","yoast_head_json":{"title":"Liquidificador Cadence Pratic Plus - 127V - Construfort Materiais de Constru\u00e7\u00e3o","robots":{"index":"index","follow":"follow","max-snippet":"max-snippet:-1","max-image-preview":"max-image-preview:large","max-video-preview":"max-video-preview:-1"},"canonical":"https:\/\/construfortasb.com.br\/loja\/produto\/liquidificador-cadence-pratic-plus-127v\/","og_locale":"pt_BR","og_type":"article","og_title":"Liquidificador Cadence Pratic Plus - 127V - Construfort Materiais de Constru\u00e7\u00e3o","og_description":"Um liquidificador pr\u00e1tico e compacto. Perfeito para os que precisam de uma boa vitamina logo pela manh\u00e3 e sucos deliciosos no final da tarde. Com um f\u00e1cil manuseio, ele conta com 800W de pot\u00eancia, sistema de 4 velocidades + pulsar e 2,1L de capacidade total. L\u00e2minas resistentes e feitas de a\u00e7o inox. Aumentando, assim, sua [&hellip;]","og_url":"https:\/\/construfortasb.com.br\/loja\/produto\/liquidificador-cadence-pratic-plus-127v\/","og_site_name":"Construfort Materiais de Constru\u00e7\u00e3o","og_image":[{"width":1000,"height":1000,"url":"https:\/\/construfortasb.com.br\/loja\/wp-content\/uploads\/2021\/06\/LIQ322_01.jpg","type":"image\/jpeg"}],"twitter_card":"summary_large_image","twitter_misc":{"Est. tempo de leitura":"1 minuto"},"schema":{"@context":"https:\/\/schema.org","@graph":[{"@type":"WebPage","@id":"https:\/\/construfortasb.com.br\/loja\/produto\/liquidificador-cadence-pratic-plus-127v\/","url":"https:\/\/construfortasb.com.br\/loja\/produto\/liquidificador-cadence-pratic-plus-127v\/","name":"Liquidificador Cadence Pratic Plus - 127V - Construfort Materiais de Constru\u00e7\u00e3o","isPartOf":{"@id":"https:\/\/construfortasb.com.br\/loja\/#website"},"datePublished":"2021-06-05T13:40:08+00:00","dateModified":"2021-06-05T13:40:08+00:00","breadcrumb":{"@id":"https:\/\/construfortasb.com.br\/loja\/produto\/liquidificador-cadence-pratic-plus-127v\/#breadcrumb"},"inLanguage":"pt-BR","potentialAction":[{"@type":"ReadAction","target":["https:\/\/construfortasb.com.br\/loja\/produto\/liquidificador-cadence-pratic-plus-127v\/"]}]},{"@type":"BreadcrumbList","@id":"https:\/\/construfortasb.com.br\/loja\/produto\/liquidificador-cadence-pratic-plus-127v\/#breadcrumb","itemListElement":[{"@type":"ListItem","position":1,"name":"In\u00edcio","item":"https:\/\/construfortasb.com.br\/loja\/"},{"@type":"ListItem","position":2,"name":"Loja Virtual","item":"https:\/\/construfortasb.com.br\/loja\/loja\/"},{"@type":"ListItem","position":3,"name":"Liquidificador Cadence Pratic Plus &#8211; 127V"}]},{"@type":"WebSite","@id":"https:\/\/construfortasb.com.br\/loja\/#website","url":"https:\/\/construfortasb.com.br\/loja\/","name":"Construfort Materiais de Constru\u00e7\u00e3o","description":"Sua melhor op\u00e7\u00e3o em materiais de constru\u00e7\u00e3o","potentialAction":[{"@type":"SearchAction","target":{"@type":"EntryPoint","urlTemplate":"https:\/\/construfortasb.com.br\/loja\/?s={search_term_string}"},"query-input":"required name=search_term_string"}],"inLanguage":"pt-BR"}]}},"_links":{"self":[{"href":"https:\/\/construfortasb.com.br\/loja\/wp-json\/wp\/v2\/product\/3017"}],"collection":[{"href":"https:\/\/construfortasb.com.br\/loja\/wp-json\/wp\/v2\/product"}],"about":[{"href":"https:\/\/construfortasb.com.br\/loja\/wp-json\/wp\/v2\/types\/product"}],"replies":[{"embeddable":true,"href":"https:\/\/construfortasb.com.br\/loja\/wp-json\/wp\/v2\/comments?post=3017"}],"wp:featuredmedia":[{"embeddable":true,"href":"https:\/\/construfortasb.com.br\/loja\/wp-json\/wp\/v2\/media\/3018"}],"wp:attachment":[{"href":"https:\/\/construfortasb.com.br\/loja\/wp-json\/wp\/v2\/media?parent=3017"}],"wp:term":[{"taxonomy":"product_cat","embeddable":true,"href":"https:\/\/construfortasb.com.br\/loja\/wp-json\/wp\/v2\/product_cat?post=3017"},{"taxonomy":"product_tag","embeddable":true,"href":"https:\/\/construfortasb.com.br\/loja\/wp-json\/wp\/v2\/product_tag?post=3017"}],"curies":[{"name":"wp","href":"https:\/\/api.w.org\/{rel}","templated":true}]}}