{"id":3026,"date":"2021-06-05T11:33:22","date_gmt":"2021-06-05T14:33:22","guid":{"rendered":"https:\/\/construfortasb.com.br\/loja\/?post_type=product&#038;p=3026"},"modified":"2021-06-05T11:33:22","modified_gmt":"2021-06-05T14:33:22","slug":"lorenzetti-ducha-top-jet-multitemperaturas-220v-7500w","status":"publish","type":"product","link":"https:\/\/construfortasb.com.br\/loja\/produto\/lorenzetti-ducha-top-jet-multitemperaturas-220v-7500w\/","title":{"rendered":"Lorenzetti Ducha Top Jet Multitemperaturas 220V 7500W"},"content":{"rendered":"<p>Produtos que facilitam sua vida e de sua fam\u00edlia!<\/p>\n<p>&nbsp;<\/p>\n<p>Ducha Lorenzetti Top Jet Multitemperatura 220v 7500w<\/p>\n<p>&nbsp;<\/p>\n<p>A tecnologia de ponta da Ducha Top Jet est\u00e1 em todos os detalhes, desde o design sem fia\u00e7\u00e3o aparente, com cano incorporado, que facilita sua troca. Tudo para garantir uma f\u00e1cil instala\u00e7\u00e3o. A ducha \u00e9 compat\u00edvel com aquecedores solares, ampliando assim a sua utiliza\u00e7\u00e3o.<\/p>\n<p>&nbsp;<\/p>\n<p>Caracter\u00edsticas principais:<\/p>\n<p>&nbsp;<\/p>\n<p>&#8211; Marca: Lorenzetti<\/p>\n<p>&#8211; Modelo: Top jet<\/p>\n<p>&#8211; Material: Pl\u00e1stico<\/p>\n<p>&nbsp;<\/p>\n<p>ITENS INCLUSOS:<\/p>\n<p>&nbsp;<\/p>\n<p>&#8211; 1 Ducha Lorenzetti Duo Shower Quadra<\/p>\n<p>&#8211; 1 Chuveirinho<\/p>\n<p>&#8211; 1 Mangueira<\/p>\n<p>&#8211; 1 Suporte para Chuveirinho<\/p>\n","protected":false},"excerpt":{"rendered":"<p>Produtos que facilitam sua vida e de sua fam\u00edlia! &nbsp; Ducha Lorenzetti Top Jet Multitemperatura 220v 7500w &nbsp; A tecnologia de ponta da Ducha Top Jet est\u00e1 em todos os detalhes, desde o design sem fia\u00e7\u00e3o aparente, com cano incorporado, que facilita sua troca. Tudo para garantir uma f\u00e1cil instala\u00e7\u00e3o. A ducha \u00e9 compat\u00edvel com [&hellip;]<\/p>\n","protected":false},"featured_media":3027,"comment_status":"open","ping_status":"closed","template":"","meta":{"inline_featured_image":false},"product_cat":[194,220,186],"product_tag":[217,222,223,221],"yoast_head":"<!-- This site is optimized with the Yoast SEO plugin v19.13 - https:\/\/yoast.com\/wordpress\/plugins\/seo\/ -->\n<title>Lorenzetti Ducha Top Jet Multitemperaturas 220V 7500W - Construfort Materiais de Constru\u00e7\u00e3o<\/title>\n<meta name=\"robots\" content=\"index, follow, max-snippet:-1, max-image-preview:large, max-video-preview:-1\" \/>\n<link rel=\"canonical\" href=\"https:\/\/construfortasb.com.br\/loja\/produto\/lorenzetti-ducha-top-jet-multitemperaturas-220v-7500w\/\" \/>\n<meta property=\"og:locale\" content=\"pt_BR\" \/>\n<meta property=\"og:type\" content=\"article\" \/>\n<meta property=\"og:title\" content=\"Lorenzetti Ducha Top Jet Multitemperaturas 220V 7500W - Construfort Materiais de Constru\u00e7\u00e3o\" \/>\n<meta property=\"og:description\" content=\"Produtos que facilitam sua vida e de sua fam\u00edlia! &nbsp; Ducha Lorenzetti Top Jet Multitemperatura 220v 7500w &nbsp; A tecnologia de ponta da Ducha Top Jet est\u00e1 em todos os detalhes, desde o design sem fia\u00e7\u00e3o aparente, com cano incorporado, que facilita sua troca. Tudo para garantir uma f\u00e1cil instala\u00e7\u00e3o. A ducha \u00e9 compat\u00edvel com [&hellip;]\" \/>\n<meta property=\"og:url\" content=\"https:\/\/construfortasb.com.br\/loja\/produto\/lorenzetti-ducha-top-jet-multitemperaturas-220v-7500w\/\" \/>\n<meta property=\"og:site_name\" content=\"Construfort Materiais de Constru\u00e7\u00e3o\" \/>\n<meta property=\"og:image\" content=\"https:\/\/construfortasb.com.br\/loja\/wp-content\/uploads\/2021\/06\/top-jet-multi.png\" \/>\n\t<meta property=\"og:image:width\" content=\"1000\" \/>\n\t<meta property=\"og:image:height\" content=\"1000\" \/>\n\t<meta property=\"og:image:type\" content=\"image\/png\" \/>\n<meta name=\"twitter:card\" content=\"summary_large_image\" \/>\n<meta name=\"twitter:label1\" content=\"Est. tempo de leitura\" \/>\n\t<meta name=\"twitter:data1\" content=\"1 minuto\" \/>\n<script type=\"application\/ld+json\" class=\"yoast-schema-graph\">{\"@context\":\"https:\/\/schema.org\",\"@graph\":[{\"@type\":\"WebPage\",\"@id\":\"https:\/\/construfortasb.com.br\/loja\/produto\/lorenzetti-ducha-top-jet-multitemperaturas-220v-7500w\/\",\"url\":\"https:\/\/construfortasb.com.br\/loja\/produto\/lorenzetti-ducha-top-jet-multitemperaturas-220v-7500w\/\",\"name\":\"Lorenzetti Ducha Top Jet Multitemperaturas 220V 7500W - Construfort Materiais de Constru\u00e7\u00e3o\",\"isPartOf\":{\"@id\":\"https:\/\/construfortasb.com.br\/loja\/#website\"},\"datePublished\":\"2021-06-05T14:33:22+00:00\",\"dateModified\":\"2021-06-05T14:33:22+00:00\",\"breadcrumb\":{\"@id\":\"https:\/\/construfortasb.com.br\/loja\/produto\/lorenzetti-ducha-top-jet-multitemperaturas-220v-7500w\/#breadcrumb\"},\"inLanguage\":\"pt-BR\",\"potentialAction\":[{\"@type\":\"ReadAction\",\"target\":[\"https:\/\/construfortasb.com.br\/loja\/produto\/lorenzetti-ducha-top-jet-multitemperaturas-220v-7500w\/\"]}]},{\"@type\":\"BreadcrumbList\",\"@id\":\"https:\/\/construfortasb.com.br\/loja\/produto\/lorenzetti-ducha-top-jet-multitemperaturas-220v-7500w\/#breadcrumb\",\"itemListElement\":[{\"@type\":\"ListItem\",\"position\":1,\"name\":\"In\u00edcio\",\"item\":\"https:\/\/construfortasb.com.br\/loja\/\"},{\"@type\":\"ListItem\",\"position\":2,\"name\":\"Loja Virtual\",\"item\":\"https:\/\/construfortasb.com.br\/loja\/loja\/\"},{\"@type\":\"ListItem\",\"position\":3,\"name\":\"Lorenzetti Ducha Top Jet Multitemperaturas 220V 7500W\"}]},{\"@type\":\"WebSite\",\"@id\":\"https:\/\/construfortasb.com.br\/loja\/#website\",\"url\":\"https:\/\/construfortasb.com.br\/loja\/\",\"name\":\"Construfort Materiais de Constru\u00e7\u00e3o\",\"description\":\"Sua melhor op\u00e7\u00e3o em materiais de constru\u00e7\u00e3o\",\"potentialAction\":[{\"@type\":\"SearchAction\",\"target\":{\"@type\":\"EntryPoint\",\"urlTemplate\":\"https:\/\/construfortasb.com.br\/loja\/?s={search_term_string}\"},\"query-input\":\"required name=search_term_string\"}],\"inLanguage\":\"pt-BR\"}]}<\/script>\n<!-- \/ Yoast SEO plugin. -->","yoast_head_json":{"title":"Lorenzetti Ducha Top Jet Multitemperaturas 220V 7500W - Construfort Materiais de Constru\u00e7\u00e3o","robots":{"index":"index","follow":"follow","max-snippet":"max-snippet:-1","max-image-preview":"max-image-preview:large","max-video-preview":"max-video-preview:-1"},"canonical":"https:\/\/construfortasb.com.br\/loja\/produto\/lorenzetti-ducha-top-jet-multitemperaturas-220v-7500w\/","og_locale":"pt_BR","og_type":"article","og_title":"Lorenzetti Ducha Top Jet Multitemperaturas 220V 7500W - Construfort Materiais de Constru\u00e7\u00e3o","og_description":"Produtos que facilitam sua vida e de sua fam\u00edlia! &nbsp; Ducha Lorenzetti Top Jet Multitemperatura 220v 7500w &nbsp; A tecnologia de ponta da Ducha Top Jet est\u00e1 em todos os detalhes, desde o design sem fia\u00e7\u00e3o aparente, com cano incorporado, que facilita sua troca. Tudo para garantir uma f\u00e1cil instala\u00e7\u00e3o. A ducha \u00e9 compat\u00edvel com [&hellip;]","og_url":"https:\/\/construfortasb.com.br\/loja\/produto\/lorenzetti-ducha-top-jet-multitemperaturas-220v-7500w\/","og_site_name":"Construfort Materiais de Constru\u00e7\u00e3o","og_image":[{"width":1000,"height":1000,"url":"https:\/\/construfortasb.com.br\/loja\/wp-content\/uploads\/2021\/06\/top-jet-multi.png","type":"image\/png"}],"twitter_card":"summary_large_image","twitter_misc":{"Est. tempo de leitura":"1 minuto"},"schema":{"@context":"https:\/\/schema.org","@graph":[{"@type":"WebPage","@id":"https:\/\/construfortasb.com.br\/loja\/produto\/lorenzetti-ducha-top-jet-multitemperaturas-220v-7500w\/","url":"https:\/\/construfortasb.com.br\/loja\/produto\/lorenzetti-ducha-top-jet-multitemperaturas-220v-7500w\/","name":"Lorenzetti Ducha Top Jet Multitemperaturas 220V 7500W - Construfort Materiais de Constru\u00e7\u00e3o","isPartOf":{"@id":"https:\/\/construfortasb.com.br\/loja\/#website"},"datePublished":"2021-06-05T14:33:22+00:00","dateModified":"2021-06-05T14:33:22+00:00","breadcrumb":{"@id":"https:\/\/construfortasb.com.br\/loja\/produto\/lorenzetti-ducha-top-jet-multitemperaturas-220v-7500w\/#breadcrumb"},"inLanguage":"pt-BR","potentialAction":[{"@type":"ReadAction","target":["https:\/\/construfortasb.com.br\/loja\/produto\/lorenzetti-ducha-top-jet-multitemperaturas-220v-7500w\/"]}]},{"@type":"BreadcrumbList","@id":"https:\/\/construfortasb.com.br\/loja\/produto\/lorenzetti-ducha-top-jet-multitemperaturas-220v-7500w\/#breadcrumb","itemListElement":[{"@type":"ListItem","position":1,"name":"In\u00edcio","item":"https:\/\/construfortasb.com.br\/loja\/"},{"@type":"ListItem","position":2,"name":"Loja Virtual","item":"https:\/\/construfortasb.com.br\/loja\/loja\/"},{"@type":"ListItem","position":3,"name":"Lorenzetti Ducha Top Jet Multitemperaturas 220V 7500W"}]},{"@type":"WebSite","@id":"https:\/\/construfortasb.com.br\/loja\/#website","url":"https:\/\/construfortasb.com.br\/loja\/","name":"Construfort Materiais de Constru\u00e7\u00e3o","description":"Sua melhor op\u00e7\u00e3o em materiais de constru\u00e7\u00e3o","potentialAction":[{"@type":"SearchAction","target":{"@type":"EntryPoint","urlTemplate":"https:\/\/construfortasb.com.br\/loja\/?s={search_term_string}"},"query-input":"required name=search_term_string"}],"inLanguage":"pt-BR"}]}},"_links":{"self":[{"href":"https:\/\/construfortasb.com.br\/loja\/wp-json\/wp\/v2\/product\/3026"}],"collection":[{"href":"https:\/\/construfortasb.com.br\/loja\/wp-json\/wp\/v2\/product"}],"about":[{"href":"https:\/\/construfortasb.com.br\/loja\/wp-json\/wp\/v2\/types\/product"}],"replies":[{"embeddable":true,"href":"https:\/\/construfortasb.com.br\/loja\/wp-json\/wp\/v2\/comments?post=3026"}],"wp:featuredmedia":[{"embeddable":true,"href":"https:\/\/construfortasb.com.br\/loja\/wp-json\/wp\/v2\/media\/3027"}],"wp:attachment":[{"href":"https:\/\/construfortasb.com.br\/loja\/wp-json\/wp\/v2\/media?parent=3026"}],"wp:term":[{"taxonomy":"product_cat","embeddable":true,"href":"https:\/\/construfortasb.com.br\/loja\/wp-json\/wp\/v2\/product_cat?post=3026"},{"taxonomy":"product_tag","embeddable":true,"href":"https:\/\/construfortasb.com.br\/loja\/wp-json\/wp\/v2\/product_tag?post=3026"}],"curies":[{"name":"wp","href":"https:\/\/api.w.org\/{rel}","templated":true}]}}