{"id":3041,"date":"2021-06-05T17:25:56","date_gmt":"2021-06-05T20:25:56","guid":{"rendered":"https:\/\/construfortasb.com.br\/loja\/?post_type=product&#038;p=3041"},"modified":"2021-06-05T17:25:56","modified_gmt":"2021-06-05T20:25:56","slug":"papeleira-astra-em-aluminio-kbm-pcrist","status":"publish","type":"product","link":"https:\/\/construfortasb.com.br\/loja\/produto\/papeleira-astra-em-aluminio-kbm-pcrist\/","title":{"rendered":"Papeleira Astra em Alum\u00ednio KBM\/P*CRIST"},"content":{"rendered":"<p>Papeleira Plastica Astra Kbm\/P Cristal Cromada<br \/>\nPapeleira Pl\u00e1stica com Tampa Transparente (KBM\/P | KBMP\/P)<br \/>\nA Papeleira n\u00e3o deixa o parafuso aparente e protege o papel higi\u00eanico.<br \/>\nCaracter\u00edsticas<br \/>\nPr\u00e1tica.<br \/>\nOrganiza o ambiente.<br \/>\nResistente.<br \/>\nF\u00e1cil instala\u00e7\u00e3o.<br \/>\nAcompanha kit de fixa\u00e7\u00e3o.<br \/>\nParafuso n\u00e3o fica aparente.<br \/>\nMedidas: 7 cm x 12,5 cm x 11,5 cm<\/p>\n","protected":false},"excerpt":{"rendered":"<p>Papeleira Plastica Astra Kbm\/P Cristal Cromada Papeleira Pl\u00e1stica com Tampa Transparente (KBM\/P | KBMP\/P) A Papeleira n\u00e3o deixa o parafuso aparente e protege o papel higi\u00eanico. Caracter\u00edsticas Pr\u00e1tica. Organiza o ambiente. Resistente. F\u00e1cil instala\u00e7\u00e3o. Acompanha kit de fixa\u00e7\u00e3o. Parafuso n\u00e3o fica aparente. Medidas: 7 cm x 12,5 cm x 11,5 cm<\/p>\n","protected":false},"featured_media":3042,"comment_status":"open","ping_status":"closed","template":"","meta":{"inline_featured_image":false},"product_cat":[231,194,186],"product_tag":[233,232,235,234],"yoast_head":"<!-- This site is optimized with the Yoast SEO plugin v19.13 - https:\/\/yoast.com\/wordpress\/plugins\/seo\/ -->\n<title>Papeleira Astra em Alum\u00ednio KBM\/P*CRIST - Construfort Materiais de Constru\u00e7\u00e3o<\/title>\n<meta name=\"robots\" content=\"index, follow, max-snippet:-1, max-image-preview:large, max-video-preview:-1\" \/>\n<link rel=\"canonical\" href=\"https:\/\/construfortasb.com.br\/loja\/produto\/papeleira-astra-em-aluminio-kbm-pcrist\/\" \/>\n<meta property=\"og:locale\" content=\"pt_BR\" \/>\n<meta property=\"og:type\" content=\"article\" \/>\n<meta property=\"og:title\" content=\"Papeleira Astra em Alum\u00ednio KBM\/P*CRIST - Construfort Materiais de Constru\u00e7\u00e3o\" \/>\n<meta property=\"og:description\" content=\"Papeleira Plastica Astra Kbm\/P Cristal Cromada Papeleira Pl\u00e1stica com Tampa Transparente (KBM\/P | KBMP\/P) A Papeleira n\u00e3o deixa o parafuso aparente e protege o papel higi\u00eanico. Caracter\u00edsticas Pr\u00e1tica. Organiza o ambiente. Resistente. F\u00e1cil instala\u00e7\u00e3o. Acompanha kit de fixa\u00e7\u00e3o. Parafuso n\u00e3o fica aparente. Medidas: 7 cm x 12,5 cm x 11,5 cm\" \/>\n<meta property=\"og:url\" content=\"https:\/\/construfortasb.com.br\/loja\/produto\/papeleira-astra-em-aluminio-kbm-pcrist\/\" \/>\n<meta property=\"og:site_name\" content=\"Construfort Materiais de Constru\u00e7\u00e3o\" \/>\n<meta property=\"og:image\" content=\"https:\/\/construfortasb.com.br\/loja\/wp-content\/uploads\/2021\/06\/papeleira-KBMP-02.jpg\" \/>\n\t<meta property=\"og:image:width\" content=\"800\" \/>\n\t<meta property=\"og:image:height\" content=\"534\" \/>\n\t<meta property=\"og:image:type\" content=\"image\/jpeg\" \/>\n<meta name=\"twitter:card\" content=\"summary_large_image\" \/>\n<meta name=\"twitter:label1\" content=\"Est. tempo de leitura\" \/>\n\t<meta name=\"twitter:data1\" content=\"1 minuto\" \/>\n<script type=\"application\/ld+json\" class=\"yoast-schema-graph\">{\"@context\":\"https:\/\/schema.org\",\"@graph\":[{\"@type\":\"WebPage\",\"@id\":\"https:\/\/construfortasb.com.br\/loja\/produto\/papeleira-astra-em-aluminio-kbm-pcrist\/\",\"url\":\"https:\/\/construfortasb.com.br\/loja\/produto\/papeleira-astra-em-aluminio-kbm-pcrist\/\",\"name\":\"Papeleira Astra em Alum\u00ednio KBM\/P*CRIST - Construfort Materiais de Constru\u00e7\u00e3o\",\"isPartOf\":{\"@id\":\"https:\/\/construfortasb.com.br\/loja\/#website\"},\"datePublished\":\"2021-06-05T20:25:56+00:00\",\"dateModified\":\"2021-06-05T20:25:56+00:00\",\"breadcrumb\":{\"@id\":\"https:\/\/construfortasb.com.br\/loja\/produto\/papeleira-astra-em-aluminio-kbm-pcrist\/#breadcrumb\"},\"inLanguage\":\"pt-BR\",\"potentialAction\":[{\"@type\":\"ReadAction\",\"target\":[\"https:\/\/construfortasb.com.br\/loja\/produto\/papeleira-astra-em-aluminio-kbm-pcrist\/\"]}]},{\"@type\":\"BreadcrumbList\",\"@id\":\"https:\/\/construfortasb.com.br\/loja\/produto\/papeleira-astra-em-aluminio-kbm-pcrist\/#breadcrumb\",\"itemListElement\":[{\"@type\":\"ListItem\",\"position\":1,\"name\":\"In\u00edcio\",\"item\":\"https:\/\/construfortasb.com.br\/loja\/\"},{\"@type\":\"ListItem\",\"position\":2,\"name\":\"Loja Virtual\",\"item\":\"https:\/\/construfortasb.com.br\/loja\/loja\/\"},{\"@type\":\"ListItem\",\"position\":3,\"name\":\"Papeleira Astra em Alum\u00ednio KBM\/P*CRIST\"}]},{\"@type\":\"WebSite\",\"@id\":\"https:\/\/construfortasb.com.br\/loja\/#website\",\"url\":\"https:\/\/construfortasb.com.br\/loja\/\",\"name\":\"Construfort Materiais de Constru\u00e7\u00e3o\",\"description\":\"Sua melhor op\u00e7\u00e3o em materiais de constru\u00e7\u00e3o\",\"potentialAction\":[{\"@type\":\"SearchAction\",\"target\":{\"@type\":\"EntryPoint\",\"urlTemplate\":\"https:\/\/construfortasb.com.br\/loja\/?s={search_term_string}\"},\"query-input\":\"required name=search_term_string\"}],\"inLanguage\":\"pt-BR\"}]}<\/script>\n<!-- \/ Yoast SEO plugin. -->","yoast_head_json":{"title":"Papeleira Astra em Alum\u00ednio KBM\/P*CRIST - Construfort Materiais de Constru\u00e7\u00e3o","robots":{"index":"index","follow":"follow","max-snippet":"max-snippet:-1","max-image-preview":"max-image-preview:large","max-video-preview":"max-video-preview:-1"},"canonical":"https:\/\/construfortasb.com.br\/loja\/produto\/papeleira-astra-em-aluminio-kbm-pcrist\/","og_locale":"pt_BR","og_type":"article","og_title":"Papeleira Astra em Alum\u00ednio KBM\/P*CRIST - Construfort Materiais de Constru\u00e7\u00e3o","og_description":"Papeleira Plastica Astra Kbm\/P Cristal Cromada Papeleira Pl\u00e1stica com Tampa Transparente (KBM\/P | KBMP\/P) A Papeleira n\u00e3o deixa o parafuso aparente e protege o papel higi\u00eanico. Caracter\u00edsticas Pr\u00e1tica. Organiza o ambiente. Resistente. F\u00e1cil instala\u00e7\u00e3o. Acompanha kit de fixa\u00e7\u00e3o. Parafuso n\u00e3o fica aparente. Medidas: 7 cm x 12,5 cm x 11,5 cm","og_url":"https:\/\/construfortasb.com.br\/loja\/produto\/papeleira-astra-em-aluminio-kbm-pcrist\/","og_site_name":"Construfort Materiais de Constru\u00e7\u00e3o","og_image":[{"width":800,"height":534,"url":"https:\/\/construfortasb.com.br\/loja\/wp-content\/uploads\/2021\/06\/papeleira-KBMP-02.jpg","type":"image\/jpeg"}],"twitter_card":"summary_large_image","twitter_misc":{"Est. tempo de leitura":"1 minuto"},"schema":{"@context":"https:\/\/schema.org","@graph":[{"@type":"WebPage","@id":"https:\/\/construfortasb.com.br\/loja\/produto\/papeleira-astra-em-aluminio-kbm-pcrist\/","url":"https:\/\/construfortasb.com.br\/loja\/produto\/papeleira-astra-em-aluminio-kbm-pcrist\/","name":"Papeleira Astra em Alum\u00ednio KBM\/P*CRIST - Construfort Materiais de Constru\u00e7\u00e3o","isPartOf":{"@id":"https:\/\/construfortasb.com.br\/loja\/#website"},"datePublished":"2021-06-05T20:25:56+00:00","dateModified":"2021-06-05T20:25:56+00:00","breadcrumb":{"@id":"https:\/\/construfortasb.com.br\/loja\/produto\/papeleira-astra-em-aluminio-kbm-pcrist\/#breadcrumb"},"inLanguage":"pt-BR","potentialAction":[{"@type":"ReadAction","target":["https:\/\/construfortasb.com.br\/loja\/produto\/papeleira-astra-em-aluminio-kbm-pcrist\/"]}]},{"@type":"BreadcrumbList","@id":"https:\/\/construfortasb.com.br\/loja\/produto\/papeleira-astra-em-aluminio-kbm-pcrist\/#breadcrumb","itemListElement":[{"@type":"ListItem","position":1,"name":"In\u00edcio","item":"https:\/\/construfortasb.com.br\/loja\/"},{"@type":"ListItem","position":2,"name":"Loja Virtual","item":"https:\/\/construfortasb.com.br\/loja\/loja\/"},{"@type":"ListItem","position":3,"name":"Papeleira Astra em Alum\u00ednio KBM\/P*CRIST"}]},{"@type":"WebSite","@id":"https:\/\/construfortasb.com.br\/loja\/#website","url":"https:\/\/construfortasb.com.br\/loja\/","name":"Construfort Materiais de Constru\u00e7\u00e3o","description":"Sua melhor op\u00e7\u00e3o em materiais de constru\u00e7\u00e3o","potentialAction":[{"@type":"SearchAction","target":{"@type":"EntryPoint","urlTemplate":"https:\/\/construfortasb.com.br\/loja\/?s={search_term_string}"},"query-input":"required name=search_term_string"}],"inLanguage":"pt-BR"}]}},"_links":{"self":[{"href":"https:\/\/construfortasb.com.br\/loja\/wp-json\/wp\/v2\/product\/3041"}],"collection":[{"href":"https:\/\/construfortasb.com.br\/loja\/wp-json\/wp\/v2\/product"}],"about":[{"href":"https:\/\/construfortasb.com.br\/loja\/wp-json\/wp\/v2\/types\/product"}],"replies":[{"embeddable":true,"href":"https:\/\/construfortasb.com.br\/loja\/wp-json\/wp\/v2\/comments?post=3041"}],"wp:featuredmedia":[{"embeddable":true,"href":"https:\/\/construfortasb.com.br\/loja\/wp-json\/wp\/v2\/media\/3042"}],"wp:attachment":[{"href":"https:\/\/construfortasb.com.br\/loja\/wp-json\/wp\/v2\/media?parent=3041"}],"wp:term":[{"taxonomy":"product_cat","embeddable":true,"href":"https:\/\/construfortasb.com.br\/loja\/wp-json\/wp\/v2\/product_cat?post=3041"},{"taxonomy":"product_tag","embeddable":true,"href":"https:\/\/construfortasb.com.br\/loja\/wp-json\/wp\/v2\/product_tag?post=3041"}],"curies":[{"name":"wp","href":"https:\/\/api.w.org\/{rel}","templated":true}]}}