{"id":3044,"date":"2021-06-05T17:46:15","date_gmt":"2021-06-05T20:46:15","guid":{"rendered":"https:\/\/construfortasb.com.br\/loja\/?post_type=product&#038;p=3044"},"modified":"2021-06-05T17:46:15","modified_gmt":"2021-06-05T20:46:15","slug":"grelha-cromada-redonda-gr8-gr16-15cm-astra","status":"publish","type":"product","link":"https:\/\/construfortasb.com.br\/loja\/produto\/grelha-cromada-redonda-gr8-gr16-15cm-astra\/","title":{"rendered":"Grelha Cromada Redonda Gr8 \/gr16 15cm Astra"},"content":{"rendered":"<h2 class=\"description__product-title\">Grelha Cromada Redonda Gr8 \/gr16 15cm Astra<\/h2>\n<p class=\"description__text\">\n<p>GRELHA CROMADA REDONDA GR8 \/GR16 15CM ASTRA<\/p>\n<p>DESCRI\u00c7\u00c3O:GRELHA CROMADA REDONDA GR8 \/GR16 15CM ASTRA<\/p>\n<p>Comprimento: 16<br \/>\nLargura: 16<br \/>\nAltura: 1<br \/>\nPeso: 0,002<\/p>\n","protected":false},"excerpt":{"rendered":"<p>Grelha Cromada Redonda Gr8 \/gr16 15cm Astra GRELHA CROMADA REDONDA GR8 \/GR16 15CM ASTRA DESCRI\u00c7\u00c3O:GRELHA CROMADA REDONDA GR8 \/GR16 15CM ASTRA Comprimento: 16 Largura: 16 Altura: 1 Peso: 0,002<\/p>\n","protected":false},"featured_media":3045,"comment_status":"open","ping_status":"closed","template":"","meta":{"inline_featured_image":false},"product_cat":[231,194,186],"product_tag":[236,237],"yoast_head":"<!-- This site is optimized with the Yoast SEO plugin v19.13 - https:\/\/yoast.com\/wordpress\/plugins\/seo\/ -->\n<title>Grelha Cromada Redonda Gr8 \/gr16 15cm Astra - Construfort Materiais de Constru\u00e7\u00e3o<\/title>\n<meta name=\"robots\" content=\"index, follow, max-snippet:-1, max-image-preview:large, max-video-preview:-1\" \/>\n<link rel=\"canonical\" href=\"https:\/\/construfortasb.com.br\/loja\/produto\/grelha-cromada-redonda-gr8-gr16-15cm-astra\/\" \/>\n<meta property=\"og:locale\" content=\"pt_BR\" \/>\n<meta property=\"og:type\" content=\"article\" \/>\n<meta property=\"og:title\" content=\"Grelha Cromada Redonda Gr8 \/gr16 15cm Astra - Construfort Materiais de Constru\u00e7\u00e3o\" \/>\n<meta property=\"og:description\" content=\"Grelha Cromada Redonda Gr8 \/gr16 15cm Astra GRELHA CROMADA REDONDA GR8 \/GR16 15CM ASTRA DESCRI\u00c7\u00c3O:GRELHA CROMADA REDONDA GR8 \/GR16 15CM ASTRA Comprimento: 16 Largura: 16 Altura: 1 Peso: 0,002\" \/>\n<meta property=\"og:url\" content=\"https:\/\/construfortasb.com.br\/loja\/produto\/grelha-cromada-redonda-gr8-gr16-15cm-astra\/\" \/>\n<meta property=\"og:site_name\" content=\"Construfort Materiais de Constru\u00e7\u00e3o\" \/>\n<meta property=\"og:image\" content=\"https:\/\/construfortasb.com.br\/loja\/wp-content\/uploads\/2021\/06\/d17e07c82511f6d870d88844cb08b1f8.jpg\" \/>\n\t<meta property=\"og:image:width\" content=\"463\" \/>\n\t<meta property=\"og:image:height\" content=\"463\" \/>\n\t<meta property=\"og:image:type\" content=\"image\/jpeg\" \/>\n<meta name=\"twitter:card\" content=\"summary_large_image\" \/>\n<meta name=\"twitter:label1\" content=\"Est. tempo de leitura\" \/>\n\t<meta name=\"twitter:data1\" content=\"1 minuto\" \/>\n<script type=\"application\/ld+json\" class=\"yoast-schema-graph\">{\"@context\":\"https:\/\/schema.org\",\"@graph\":[{\"@type\":\"WebPage\",\"@id\":\"https:\/\/construfortasb.com.br\/loja\/produto\/grelha-cromada-redonda-gr8-gr16-15cm-astra\/\",\"url\":\"https:\/\/construfortasb.com.br\/loja\/produto\/grelha-cromada-redonda-gr8-gr16-15cm-astra\/\",\"name\":\"Grelha Cromada Redonda Gr8 \/gr16 15cm Astra - Construfort Materiais de Constru\u00e7\u00e3o\",\"isPartOf\":{\"@id\":\"https:\/\/construfortasb.com.br\/loja\/#website\"},\"datePublished\":\"2021-06-05T20:46:15+00:00\",\"dateModified\":\"2021-06-05T20:46:15+00:00\",\"breadcrumb\":{\"@id\":\"https:\/\/construfortasb.com.br\/loja\/produto\/grelha-cromada-redonda-gr8-gr16-15cm-astra\/#breadcrumb\"},\"inLanguage\":\"pt-BR\",\"potentialAction\":[{\"@type\":\"ReadAction\",\"target\":[\"https:\/\/construfortasb.com.br\/loja\/produto\/grelha-cromada-redonda-gr8-gr16-15cm-astra\/\"]}]},{\"@type\":\"BreadcrumbList\",\"@id\":\"https:\/\/construfortasb.com.br\/loja\/produto\/grelha-cromada-redonda-gr8-gr16-15cm-astra\/#breadcrumb\",\"itemListElement\":[{\"@type\":\"ListItem\",\"position\":1,\"name\":\"In\u00edcio\",\"item\":\"https:\/\/construfortasb.com.br\/loja\/\"},{\"@type\":\"ListItem\",\"position\":2,\"name\":\"Loja Virtual\",\"item\":\"https:\/\/construfortasb.com.br\/loja\/loja\/\"},{\"@type\":\"ListItem\",\"position\":3,\"name\":\"Grelha Cromada Redonda Gr8 \/gr16 15cm Astra\"}]},{\"@type\":\"WebSite\",\"@id\":\"https:\/\/construfortasb.com.br\/loja\/#website\",\"url\":\"https:\/\/construfortasb.com.br\/loja\/\",\"name\":\"Construfort Materiais de Constru\u00e7\u00e3o\",\"description\":\"Sua melhor op\u00e7\u00e3o em materiais de constru\u00e7\u00e3o\",\"potentialAction\":[{\"@type\":\"SearchAction\",\"target\":{\"@type\":\"EntryPoint\",\"urlTemplate\":\"https:\/\/construfortasb.com.br\/loja\/?s={search_term_string}\"},\"query-input\":\"required name=search_term_string\"}],\"inLanguage\":\"pt-BR\"}]}<\/script>\n<!-- \/ Yoast SEO plugin. -->","yoast_head_json":{"title":"Grelha Cromada Redonda Gr8 \/gr16 15cm Astra - Construfort Materiais de Constru\u00e7\u00e3o","robots":{"index":"index","follow":"follow","max-snippet":"max-snippet:-1","max-image-preview":"max-image-preview:large","max-video-preview":"max-video-preview:-1"},"canonical":"https:\/\/construfortasb.com.br\/loja\/produto\/grelha-cromada-redonda-gr8-gr16-15cm-astra\/","og_locale":"pt_BR","og_type":"article","og_title":"Grelha Cromada Redonda Gr8 \/gr16 15cm Astra - Construfort Materiais de Constru\u00e7\u00e3o","og_description":"Grelha Cromada Redonda Gr8 \/gr16 15cm Astra GRELHA CROMADA REDONDA GR8 \/GR16 15CM ASTRA DESCRI\u00c7\u00c3O:GRELHA CROMADA REDONDA GR8 \/GR16 15CM ASTRA Comprimento: 16 Largura: 16 Altura: 1 Peso: 0,002","og_url":"https:\/\/construfortasb.com.br\/loja\/produto\/grelha-cromada-redonda-gr8-gr16-15cm-astra\/","og_site_name":"Construfort Materiais de Constru\u00e7\u00e3o","og_image":[{"width":463,"height":463,"url":"https:\/\/construfortasb.com.br\/loja\/wp-content\/uploads\/2021\/06\/d17e07c82511f6d870d88844cb08b1f8.jpg","type":"image\/jpeg"}],"twitter_card":"summary_large_image","twitter_misc":{"Est. tempo de leitura":"1 minuto"},"schema":{"@context":"https:\/\/schema.org","@graph":[{"@type":"WebPage","@id":"https:\/\/construfortasb.com.br\/loja\/produto\/grelha-cromada-redonda-gr8-gr16-15cm-astra\/","url":"https:\/\/construfortasb.com.br\/loja\/produto\/grelha-cromada-redonda-gr8-gr16-15cm-astra\/","name":"Grelha Cromada Redonda Gr8 \/gr16 15cm Astra - Construfort Materiais de Constru\u00e7\u00e3o","isPartOf":{"@id":"https:\/\/construfortasb.com.br\/loja\/#website"},"datePublished":"2021-06-05T20:46:15+00:00","dateModified":"2021-06-05T20:46:15+00:00","breadcrumb":{"@id":"https:\/\/construfortasb.com.br\/loja\/produto\/grelha-cromada-redonda-gr8-gr16-15cm-astra\/#breadcrumb"},"inLanguage":"pt-BR","potentialAction":[{"@type":"ReadAction","target":["https:\/\/construfortasb.com.br\/loja\/produto\/grelha-cromada-redonda-gr8-gr16-15cm-astra\/"]}]},{"@type":"BreadcrumbList","@id":"https:\/\/construfortasb.com.br\/loja\/produto\/grelha-cromada-redonda-gr8-gr16-15cm-astra\/#breadcrumb","itemListElement":[{"@type":"ListItem","position":1,"name":"In\u00edcio","item":"https:\/\/construfortasb.com.br\/loja\/"},{"@type":"ListItem","position":2,"name":"Loja Virtual","item":"https:\/\/construfortasb.com.br\/loja\/loja\/"},{"@type":"ListItem","position":3,"name":"Grelha Cromada Redonda Gr8 \/gr16 15cm Astra"}]},{"@type":"WebSite","@id":"https:\/\/construfortasb.com.br\/loja\/#website","url":"https:\/\/construfortasb.com.br\/loja\/","name":"Construfort Materiais de Constru\u00e7\u00e3o","description":"Sua melhor op\u00e7\u00e3o em materiais de constru\u00e7\u00e3o","potentialAction":[{"@type":"SearchAction","target":{"@type":"EntryPoint","urlTemplate":"https:\/\/construfortasb.com.br\/loja\/?s={search_term_string}"},"query-input":"required name=search_term_string"}],"inLanguage":"pt-BR"}]}},"_links":{"self":[{"href":"https:\/\/construfortasb.com.br\/loja\/wp-json\/wp\/v2\/product\/3044"}],"collection":[{"href":"https:\/\/construfortasb.com.br\/loja\/wp-json\/wp\/v2\/product"}],"about":[{"href":"https:\/\/construfortasb.com.br\/loja\/wp-json\/wp\/v2\/types\/product"}],"replies":[{"embeddable":true,"href":"https:\/\/construfortasb.com.br\/loja\/wp-json\/wp\/v2\/comments?post=3044"}],"wp:featuredmedia":[{"embeddable":true,"href":"https:\/\/construfortasb.com.br\/loja\/wp-json\/wp\/v2\/media\/3045"}],"wp:attachment":[{"href":"https:\/\/construfortasb.com.br\/loja\/wp-json\/wp\/v2\/media?parent=3044"}],"wp:term":[{"taxonomy":"product_cat","embeddable":true,"href":"https:\/\/construfortasb.com.br\/loja\/wp-json\/wp\/v2\/product_cat?post=3044"},{"taxonomy":"product_tag","embeddable":true,"href":"https:\/\/construfortasb.com.br\/loja\/wp-json\/wp\/v2\/product_tag?post=3044"}],"curies":[{"name":"wp","href":"https:\/\/api.w.org\/{rel}","templated":true}]}}