{"id":3052,"date":"2021-06-05T18:59:46","date_gmt":"2021-06-05T21:59:46","guid":{"rendered":"https:\/\/construfortasb.com.br\/loja\/?post_type=product&#038;p=3052"},"modified":"2021-06-05T18:59:46","modified_gmt":"2021-06-05T21:59:46","slug":"fita-isolante-19mmx10m-tigre-2","status":"publish","type":"product","link":"https:\/\/construfortasb.com.br\/loja\/produto\/fita-isolante-19mmx10m-tigre-2\/","title":{"rendered":"Fita Isolante 19mmx10m Tigre"},"content":{"rendered":"<p>Cobertura final em emendas e termina\u00e7\u00f5es de fios e cabos el\u00e9tricos at\u00e9 750V nas instala\u00e7\u00f5es el\u00e9tricas de baixa tens\u00e3o de resid\u00eancias, escrit\u00f3rios, lojas e ind\u00fastrias.<\/p>\n<p>Caracter\u00edsticas T\u00e9cnicas Gerais:<br \/>\nProduto fabricado com filme a base de PVC.<br \/>\nAdesivo a base de resina de borracha.<br \/>\nFilme de PVC n\u00e3o propagante de chamas (auto extingu\u00edvel).<br \/>\nTemperatura de Utiliza\u00e7\u00e3o: 0\u00baC at\u00e9 90\u00baC.<br \/>\nIsola\u00e7\u00e3o de cabos el\u00e9tricos at\u00e9 750V.<br \/>\nResist\u00eancia aos raios Ultra Violeta.<br \/>\nAdes\u00e3o ao a\u00e7o: 2,60N\/cm m\u00ednimo.<br \/>\nAdes\u00e3o ao dorso: 2,0N\/cm m\u00ednimo.<br \/>\nPossui embalagem para prote\u00e7\u00e3o contra eventuais contamina\u00e7\u00f5es.<br \/>\nTubete em papel\u00e3o.<\/p>\n<p>Caracter\u00edsticas T\u00e9cnicas Modelo Profissional:<br \/>\nEspessura: 0,15mm<br \/>\nCor: preta<br \/>\nLargura: 19mm,<br \/>\nTens\u00e3o Disruptiva: 8500V m\u00ednimo<br \/>\nAlongamento: 150% m\u00ednimo.<br \/>\nResist\u00eancia \u00e0 tra\u00e7\u00e3o: 27,30N\/cm m\u00ednimo.<br \/>\nAtende as Normas NBR 5410 e ABNT NBR NM 60454 -3-1-5.<br \/>\nAtende a norma Rohs &#8211; isenta de materiais pesados e n\u00e3o cont\u00eam chumbo.<br \/>\nProduto Certificado.<\/p>\n","protected":false},"excerpt":{"rendered":"<p>Cobertura final em emendas e termina\u00e7\u00f5es de fios e cabos el\u00e9tricos at\u00e9 750V nas instala\u00e7\u00f5es el\u00e9tricas de baixa tens\u00e3o de resid\u00eancias, escrit\u00f3rios, lojas e ind\u00fastrias. Caracter\u00edsticas T\u00e9cnicas Gerais: Produto fabricado com filme a base de PVC. Adesivo a base de resina de borracha. Filme de PVC n\u00e3o propagante de chamas (auto extingu\u00edvel). Temperatura de Utiliza\u00e7\u00e3o: [&hellip;]<\/p>\n","protected":false},"featured_media":3050,"comment_status":"open","ping_status":"closed","template":"","meta":{"inline_featured_image":false},"product_cat":[173,220],"product_tag":[241,246,242],"yoast_head":"<!-- This site is optimized with the Yoast SEO plugin v19.13 - https:\/\/yoast.com\/wordpress\/plugins\/seo\/ -->\n<title>Fita Isolante 19mmx10m Tigre - Construfort Materiais de Constru\u00e7\u00e3o<\/title>\n<meta name=\"robots\" content=\"index, follow, max-snippet:-1, max-image-preview:large, max-video-preview:-1\" \/>\n<link rel=\"canonical\" href=\"https:\/\/construfortasb.com.br\/loja\/produto\/fita-isolante-19mmx10m-tigre-2\/\" \/>\n<meta property=\"og:locale\" content=\"pt_BR\" \/>\n<meta property=\"og:type\" content=\"article\" \/>\n<meta property=\"og:title\" content=\"Fita Isolante 19mmx10m Tigre - Construfort Materiais de Constru\u00e7\u00e3o\" \/>\n<meta property=\"og:description\" content=\"Cobertura final em emendas e termina\u00e7\u00f5es de fios e cabos el\u00e9tricos at\u00e9 750V nas instala\u00e7\u00f5es el\u00e9tricas de baixa tens\u00e3o de resid\u00eancias, escrit\u00f3rios, lojas e ind\u00fastrias. Caracter\u00edsticas T\u00e9cnicas Gerais: Produto fabricado com filme a base de PVC. Adesivo a base de resina de borracha. Filme de PVC n\u00e3o propagante de chamas (auto extingu\u00edvel). Temperatura de Utiliza\u00e7\u00e3o: [&hellip;]\" \/>\n<meta property=\"og:url\" content=\"https:\/\/construfortasb.com.br\/loja\/produto\/fita-isolante-19mmx10m-tigre-2\/\" \/>\n<meta property=\"og:site_name\" content=\"Construfort Materiais de Constru\u00e7\u00e3o\" \/>\n<meta property=\"og:image\" content=\"https:\/\/construfortasb.com.br\/loja\/wp-content\/uploads\/2021\/06\/1331003_2.jpg\" \/>\n\t<meta property=\"og:image:width\" content=\"540\" \/>\n\t<meta property=\"og:image:height\" content=\"540\" \/>\n\t<meta property=\"og:image:type\" content=\"image\/jpeg\" \/>\n<meta name=\"twitter:card\" content=\"summary_large_image\" \/>\n<meta name=\"twitter:label1\" content=\"Est. tempo de leitura\" \/>\n\t<meta name=\"twitter:data1\" content=\"1 minuto\" \/>\n<script type=\"application\/ld+json\" class=\"yoast-schema-graph\">{\"@context\":\"https:\/\/schema.org\",\"@graph\":[{\"@type\":\"WebPage\",\"@id\":\"https:\/\/construfortasb.com.br\/loja\/produto\/fita-isolante-19mmx10m-tigre-2\/\",\"url\":\"https:\/\/construfortasb.com.br\/loja\/produto\/fita-isolante-19mmx10m-tigre-2\/\",\"name\":\"Fita Isolante 19mmx10m Tigre - Construfort Materiais de Constru\u00e7\u00e3o\",\"isPartOf\":{\"@id\":\"https:\/\/construfortasb.com.br\/loja\/#website\"},\"datePublished\":\"2021-06-05T21:59:46+00:00\",\"dateModified\":\"2021-06-05T21:59:46+00:00\",\"breadcrumb\":{\"@id\":\"https:\/\/construfortasb.com.br\/loja\/produto\/fita-isolante-19mmx10m-tigre-2\/#breadcrumb\"},\"inLanguage\":\"pt-BR\",\"potentialAction\":[{\"@type\":\"ReadAction\",\"target\":[\"https:\/\/construfortasb.com.br\/loja\/produto\/fita-isolante-19mmx10m-tigre-2\/\"]}]},{\"@type\":\"BreadcrumbList\",\"@id\":\"https:\/\/construfortasb.com.br\/loja\/produto\/fita-isolante-19mmx10m-tigre-2\/#breadcrumb\",\"itemListElement\":[{\"@type\":\"ListItem\",\"position\":1,\"name\":\"In\u00edcio\",\"item\":\"https:\/\/construfortasb.com.br\/loja\/\"},{\"@type\":\"ListItem\",\"position\":2,\"name\":\"Loja Virtual\",\"item\":\"https:\/\/construfortasb.com.br\/loja\/loja\/\"},{\"@type\":\"ListItem\",\"position\":3,\"name\":\"Fita Isolante 19mmx10m Tigre\"}]},{\"@type\":\"WebSite\",\"@id\":\"https:\/\/construfortasb.com.br\/loja\/#website\",\"url\":\"https:\/\/construfortasb.com.br\/loja\/\",\"name\":\"Construfort Materiais de Constru\u00e7\u00e3o\",\"description\":\"Sua melhor op\u00e7\u00e3o em materiais de constru\u00e7\u00e3o\",\"potentialAction\":[{\"@type\":\"SearchAction\",\"target\":{\"@type\":\"EntryPoint\",\"urlTemplate\":\"https:\/\/construfortasb.com.br\/loja\/?s={search_term_string}\"},\"query-input\":\"required name=search_term_string\"}],\"inLanguage\":\"pt-BR\"}]}<\/script>\n<!-- \/ Yoast SEO plugin. -->","yoast_head_json":{"title":"Fita Isolante 19mmx10m Tigre - Construfort Materiais de Constru\u00e7\u00e3o","robots":{"index":"index","follow":"follow","max-snippet":"max-snippet:-1","max-image-preview":"max-image-preview:large","max-video-preview":"max-video-preview:-1"},"canonical":"https:\/\/construfortasb.com.br\/loja\/produto\/fita-isolante-19mmx10m-tigre-2\/","og_locale":"pt_BR","og_type":"article","og_title":"Fita Isolante 19mmx10m Tigre - Construfort Materiais de Constru\u00e7\u00e3o","og_description":"Cobertura final em emendas e termina\u00e7\u00f5es de fios e cabos el\u00e9tricos at\u00e9 750V nas instala\u00e7\u00f5es el\u00e9tricas de baixa tens\u00e3o de resid\u00eancias, escrit\u00f3rios, lojas e ind\u00fastrias. Caracter\u00edsticas T\u00e9cnicas Gerais: Produto fabricado com filme a base de PVC. Adesivo a base de resina de borracha. Filme de PVC n\u00e3o propagante de chamas (auto extingu\u00edvel). Temperatura de Utiliza\u00e7\u00e3o: [&hellip;]","og_url":"https:\/\/construfortasb.com.br\/loja\/produto\/fita-isolante-19mmx10m-tigre-2\/","og_site_name":"Construfort Materiais de Constru\u00e7\u00e3o","og_image":[{"width":540,"height":540,"url":"https:\/\/construfortasb.com.br\/loja\/wp-content\/uploads\/2021\/06\/1331003_2.jpg","type":"image\/jpeg"}],"twitter_card":"summary_large_image","twitter_misc":{"Est. tempo de leitura":"1 minuto"},"schema":{"@context":"https:\/\/schema.org","@graph":[{"@type":"WebPage","@id":"https:\/\/construfortasb.com.br\/loja\/produto\/fita-isolante-19mmx10m-tigre-2\/","url":"https:\/\/construfortasb.com.br\/loja\/produto\/fita-isolante-19mmx10m-tigre-2\/","name":"Fita Isolante 19mmx10m Tigre - Construfort Materiais de Constru\u00e7\u00e3o","isPartOf":{"@id":"https:\/\/construfortasb.com.br\/loja\/#website"},"datePublished":"2021-06-05T21:59:46+00:00","dateModified":"2021-06-05T21:59:46+00:00","breadcrumb":{"@id":"https:\/\/construfortasb.com.br\/loja\/produto\/fita-isolante-19mmx10m-tigre-2\/#breadcrumb"},"inLanguage":"pt-BR","potentialAction":[{"@type":"ReadAction","target":["https:\/\/construfortasb.com.br\/loja\/produto\/fita-isolante-19mmx10m-tigre-2\/"]}]},{"@type":"BreadcrumbList","@id":"https:\/\/construfortasb.com.br\/loja\/produto\/fita-isolante-19mmx10m-tigre-2\/#breadcrumb","itemListElement":[{"@type":"ListItem","position":1,"name":"In\u00edcio","item":"https:\/\/construfortasb.com.br\/loja\/"},{"@type":"ListItem","position":2,"name":"Loja Virtual","item":"https:\/\/construfortasb.com.br\/loja\/loja\/"},{"@type":"ListItem","position":3,"name":"Fita Isolante 19mmx10m Tigre"}]},{"@type":"WebSite","@id":"https:\/\/construfortasb.com.br\/loja\/#website","url":"https:\/\/construfortasb.com.br\/loja\/","name":"Construfort Materiais de Constru\u00e7\u00e3o","description":"Sua melhor op\u00e7\u00e3o em materiais de constru\u00e7\u00e3o","potentialAction":[{"@type":"SearchAction","target":{"@type":"EntryPoint","urlTemplate":"https:\/\/construfortasb.com.br\/loja\/?s={search_term_string}"},"query-input":"required name=search_term_string"}],"inLanguage":"pt-BR"}]}},"_links":{"self":[{"href":"https:\/\/construfortasb.com.br\/loja\/wp-json\/wp\/v2\/product\/3052"}],"collection":[{"href":"https:\/\/construfortasb.com.br\/loja\/wp-json\/wp\/v2\/product"}],"about":[{"href":"https:\/\/construfortasb.com.br\/loja\/wp-json\/wp\/v2\/types\/product"}],"replies":[{"embeddable":true,"href":"https:\/\/construfortasb.com.br\/loja\/wp-json\/wp\/v2\/comments?post=3052"}],"wp:featuredmedia":[{"embeddable":true,"href":"https:\/\/construfortasb.com.br\/loja\/wp-json\/wp\/v2\/media\/3050"}],"wp:attachment":[{"href":"https:\/\/construfortasb.com.br\/loja\/wp-json\/wp\/v2\/media?parent=3052"}],"wp:term":[{"taxonomy":"product_cat","embeddable":true,"href":"https:\/\/construfortasb.com.br\/loja\/wp-json\/wp\/v2\/product_cat?post=3052"},{"taxonomy":"product_tag","embeddable":true,"href":"https:\/\/construfortasb.com.br\/loja\/wp-json\/wp\/v2\/product_tag?post=3052"}],"curies":[{"name":"wp","href":"https:\/\/api.w.org\/{rel}","templated":true}]}}