{"id":3055,"date":"2021-06-06T11:12:05","date_gmt":"2021-06-06T14:12:05","guid":{"rendered":"https:\/\/construfortasb.com.br\/loja\/?post_type=product&#038;p=3055"},"modified":"2021-06-06T11:12:05","modified_gmt":"2021-06-06T14:12:05","slug":"renova-facil-rejunte-quartzolit-cinza-platina","status":"publish","type":"product","link":"https:\/\/construfortasb.com.br\/loja\/produto\/renova-facil-rejunte-quartzolit-cinza-platina\/","title":{"rendered":"Renova F\u00e1cil Rejunte Quartzolit Cinza Platina"},"content":{"rendered":"<h2 class=\"ui-pdp-description__title\">Descri\u00e7\u00e3o<\/h2>\n<p class=\"ui-pdp-description__content\">Renova o rejunte de forma simples e pr\u00e1tica;<br \/>\nDesign diferenciado que visa a melhor experi\u00eancia do consumidor;<br \/>\nFacilidade para trocar a cor do rejunte;<br \/>\nPossui dispers\u00e3o acr\u00edlica, cargas selecionadas, pigmentos e aditivos especiais;<br \/>\nDura at\u00e9 15x mais que os concorrentes;<br \/>\nRede at\u00e9 30m\u00b2.<br \/>\nCor: Cinza Platina<br \/>\nEmbalagem Caixa<br \/>\nCaracter\u00edsticas T\u00e9cnicas: Rejunte base acr\u00edlica Renova F\u00e1cil Quartzolit.<\/p>\n<p>Indica\u00e7\u00e3o de uso: Juntas antigas de rejunte ciment\u00edcio, acr\u00edlico ou ep\u00f3xi, em \u00e1reas internas e externas.<\/p>\n<p>Contraindica\u00e7\u00f5es:N\u00e3o indicado para piscinas, saunas, \u00e1reas submersas e fachadas.<\/p>\n<p>Prepara\u00e7\u00e3o da superf\u00edcie:<br \/>\n&#8211; A superf\u00edcie de aplica\u00e7\u00e3o deve estar firme, seca, livre de qualquer tipo de sujeira, poeira, mofo, ceras, gordura ou \u00f3leos;<br \/>\n&#8211; Caso o rejunte antigo esteja esfarelando, deve-se raspar a camada solta com um raspador de rejuntes at\u00e9 que a superf\u00edcie se apresente firme e coesa. E para regulariza\u00e7\u00e3o da \u00e1rea removida, utilizar o rejunte acr\u00edlico quartzolit, aguardando um prazo de 24 horas para a aplica\u00e7\u00e3o do renovador de rejuntes;<br \/>\n&#8211; No caso de superf\u00edcies oleosas ou com ceras, recomenda-se a limpeza pr\u00e9via com o limpador p\u00f3s-obra geral ou o limpador p\u00f3s-obra acr\u00edlico e ep\u00f3xi para remo\u00e7\u00e3o completa desses contaminantes no rejuntamento;<br \/>\n&#8211; Para aplica\u00e7\u00e3o sobre rejunte ep\u00f3xi, \u00e9 recomendado que realize um lixamento pr\u00e9vio do rejuntamento com lixa n\u00b0100, para garantir uma melhor ader\u00eancia do produto.<\/p>\n<p>Aplica\u00e7\u00e3o:<br \/>\n&#8211; A aplica\u00e7\u00e3o \u00e9 muito pr\u00e1tica, basta agitar bem a embalagem, retirar a tampa e o pino de veda\u00e7\u00e3o e aplicar o produto deslizando suavemente o bico aplicador sobre as juntas;<br \/>\n&#8211; Em caso de superf\u00edcies verticais, recomendamos que a aplica\u00e7\u00e3o seja realizada de baixo para cima;<br \/>\n&#8211; Caso seja necess\u00e1ria a aplica\u00e7\u00e3o de uma segunda dem\u00e3o, deve-se aguardar o tempo de 1 hora entre dem\u00e3os;<br \/>\n&#8211; \u00c9 recomendada a prote\u00e7\u00e3o mec\u00e2nica dos revestimentos porosos e antiderrapantes.<\/p>\n<p>Limpeza:<br \/>\n&#8211; A limpeza das pe\u00e7as deve ser realizada ap\u00f3s 1h da aplica\u00e7\u00e3o, com o aux\u00edlio de uma esponja umedecida com solu\u00e7\u00e3o de \u00e1gua e detergente neutro para facilitar a remo\u00e7\u00e3o;<br \/>\n&#8211; A libera\u00e7\u00e3o para o contato com \u00e1gua \u00e9 de 48 horas.<\/p>\n<p>Observa\u00e7\u00f5es:<br \/>\n&#8211; As cores da embalagem s\u00e3o meramente ilustrativas e podem sofrer pequenas diferen\u00e7as para o produto final;<br \/>\n&#8211; O rendimento m\u00e9dio pode variar dependendo do preenchimento, profundidade e largura das juntas.<br \/>\nBenef\u00edcios A Weber \u00e9 l\u00edder mundial na produ\u00e7\u00e3o de argamassas industrializadas e oferece uma variedade de solu\u00e7\u00f5es com a mais avan\u00e7ada tecnologia em suas formula\u00e7\u00f5es para atender \u00e0s exig\u00eancias t\u00e9cnicas do mercado.<\/p>\n<p>O Rejunte Renova F\u00e1cil da Quartzolit, oferece praticidade, f\u00e1cil limpeza, resist\u00eancia, maior rendimento e diversidade de cores! Tudo isso para facilitar a seu trabalho e obter um excelente resultado!<br \/>\nAcabamento Fosco<\/p>\n","protected":false},"excerpt":{"rendered":"<p>Ideal para rejunte ciment\u00edcio, acr\u00edlico ou ep\u00f3xi. Facilidade e praticidade para trocar a cor do rejunte.<\/p>\n","protected":false},"featured_media":3056,"comment_status":"open","ping_status":"closed","template":"","meta":{"inline_featured_image":false},"product_cat":[231,194,186,161],"product_tag":[251,250,249,248],"yoast_head":"<!-- This site is optimized with the Yoast SEO plugin v19.13 - https:\/\/yoast.com\/wordpress\/plugins\/seo\/ -->\n<title>Renova F\u00e1cil Rejunte Quartzolit Cinza Platina - Construfort Materiais de Constru\u00e7\u00e3o<\/title>\n<meta name=\"robots\" content=\"index, follow, max-snippet:-1, max-image-preview:large, max-video-preview:-1\" \/>\n<link rel=\"canonical\" href=\"https:\/\/construfortasb.com.br\/loja\/produto\/renova-facil-rejunte-quartzolit-cinza-platina\/\" \/>\n<meta property=\"og:locale\" content=\"pt_BR\" \/>\n<meta property=\"og:type\" content=\"article\" \/>\n<meta property=\"og:title\" content=\"Renova F\u00e1cil Rejunte Quartzolit Cinza Platina - Construfort Materiais de Constru\u00e7\u00e3o\" \/>\n<meta property=\"og:description\" content=\"Ideal para rejunte ciment\u00edcio, acr\u00edlico ou ep\u00f3xi. Facilidade e praticidade para trocar a cor do rejunte.\" \/>\n<meta property=\"og:url\" content=\"https:\/\/construfortasb.com.br\/loja\/produto\/renova-facil-rejunte-quartzolit-cinza-platina\/\" \/>\n<meta property=\"og:site_name\" content=\"Construfort Materiais de Constru\u00e7\u00e3o\" \/>\n<meta property=\"og:image\" content=\"https:\/\/construfortasb.com.br\/loja\/wp-content\/uploads\/2021\/06\/Rejunte-acrilico-Quartzolit-Renova-Facil-120ml-preto-grafite-1616137.jpg\" \/>\n\t<meta property=\"og:image:width\" content=\"1000\" \/>\n\t<meta property=\"og:image:height\" content=\"1000\" \/>\n\t<meta property=\"og:image:type\" content=\"image\/jpeg\" \/>\n<meta name=\"twitter:card\" content=\"summary_large_image\" \/>\n<meta name=\"twitter:label1\" content=\"Est. tempo de leitura\" \/>\n\t<meta name=\"twitter:data1\" content=\"2 minutos\" \/>\n<script type=\"application\/ld+json\" class=\"yoast-schema-graph\">{\"@context\":\"https:\/\/schema.org\",\"@graph\":[{\"@type\":\"WebPage\",\"@id\":\"https:\/\/construfortasb.com.br\/loja\/produto\/renova-facil-rejunte-quartzolit-cinza-platina\/\",\"url\":\"https:\/\/construfortasb.com.br\/loja\/produto\/renova-facil-rejunte-quartzolit-cinza-platina\/\",\"name\":\"Renova F\u00e1cil Rejunte Quartzolit Cinza Platina - Construfort Materiais de Constru\u00e7\u00e3o\",\"isPartOf\":{\"@id\":\"https:\/\/construfortasb.com.br\/loja\/#website\"},\"datePublished\":\"2021-06-06T14:12:05+00:00\",\"dateModified\":\"2021-06-06T14:12:05+00:00\",\"breadcrumb\":{\"@id\":\"https:\/\/construfortasb.com.br\/loja\/produto\/renova-facil-rejunte-quartzolit-cinza-platina\/#breadcrumb\"},\"inLanguage\":\"pt-BR\",\"potentialAction\":[{\"@type\":\"ReadAction\",\"target\":[\"https:\/\/construfortasb.com.br\/loja\/produto\/renova-facil-rejunte-quartzolit-cinza-platina\/\"]}]},{\"@type\":\"BreadcrumbList\",\"@id\":\"https:\/\/construfortasb.com.br\/loja\/produto\/renova-facil-rejunte-quartzolit-cinza-platina\/#breadcrumb\",\"itemListElement\":[{\"@type\":\"ListItem\",\"position\":1,\"name\":\"In\u00edcio\",\"item\":\"https:\/\/construfortasb.com.br\/loja\/\"},{\"@type\":\"ListItem\",\"position\":2,\"name\":\"Loja Virtual\",\"item\":\"https:\/\/construfortasb.com.br\/loja\/loja\/\"},{\"@type\":\"ListItem\",\"position\":3,\"name\":\"Renova F\u00e1cil Rejunte Quartzolit Cinza Platina\"}]},{\"@type\":\"WebSite\",\"@id\":\"https:\/\/construfortasb.com.br\/loja\/#website\",\"url\":\"https:\/\/construfortasb.com.br\/loja\/\",\"name\":\"Construfort Materiais de Constru\u00e7\u00e3o\",\"description\":\"Sua melhor op\u00e7\u00e3o em materiais de constru\u00e7\u00e3o\",\"potentialAction\":[{\"@type\":\"SearchAction\",\"target\":{\"@type\":\"EntryPoint\",\"urlTemplate\":\"https:\/\/construfortasb.com.br\/loja\/?s={search_term_string}\"},\"query-input\":\"required name=search_term_string\"}],\"inLanguage\":\"pt-BR\"}]}<\/script>\n<!-- \/ Yoast SEO plugin. -->","yoast_head_json":{"title":"Renova F\u00e1cil Rejunte Quartzolit Cinza Platina - Construfort Materiais de Constru\u00e7\u00e3o","robots":{"index":"index","follow":"follow","max-snippet":"max-snippet:-1","max-image-preview":"max-image-preview:large","max-video-preview":"max-video-preview:-1"},"canonical":"https:\/\/construfortasb.com.br\/loja\/produto\/renova-facil-rejunte-quartzolit-cinza-platina\/","og_locale":"pt_BR","og_type":"article","og_title":"Renova F\u00e1cil Rejunte Quartzolit Cinza Platina - Construfort Materiais de Constru\u00e7\u00e3o","og_description":"Ideal para rejunte ciment\u00edcio, acr\u00edlico ou ep\u00f3xi. Facilidade e praticidade para trocar a cor do rejunte.","og_url":"https:\/\/construfortasb.com.br\/loja\/produto\/renova-facil-rejunte-quartzolit-cinza-platina\/","og_site_name":"Construfort Materiais de Constru\u00e7\u00e3o","og_image":[{"width":1000,"height":1000,"url":"https:\/\/construfortasb.com.br\/loja\/wp-content\/uploads\/2021\/06\/Rejunte-acrilico-Quartzolit-Renova-Facil-120ml-preto-grafite-1616137.jpg","type":"image\/jpeg"}],"twitter_card":"summary_large_image","twitter_misc":{"Est. tempo de leitura":"2 minutos"},"schema":{"@context":"https:\/\/schema.org","@graph":[{"@type":"WebPage","@id":"https:\/\/construfortasb.com.br\/loja\/produto\/renova-facil-rejunte-quartzolit-cinza-platina\/","url":"https:\/\/construfortasb.com.br\/loja\/produto\/renova-facil-rejunte-quartzolit-cinza-platina\/","name":"Renova F\u00e1cil Rejunte Quartzolit Cinza Platina - Construfort Materiais de Constru\u00e7\u00e3o","isPartOf":{"@id":"https:\/\/construfortasb.com.br\/loja\/#website"},"datePublished":"2021-06-06T14:12:05+00:00","dateModified":"2021-06-06T14:12:05+00:00","breadcrumb":{"@id":"https:\/\/construfortasb.com.br\/loja\/produto\/renova-facil-rejunte-quartzolit-cinza-platina\/#breadcrumb"},"inLanguage":"pt-BR","potentialAction":[{"@type":"ReadAction","target":["https:\/\/construfortasb.com.br\/loja\/produto\/renova-facil-rejunte-quartzolit-cinza-platina\/"]}]},{"@type":"BreadcrumbList","@id":"https:\/\/construfortasb.com.br\/loja\/produto\/renova-facil-rejunte-quartzolit-cinza-platina\/#breadcrumb","itemListElement":[{"@type":"ListItem","position":1,"name":"In\u00edcio","item":"https:\/\/construfortasb.com.br\/loja\/"},{"@type":"ListItem","position":2,"name":"Loja Virtual","item":"https:\/\/construfortasb.com.br\/loja\/loja\/"},{"@type":"ListItem","position":3,"name":"Renova F\u00e1cil Rejunte Quartzolit Cinza Platina"}]},{"@type":"WebSite","@id":"https:\/\/construfortasb.com.br\/loja\/#website","url":"https:\/\/construfortasb.com.br\/loja\/","name":"Construfort Materiais de Constru\u00e7\u00e3o","description":"Sua melhor op\u00e7\u00e3o em materiais de constru\u00e7\u00e3o","potentialAction":[{"@type":"SearchAction","target":{"@type":"EntryPoint","urlTemplate":"https:\/\/construfortasb.com.br\/loja\/?s={search_term_string}"},"query-input":"required name=search_term_string"}],"inLanguage":"pt-BR"}]}},"_links":{"self":[{"href":"https:\/\/construfortasb.com.br\/loja\/wp-json\/wp\/v2\/product\/3055"}],"collection":[{"href":"https:\/\/construfortasb.com.br\/loja\/wp-json\/wp\/v2\/product"}],"about":[{"href":"https:\/\/construfortasb.com.br\/loja\/wp-json\/wp\/v2\/types\/product"}],"replies":[{"embeddable":true,"href":"https:\/\/construfortasb.com.br\/loja\/wp-json\/wp\/v2\/comments?post=3055"}],"wp:featuredmedia":[{"embeddable":true,"href":"https:\/\/construfortasb.com.br\/loja\/wp-json\/wp\/v2\/media\/3056"}],"wp:attachment":[{"href":"https:\/\/construfortasb.com.br\/loja\/wp-json\/wp\/v2\/media?parent=3055"}],"wp:term":[{"taxonomy":"product_cat","embeddable":true,"href":"https:\/\/construfortasb.com.br\/loja\/wp-json\/wp\/v2\/product_cat?post=3055"},{"taxonomy":"product_tag","embeddable":true,"href":"https:\/\/construfortasb.com.br\/loja\/wp-json\/wp\/v2\/product_tag?post=3055"}],"curies":[{"name":"wp","href":"https:\/\/api.w.org\/{rel}","templated":true}]}}