{"id":3059,"date":"2021-06-06T12:01:52","date_gmt":"2021-06-06T15:01:52","guid":{"rendered":"https:\/\/construfortasb.com.br\/loja\/?post_type=product&#038;p=3059"},"modified":"2021-06-06T12:01:53","modified_gmt":"2021-06-06T15:01:53","slug":"veda-rosca-10-metros-tigre","status":"publish","type":"product","link":"https:\/\/construfortasb.com.br\/loja\/produto\/veda-rosca-10-metros-tigre\/","title":{"rendered":"Veda Rosca 10 metros Tigre"},"content":{"rendered":"<p><a class=\" _-iq sh-t__title sh-t__title-popout shntl translate-content\" href=\"https:\/\/www.google.com\/url?q=https:\/\/www.cec.com.br\/material-hidraulico\/tubos-e-conexoes\/complementos\/vedacao\/fita-veda-rosca-18mm-com-10-metros-branca%3Fproduto%3D1034367%26idpublicacao%3D791d2005-d206-4804-b297-71cab438caf1&amp;sa=U&amp;ved=0ahUKEwi4wo_GoYPxAhXpH7kGHZpjAbgQsDwIIA&amp;usg=AOvVaw12qmu7jck5TxSBQmHYipmH\" target=\"_blank\" rel=\"noopener\" data-shntl=\"\">Fita Veda Rosca &#8211; Tigre<\/a><\/p>\n<div class=\"_-lS\">\n<p class=\"sh-ds__desc\"><span class=\"sh-ds__trunc\"><span class=\"sh-ds__trunc-txt translate-content\">A Fita Veda Rosca Tigre \u00e9 ideal para conex\u00f5es rosque\u00e1veis de metal ou pl\u00e1stico que podem passar \u00e1gua quente ou fria. Efetua a veda\u00e7\u00e3o total e protege contra oxida\u00e7\u00e3o, ferrugem e engripamentos. MODO de USAR: Certifique-se de que todo e qualquer res\u00edduo na \u00e1rea onde for aplicada a fita foi removido. Aplique a fita veda rosca Tigre no sentido hor\u00e1rio de ta modo que cada volta transpasse a outra em 0,5cm, num total de 5 a 8 voltas ou conforme a necessidade, Corte a fita e pressione-a junto a rosca para garantir o perfeito acabamento. Evite deixar a sobra da fita na extremidade da ponta rosca, pois pode dificultas a fixa\u00e7\u00e3o. Marca TIGRE Dimens\u00f5es 18mm x 10 metros Cor BRANCA Esse produto voc\u00ea encontra na UTILITY HOME, onde voc\u00ea tem a disposi\u00e7\u00e3o produtos de qualidade com excelente custo benef\u00edcio, entrega r\u00e1pida e atendimento personalizado<\/span><\/span><\/p>\n<\/div>\n","protected":false},"excerpt":{"rendered":"<p>Fita Veda Rosca &#8211; Tigre A Fita Veda Rosca Tigre \u00e9 ideal para conex\u00f5es rosque\u00e1veis de metal ou pl\u00e1stico que podem passar \u00e1gua quente ou fria. Efetua a veda\u00e7\u00e3o total e protege contra oxida\u00e7\u00e3o, ferrugem e engripamentos. MODO de USAR: Certifique-se de que todo e qualquer res\u00edduo na \u00e1rea onde for aplicada a fita foi [&hellip;]<\/p>\n","protected":false},"featured_media":3060,"comment_status":"open","ping_status":"closed","template":"","meta":{"inline_featured_image":false},"product_cat":[231,186],"product_tag":[258,256,257],"yoast_head":"<!-- This site is optimized with the Yoast SEO plugin v19.13 - https:\/\/yoast.com\/wordpress\/plugins\/seo\/ -->\n<title>Veda Rosca 10 metros Tigre - Construfort Materiais de Constru\u00e7\u00e3o<\/title>\n<meta name=\"robots\" content=\"index, follow, max-snippet:-1, max-image-preview:large, max-video-preview:-1\" \/>\n<link rel=\"canonical\" href=\"https:\/\/construfortasb.com.br\/loja\/produto\/veda-rosca-10-metros-tigre\/\" \/>\n<meta property=\"og:locale\" content=\"pt_BR\" \/>\n<meta property=\"og:type\" content=\"article\" \/>\n<meta property=\"og:title\" content=\"Veda Rosca 10 metros Tigre - Construfort Materiais de Constru\u00e7\u00e3o\" \/>\n<meta property=\"og:description\" content=\"Fita Veda Rosca &#8211; Tigre A Fita Veda Rosca Tigre \u00e9 ideal para conex\u00f5es rosque\u00e1veis de metal ou pl\u00e1stico que podem passar \u00e1gua quente ou fria. Efetua a veda\u00e7\u00e3o total e protege contra oxida\u00e7\u00e3o, ferrugem e engripamentos. MODO de USAR: Certifique-se de que todo e qualquer res\u00edduo na \u00e1rea onde for aplicada a fita foi [&hellip;]\" \/>\n<meta property=\"og:url\" content=\"https:\/\/construfortasb.com.br\/loja\/produto\/veda-rosca-10-metros-tigre\/\" \/>\n<meta property=\"og:site_name\" content=\"Construfort Materiais de Constru\u00e7\u00e3o\" \/>\n<meta property=\"article:modified_time\" content=\"2021-06-06T15:01:53+00:00\" \/>\n<meta property=\"og:image\" content=\"https:\/\/construfortasb.com.br\/loja\/wp-content\/uploads\/2021\/06\/fita-veda-rosca-tigre-18mm-com-10-metros-de-comprimento-branca.jpg\" \/>\n\t<meta property=\"og:image:width\" content=\"1080\" \/>\n\t<meta property=\"og:image:height\" content=\"1080\" \/>\n\t<meta property=\"og:image:type\" content=\"image\/jpeg\" \/>\n<meta name=\"twitter:card\" content=\"summary_large_image\" \/>\n<meta name=\"twitter:label1\" content=\"Est. tempo de leitura\" \/>\n\t<meta name=\"twitter:data1\" content=\"1 minuto\" \/>\n<script type=\"application\/ld+json\" class=\"yoast-schema-graph\">{\"@context\":\"https:\/\/schema.org\",\"@graph\":[{\"@type\":\"WebPage\",\"@id\":\"https:\/\/construfortasb.com.br\/loja\/produto\/veda-rosca-10-metros-tigre\/\",\"url\":\"https:\/\/construfortasb.com.br\/loja\/produto\/veda-rosca-10-metros-tigre\/\",\"name\":\"Veda Rosca 10 metros Tigre - Construfort Materiais de Constru\u00e7\u00e3o\",\"isPartOf\":{\"@id\":\"https:\/\/construfortasb.com.br\/loja\/#website\"},\"datePublished\":\"2021-06-06T15:01:52+00:00\",\"dateModified\":\"2021-06-06T15:01:53+00:00\",\"breadcrumb\":{\"@id\":\"https:\/\/construfortasb.com.br\/loja\/produto\/veda-rosca-10-metros-tigre\/#breadcrumb\"},\"inLanguage\":\"pt-BR\",\"potentialAction\":[{\"@type\":\"ReadAction\",\"target\":[\"https:\/\/construfortasb.com.br\/loja\/produto\/veda-rosca-10-metros-tigre\/\"]}]},{\"@type\":\"BreadcrumbList\",\"@id\":\"https:\/\/construfortasb.com.br\/loja\/produto\/veda-rosca-10-metros-tigre\/#breadcrumb\",\"itemListElement\":[{\"@type\":\"ListItem\",\"position\":1,\"name\":\"In\u00edcio\",\"item\":\"https:\/\/construfortasb.com.br\/loja\/\"},{\"@type\":\"ListItem\",\"position\":2,\"name\":\"Loja Virtual\",\"item\":\"https:\/\/construfortasb.com.br\/loja\/loja\/\"},{\"@type\":\"ListItem\",\"position\":3,\"name\":\"Veda Rosca 10 metros Tigre\"}]},{\"@type\":\"WebSite\",\"@id\":\"https:\/\/construfortasb.com.br\/loja\/#website\",\"url\":\"https:\/\/construfortasb.com.br\/loja\/\",\"name\":\"Construfort Materiais de Constru\u00e7\u00e3o\",\"description\":\"Sua melhor op\u00e7\u00e3o em materiais de constru\u00e7\u00e3o\",\"potentialAction\":[{\"@type\":\"SearchAction\",\"target\":{\"@type\":\"EntryPoint\",\"urlTemplate\":\"https:\/\/construfortasb.com.br\/loja\/?s={search_term_string}\"},\"query-input\":\"required name=search_term_string\"}],\"inLanguage\":\"pt-BR\"}]}<\/script>\n<!-- \/ Yoast SEO plugin. -->","yoast_head_json":{"title":"Veda Rosca 10 metros Tigre - Construfort Materiais de Constru\u00e7\u00e3o","robots":{"index":"index","follow":"follow","max-snippet":"max-snippet:-1","max-image-preview":"max-image-preview:large","max-video-preview":"max-video-preview:-1"},"canonical":"https:\/\/construfortasb.com.br\/loja\/produto\/veda-rosca-10-metros-tigre\/","og_locale":"pt_BR","og_type":"article","og_title":"Veda Rosca 10 metros Tigre - Construfort Materiais de Constru\u00e7\u00e3o","og_description":"Fita Veda Rosca &#8211; Tigre A Fita Veda Rosca Tigre \u00e9 ideal para conex\u00f5es rosque\u00e1veis de metal ou pl\u00e1stico que podem passar \u00e1gua quente ou fria. Efetua a veda\u00e7\u00e3o total e protege contra oxida\u00e7\u00e3o, ferrugem e engripamentos. MODO de USAR: Certifique-se de que todo e qualquer res\u00edduo na \u00e1rea onde for aplicada a fita foi [&hellip;]","og_url":"https:\/\/construfortasb.com.br\/loja\/produto\/veda-rosca-10-metros-tigre\/","og_site_name":"Construfort Materiais de Constru\u00e7\u00e3o","article_modified_time":"2021-06-06T15:01:53+00:00","og_image":[{"width":1080,"height":1080,"url":"https:\/\/construfortasb.com.br\/loja\/wp-content\/uploads\/2021\/06\/fita-veda-rosca-tigre-18mm-com-10-metros-de-comprimento-branca.jpg","type":"image\/jpeg"}],"twitter_card":"summary_large_image","twitter_misc":{"Est. tempo de leitura":"1 minuto"},"schema":{"@context":"https:\/\/schema.org","@graph":[{"@type":"WebPage","@id":"https:\/\/construfortasb.com.br\/loja\/produto\/veda-rosca-10-metros-tigre\/","url":"https:\/\/construfortasb.com.br\/loja\/produto\/veda-rosca-10-metros-tigre\/","name":"Veda Rosca 10 metros Tigre - Construfort Materiais de Constru\u00e7\u00e3o","isPartOf":{"@id":"https:\/\/construfortasb.com.br\/loja\/#website"},"datePublished":"2021-06-06T15:01:52+00:00","dateModified":"2021-06-06T15:01:53+00:00","breadcrumb":{"@id":"https:\/\/construfortasb.com.br\/loja\/produto\/veda-rosca-10-metros-tigre\/#breadcrumb"},"inLanguage":"pt-BR","potentialAction":[{"@type":"ReadAction","target":["https:\/\/construfortasb.com.br\/loja\/produto\/veda-rosca-10-metros-tigre\/"]}]},{"@type":"BreadcrumbList","@id":"https:\/\/construfortasb.com.br\/loja\/produto\/veda-rosca-10-metros-tigre\/#breadcrumb","itemListElement":[{"@type":"ListItem","position":1,"name":"In\u00edcio","item":"https:\/\/construfortasb.com.br\/loja\/"},{"@type":"ListItem","position":2,"name":"Loja Virtual","item":"https:\/\/construfortasb.com.br\/loja\/loja\/"},{"@type":"ListItem","position":3,"name":"Veda Rosca 10 metros Tigre"}]},{"@type":"WebSite","@id":"https:\/\/construfortasb.com.br\/loja\/#website","url":"https:\/\/construfortasb.com.br\/loja\/","name":"Construfort Materiais de Constru\u00e7\u00e3o","description":"Sua melhor op\u00e7\u00e3o em materiais de constru\u00e7\u00e3o","potentialAction":[{"@type":"SearchAction","target":{"@type":"EntryPoint","urlTemplate":"https:\/\/construfortasb.com.br\/loja\/?s={search_term_string}"},"query-input":"required name=search_term_string"}],"inLanguage":"pt-BR"}]}},"_links":{"self":[{"href":"https:\/\/construfortasb.com.br\/loja\/wp-json\/wp\/v2\/product\/3059"}],"collection":[{"href":"https:\/\/construfortasb.com.br\/loja\/wp-json\/wp\/v2\/product"}],"about":[{"href":"https:\/\/construfortasb.com.br\/loja\/wp-json\/wp\/v2\/types\/product"}],"replies":[{"embeddable":true,"href":"https:\/\/construfortasb.com.br\/loja\/wp-json\/wp\/v2\/comments?post=3059"}],"wp:featuredmedia":[{"embeddable":true,"href":"https:\/\/construfortasb.com.br\/loja\/wp-json\/wp\/v2\/media\/3060"}],"wp:attachment":[{"href":"https:\/\/construfortasb.com.br\/loja\/wp-json\/wp\/v2\/media?parent=3059"}],"wp:term":[{"taxonomy":"product_cat","embeddable":true,"href":"https:\/\/construfortasb.com.br\/loja\/wp-json\/wp\/v2\/product_cat?post=3059"},{"taxonomy":"product_tag","embeddable":true,"href":"https:\/\/construfortasb.com.br\/loja\/wp-json\/wp\/v2\/product_tag?post=3059"}],"curies":[{"name":"wp","href":"https:\/\/api.w.org\/{rel}","templated":true}]}}