{"id":3068,"date":"2021-06-06T12:53:20","date_gmt":"2021-06-06T15:53:20","guid":{"rendered":"https:\/\/construfortasb.com.br\/loja\/?post_type=product&#038;p=3068"},"modified":"2021-06-06T12:53:20","modified_gmt":"2021-06-06T15:53:20","slug":"ralo-click-quadrado-10x10-cm-inox-dative","status":"publish","type":"product","link":"https:\/\/construfortasb.com.br\/loja\/produto\/ralo-click-quadrado-10x10-cm-inox-dative\/","title":{"rendered":"Ralo Click Quadrado 10&#215;10 cm Inox Dative"},"content":{"rendered":"<p>Modelo: Ralo Inteligente Clique 10 x 10 em Inox<\/p>\n<p>Al\u00e9m do seu design moderno, o Ralo Inteligente oferece tamb\u00e9m atributos t\u00e9cnicos indispens\u00e1veis para a sua utiliza\u00e7\u00e3o. O Sistema clique permite abrir e fechar com apenas um toque, evitando mau cheiro e entrada de insetos.<\/p>\n<p>O Ralo tem duas formas de serem instalados, Primeiro \u00e9 sendo instalado direto no piso com massa, ou por conta e risco do cliente, cortar o ralo para encaixar na grelha brasileira instalada em sua resid\u00eancia quadrada, o ralo tem 10cm x 10cm.<\/p>\n<p>ATEN\u00c7\u00c3O: O Ralo Click, Tem 10CM X 10CM De encaixe, Se sua resid\u00eancia j\u00e1 tem a grelha (ENCAIXE PARA RALO) Verificar se ela tem 10cm para encaixe do ralo, fora isso tem os meios acima para instala\u00e7\u00e3o.<\/p>\n<p>Obs: O ralo n\u00e3o acompanha o Porta Grelha (Encaixe do ralo), Por\u00e9m n\u00e3o \u00e9 preciso!<\/p>\n<p>&#8211; Acabamento: cromado triplo de alta resist\u00eancia \u00e0 corros\u00e3o, conservando a beleza do produto por muito mais tempo.<br \/>\n&#8211; Material: A\u00e7o Inox<br \/>\n&#8211; Dimens\u00f5es: 10&#215;10 cm<\/p>\n","protected":false},"excerpt":{"rendered":"<p>Modelo: Ralo Inteligente Clique 10 x 10 em Inox Al\u00e9m do seu design moderno, o Ralo Inteligente oferece tamb\u00e9m atributos t\u00e9cnicos indispens\u00e1veis para a sua utiliza\u00e7\u00e3o. O Sistema clique permite abrir e fechar com apenas um toque, evitando mau cheiro e entrada de insetos. O Ralo tem duas formas de serem instalados, Primeiro \u00e9 sendo [&hellip;]<\/p>\n","protected":false},"featured_media":3069,"comment_status":"open","ping_status":"closed","template":"","meta":{"inline_featured_image":false},"product_cat":[231,186],"product_tag":[236,262,263],"yoast_head":"<!-- This site is optimized with the Yoast SEO plugin v19.13 - https:\/\/yoast.com\/wordpress\/plugins\/seo\/ -->\n<title>Ralo Click Quadrado 10x10 cm Inox Dative - Construfort Materiais de Constru\u00e7\u00e3o<\/title>\n<meta name=\"robots\" content=\"index, follow, max-snippet:-1, max-image-preview:large, max-video-preview:-1\" \/>\n<link rel=\"canonical\" href=\"https:\/\/construfortasb.com.br\/loja\/produto\/ralo-click-quadrado-10x10-cm-inox-dative\/\" \/>\n<meta property=\"og:locale\" content=\"pt_BR\" \/>\n<meta property=\"og:type\" content=\"article\" \/>\n<meta property=\"og:title\" content=\"Ralo Click Quadrado 10x10 cm Inox Dative - Construfort Materiais de Constru\u00e7\u00e3o\" \/>\n<meta property=\"og:description\" content=\"Modelo: Ralo Inteligente Clique 10 x 10 em Inox Al\u00e9m do seu design moderno, o Ralo Inteligente oferece tamb\u00e9m atributos t\u00e9cnicos indispens\u00e1veis para a sua utiliza\u00e7\u00e3o. O Sistema clique permite abrir e fechar com apenas um toque, evitando mau cheiro e entrada de insetos. O Ralo tem duas formas de serem instalados, Primeiro \u00e9 sendo [&hellip;]\" \/>\n<meta property=\"og:url\" content=\"https:\/\/construfortasb.com.br\/loja\/produto\/ralo-click-quadrado-10x10-cm-inox-dative\/\" \/>\n<meta property=\"og:site_name\" content=\"Construfort Materiais de Constru\u00e7\u00e3o\" \/>\n<meta property=\"og:image\" content=\"https:\/\/construfortasb.com.br\/loja\/wp-content\/uploads\/2021\/06\/D_NQ_NP_718677-MLB45643398444_042021-O.jpg\" \/>\n\t<meta property=\"og:image:width\" content=\"498\" \/>\n\t<meta property=\"og:image:height\" content=\"500\" \/>\n\t<meta property=\"og:image:type\" content=\"image\/jpeg\" \/>\n<meta name=\"twitter:card\" content=\"summary_large_image\" \/>\n<meta name=\"twitter:label1\" content=\"Est. tempo de leitura\" \/>\n\t<meta name=\"twitter:data1\" content=\"1 minuto\" \/>\n<script type=\"application\/ld+json\" class=\"yoast-schema-graph\">{\"@context\":\"https:\/\/schema.org\",\"@graph\":[{\"@type\":\"WebPage\",\"@id\":\"https:\/\/construfortasb.com.br\/loja\/produto\/ralo-click-quadrado-10x10-cm-inox-dative\/\",\"url\":\"https:\/\/construfortasb.com.br\/loja\/produto\/ralo-click-quadrado-10x10-cm-inox-dative\/\",\"name\":\"Ralo Click Quadrado 10x10 cm Inox Dative - Construfort Materiais de Constru\u00e7\u00e3o\",\"isPartOf\":{\"@id\":\"https:\/\/construfortasb.com.br\/loja\/#website\"},\"datePublished\":\"2021-06-06T15:53:20+00:00\",\"dateModified\":\"2021-06-06T15:53:20+00:00\",\"breadcrumb\":{\"@id\":\"https:\/\/construfortasb.com.br\/loja\/produto\/ralo-click-quadrado-10x10-cm-inox-dative\/#breadcrumb\"},\"inLanguage\":\"pt-BR\",\"potentialAction\":[{\"@type\":\"ReadAction\",\"target\":[\"https:\/\/construfortasb.com.br\/loja\/produto\/ralo-click-quadrado-10x10-cm-inox-dative\/\"]}]},{\"@type\":\"BreadcrumbList\",\"@id\":\"https:\/\/construfortasb.com.br\/loja\/produto\/ralo-click-quadrado-10x10-cm-inox-dative\/#breadcrumb\",\"itemListElement\":[{\"@type\":\"ListItem\",\"position\":1,\"name\":\"In\u00edcio\",\"item\":\"https:\/\/construfortasb.com.br\/loja\/\"},{\"@type\":\"ListItem\",\"position\":2,\"name\":\"Loja Virtual\",\"item\":\"https:\/\/construfortasb.com.br\/loja\/loja\/\"},{\"@type\":\"ListItem\",\"position\":3,\"name\":\"Ralo Click Quadrado 10&#215;10 cm Inox Dative\"}]},{\"@type\":\"WebSite\",\"@id\":\"https:\/\/construfortasb.com.br\/loja\/#website\",\"url\":\"https:\/\/construfortasb.com.br\/loja\/\",\"name\":\"Construfort Materiais de Constru\u00e7\u00e3o\",\"description\":\"Sua melhor op\u00e7\u00e3o em materiais de constru\u00e7\u00e3o\",\"potentialAction\":[{\"@type\":\"SearchAction\",\"target\":{\"@type\":\"EntryPoint\",\"urlTemplate\":\"https:\/\/construfortasb.com.br\/loja\/?s={search_term_string}\"},\"query-input\":\"required name=search_term_string\"}],\"inLanguage\":\"pt-BR\"}]}<\/script>\n<!-- \/ Yoast SEO plugin. -->","yoast_head_json":{"title":"Ralo Click Quadrado 10x10 cm Inox Dative - Construfort Materiais de Constru\u00e7\u00e3o","robots":{"index":"index","follow":"follow","max-snippet":"max-snippet:-1","max-image-preview":"max-image-preview:large","max-video-preview":"max-video-preview:-1"},"canonical":"https:\/\/construfortasb.com.br\/loja\/produto\/ralo-click-quadrado-10x10-cm-inox-dative\/","og_locale":"pt_BR","og_type":"article","og_title":"Ralo Click Quadrado 10x10 cm Inox Dative - Construfort Materiais de Constru\u00e7\u00e3o","og_description":"Modelo: Ralo Inteligente Clique 10 x 10 em Inox Al\u00e9m do seu design moderno, o Ralo Inteligente oferece tamb\u00e9m atributos t\u00e9cnicos indispens\u00e1veis para a sua utiliza\u00e7\u00e3o. O Sistema clique permite abrir e fechar com apenas um toque, evitando mau cheiro e entrada de insetos. O Ralo tem duas formas de serem instalados, Primeiro \u00e9 sendo [&hellip;]","og_url":"https:\/\/construfortasb.com.br\/loja\/produto\/ralo-click-quadrado-10x10-cm-inox-dative\/","og_site_name":"Construfort Materiais de Constru\u00e7\u00e3o","og_image":[{"width":498,"height":500,"url":"https:\/\/construfortasb.com.br\/loja\/wp-content\/uploads\/2021\/06\/D_NQ_NP_718677-MLB45643398444_042021-O.jpg","type":"image\/jpeg"}],"twitter_card":"summary_large_image","twitter_misc":{"Est. tempo de leitura":"1 minuto"},"schema":{"@context":"https:\/\/schema.org","@graph":[{"@type":"WebPage","@id":"https:\/\/construfortasb.com.br\/loja\/produto\/ralo-click-quadrado-10x10-cm-inox-dative\/","url":"https:\/\/construfortasb.com.br\/loja\/produto\/ralo-click-quadrado-10x10-cm-inox-dative\/","name":"Ralo Click Quadrado 10x10 cm Inox Dative - Construfort Materiais de Constru\u00e7\u00e3o","isPartOf":{"@id":"https:\/\/construfortasb.com.br\/loja\/#website"},"datePublished":"2021-06-06T15:53:20+00:00","dateModified":"2021-06-06T15:53:20+00:00","breadcrumb":{"@id":"https:\/\/construfortasb.com.br\/loja\/produto\/ralo-click-quadrado-10x10-cm-inox-dative\/#breadcrumb"},"inLanguage":"pt-BR","potentialAction":[{"@type":"ReadAction","target":["https:\/\/construfortasb.com.br\/loja\/produto\/ralo-click-quadrado-10x10-cm-inox-dative\/"]}]},{"@type":"BreadcrumbList","@id":"https:\/\/construfortasb.com.br\/loja\/produto\/ralo-click-quadrado-10x10-cm-inox-dative\/#breadcrumb","itemListElement":[{"@type":"ListItem","position":1,"name":"In\u00edcio","item":"https:\/\/construfortasb.com.br\/loja\/"},{"@type":"ListItem","position":2,"name":"Loja Virtual","item":"https:\/\/construfortasb.com.br\/loja\/loja\/"},{"@type":"ListItem","position":3,"name":"Ralo Click Quadrado 10&#215;10 cm Inox Dative"}]},{"@type":"WebSite","@id":"https:\/\/construfortasb.com.br\/loja\/#website","url":"https:\/\/construfortasb.com.br\/loja\/","name":"Construfort Materiais de Constru\u00e7\u00e3o","description":"Sua melhor op\u00e7\u00e3o em materiais de constru\u00e7\u00e3o","potentialAction":[{"@type":"SearchAction","target":{"@type":"EntryPoint","urlTemplate":"https:\/\/construfortasb.com.br\/loja\/?s={search_term_string}"},"query-input":"required name=search_term_string"}],"inLanguage":"pt-BR"}]}},"_links":{"self":[{"href":"https:\/\/construfortasb.com.br\/loja\/wp-json\/wp\/v2\/product\/3068"}],"collection":[{"href":"https:\/\/construfortasb.com.br\/loja\/wp-json\/wp\/v2\/product"}],"about":[{"href":"https:\/\/construfortasb.com.br\/loja\/wp-json\/wp\/v2\/types\/product"}],"replies":[{"embeddable":true,"href":"https:\/\/construfortasb.com.br\/loja\/wp-json\/wp\/v2\/comments?post=3068"}],"wp:featuredmedia":[{"embeddable":true,"href":"https:\/\/construfortasb.com.br\/loja\/wp-json\/wp\/v2\/media\/3069"}],"wp:attachment":[{"href":"https:\/\/construfortasb.com.br\/loja\/wp-json\/wp\/v2\/media?parent=3068"}],"wp:term":[{"taxonomy":"product_cat","embeddable":true,"href":"https:\/\/construfortasb.com.br\/loja\/wp-json\/wp\/v2\/product_cat?post=3068"},{"taxonomy":"product_tag","embeddable":true,"href":"https:\/\/construfortasb.com.br\/loja\/wp-json\/wp\/v2\/product_tag?post=3068"}],"curies":[{"name":"wp","href":"https:\/\/api.w.org\/{rel}","templated":true}]}}