{"id":3073,"date":"2021-06-06T13:44:49","date_gmt":"2021-06-06T16:44:49","guid":{"rendered":"https:\/\/construfortasb.com.br\/loja\/?post_type=product&#038;p=3073"},"modified":"2021-06-06T13:44:50","modified_gmt":"2021-06-06T16:44:50","slug":"super-bonder-loctitegel-2-g","status":"publish","type":"product","link":"https:\/\/construfortasb.com.br\/loja\/produto\/super-bonder-loctitegel-2-g\/","title":{"rendered":"Super Bonder LoctiteGel 2 g"},"content":{"rendered":"<p>Loctite Super Bonder proporciona solu\u00e7\u00f5es r\u00e1pidas, fortes e duradouras para colagens do dia a dia. Seus resultados comprovados fazem de Loctite uma marca l\u00edder para consumidores e tamb\u00e9m para ind\u00fastrias.<\/p>\n<p>Extra Forte &amp; Flex\u00edvel<\/p>\n<p>N\u00e3o escorre<br \/>\nResistente \u00e0 \u00e1gua<br \/>\nF\u00f3rmula gel, ideal para aplica\u00e7\u00f5es na vertical e materiais flex\u00edveis<br \/>\nIdeal para colagens de materiais porosos<br \/>\nAlta resist\u00eancia a impacto<br \/>\nColagem r\u00e1pida e transparente<br \/>\nCola quase todos materiais*<br \/>\nF\u00f3rmula sem solventes<br \/>\nTampa com pino anti-entupimento<\/p>\n<p>Materiais: Borracha, Couro, Madeira, Metal, Porcelana, Papel, Pl\u00e1stico*<br \/>\n*Exceto polietileno (PE), polipropileno (PP), silicone, resina antiaderente (PTFE).<br \/>\nN\u00e3o recomendado para tecidos e Isopor\u00ae (Isopor\u00ae marca reg. Knauff Isopor Ltda).<\/p>\n<p>Modo de Uso:<br \/>\n1) Certifique-se de que a superf\u00edcie de colagem esteja limpa e seca.<br \/>\n2) Mantenha o tubo com o bico para cima, em dire\u00e7\u00e3o oposta ao rosto, sem pression\u00e1-lo, rosqueie a tampa para perfurar o lacre n\u00e3o se rompa, retire a tampa e, com cuidado, perfure-o com um objeto pontiagudo. Em seguida, recoloque a tampa.<br \/>\n3) Remova a sobre-tampa e aplique o Loctite Super Bonder Power Flex Gel.<br \/>\n4) Junte as partes imediatamente e pressione as superf\u00edcies coladas at\u00e9 a fixa\u00e7\u00e3o. As pe\u00e7as podem ser reposicionadas em at\u00e9 10 segundos.<\/p>\n<p>CARACTER\u00cdSTICAS T\u00c9CNICAS<br \/>\nModelo Adesivo Instant\u00e2neo<br \/>\nMarca N\u00e3o<br \/>\nAplica\u00e7\u00f5es Borracha, Couro, Madeira, Metal, Porcelana, Papel, Pl\u00e1stico*<br \/>\nCor Transparente<br \/>\nComposi\u00e7\u00e3o Etilcianoacrilato; 6,6&#8242;-di-terc-butil-2,2&#8243; -metilenodi-p-cresol<br \/>\nDimens\u00f5es 8cm x 2cm x 1cm<br \/>\nT\u00f3xico Sim<br \/>\nLav\u00e1vel Sim<br \/>\nMarca LOCTITE<\/p>\n","protected":false},"excerpt":{"rendered":"<p>Loctite Super Bonder proporciona solu\u00e7\u00f5es r\u00e1pidas, fortes e duradouras para colagens do dia a dia. Seus resultados comprovados fazem de Loctite uma marca l\u00edder para consumidores e tamb\u00e9m para ind\u00fastrias. Extra Forte &amp; Flex\u00edvel N\u00e3o escorre Resistente \u00e0 \u00e1gua F\u00f3rmula gel, ideal para aplica\u00e7\u00f5es na vertical e materiais flex\u00edveis Ideal para colagens de materiais porosos [&hellip;]<\/p>\n","protected":false},"featured_media":3074,"comment_status":"open","ping_status":"closed","template":"","meta":{"inline_featured_image":false},"product_cat":[194],"product_tag":[266,267],"yoast_head":"<!-- This site is optimized with the Yoast SEO plugin v19.13 - https:\/\/yoast.com\/wordpress\/plugins\/seo\/ -->\n<title>Super Bonder LoctiteGel 2 g - Construfort Materiais de Constru\u00e7\u00e3o<\/title>\n<meta name=\"robots\" content=\"index, follow, max-snippet:-1, max-image-preview:large, max-video-preview:-1\" \/>\n<link rel=\"canonical\" href=\"https:\/\/construfortasb.com.br\/loja\/produto\/super-bonder-loctitegel-2-g\/\" \/>\n<meta property=\"og:locale\" content=\"pt_BR\" \/>\n<meta property=\"og:type\" content=\"article\" \/>\n<meta property=\"og:title\" content=\"Super Bonder LoctiteGel 2 g - Construfort Materiais de Constru\u00e7\u00e3o\" \/>\n<meta property=\"og:description\" content=\"Loctite Super Bonder proporciona solu\u00e7\u00f5es r\u00e1pidas, fortes e duradouras para colagens do dia a dia. Seus resultados comprovados fazem de Loctite uma marca l\u00edder para consumidores e tamb\u00e9m para ind\u00fastrias. Extra Forte &amp; Flex\u00edvel N\u00e3o escorre Resistente \u00e0 \u00e1gua F\u00f3rmula gel, ideal para aplica\u00e7\u00f5es na vertical e materiais flex\u00edveis Ideal para colagens de materiais porosos [&hellip;]\" \/>\n<meta property=\"og:url\" content=\"https:\/\/construfortasb.com.br\/loja\/produto\/super-bonder-loctitegel-2-g\/\" \/>\n<meta property=\"og:site_name\" content=\"Construfort Materiais de Constru\u00e7\u00e3o\" \/>\n<meta property=\"article:modified_time\" content=\"2021-06-06T16:44:50+00:00\" \/>\n<meta property=\"og:image\" content=\"https:\/\/construfortasb.com.br\/loja\/wp-content\/uploads\/2021\/06\/1080563_super-bonder-flex-gel-2g-1846467-2078040-loctite_m1_637371455095113672.jpg\" \/>\n\t<meta property=\"og:image:width\" content=\"500\" \/>\n\t<meta property=\"og:image:height\" content=\"500\" \/>\n\t<meta property=\"og:image:type\" content=\"image\/jpeg\" \/>\n<meta name=\"twitter:card\" content=\"summary_large_image\" \/>\n<meta name=\"twitter:label1\" content=\"Est. tempo de leitura\" \/>\n\t<meta name=\"twitter:data1\" content=\"1 minuto\" \/>\n<script type=\"application\/ld+json\" class=\"yoast-schema-graph\">{\"@context\":\"https:\/\/schema.org\",\"@graph\":[{\"@type\":\"WebPage\",\"@id\":\"https:\/\/construfortasb.com.br\/loja\/produto\/super-bonder-loctitegel-2-g\/\",\"url\":\"https:\/\/construfortasb.com.br\/loja\/produto\/super-bonder-loctitegel-2-g\/\",\"name\":\"Super Bonder LoctiteGel 2 g - Construfort Materiais de Constru\u00e7\u00e3o\",\"isPartOf\":{\"@id\":\"https:\/\/construfortasb.com.br\/loja\/#website\"},\"datePublished\":\"2021-06-06T16:44:49+00:00\",\"dateModified\":\"2021-06-06T16:44:50+00:00\",\"breadcrumb\":{\"@id\":\"https:\/\/construfortasb.com.br\/loja\/produto\/super-bonder-loctitegel-2-g\/#breadcrumb\"},\"inLanguage\":\"pt-BR\",\"potentialAction\":[{\"@type\":\"ReadAction\",\"target\":[\"https:\/\/construfortasb.com.br\/loja\/produto\/super-bonder-loctitegel-2-g\/\"]}]},{\"@type\":\"BreadcrumbList\",\"@id\":\"https:\/\/construfortasb.com.br\/loja\/produto\/super-bonder-loctitegel-2-g\/#breadcrumb\",\"itemListElement\":[{\"@type\":\"ListItem\",\"position\":1,\"name\":\"In\u00edcio\",\"item\":\"https:\/\/construfortasb.com.br\/loja\/\"},{\"@type\":\"ListItem\",\"position\":2,\"name\":\"Loja Virtual\",\"item\":\"https:\/\/construfortasb.com.br\/loja\/loja\/\"},{\"@type\":\"ListItem\",\"position\":3,\"name\":\"Super Bonder LoctiteGel 2 g\"}]},{\"@type\":\"WebSite\",\"@id\":\"https:\/\/construfortasb.com.br\/loja\/#website\",\"url\":\"https:\/\/construfortasb.com.br\/loja\/\",\"name\":\"Construfort Materiais de Constru\u00e7\u00e3o\",\"description\":\"Sua melhor op\u00e7\u00e3o em materiais de constru\u00e7\u00e3o\",\"potentialAction\":[{\"@type\":\"SearchAction\",\"target\":{\"@type\":\"EntryPoint\",\"urlTemplate\":\"https:\/\/construfortasb.com.br\/loja\/?s={search_term_string}\"},\"query-input\":\"required name=search_term_string\"}],\"inLanguage\":\"pt-BR\"}]}<\/script>\n<!-- \/ Yoast SEO plugin. -->","yoast_head_json":{"title":"Super Bonder LoctiteGel 2 g - Construfort Materiais de Constru\u00e7\u00e3o","robots":{"index":"index","follow":"follow","max-snippet":"max-snippet:-1","max-image-preview":"max-image-preview:large","max-video-preview":"max-video-preview:-1"},"canonical":"https:\/\/construfortasb.com.br\/loja\/produto\/super-bonder-loctitegel-2-g\/","og_locale":"pt_BR","og_type":"article","og_title":"Super Bonder LoctiteGel 2 g - Construfort Materiais de Constru\u00e7\u00e3o","og_description":"Loctite Super Bonder proporciona solu\u00e7\u00f5es r\u00e1pidas, fortes e duradouras para colagens do dia a dia. Seus resultados comprovados fazem de Loctite uma marca l\u00edder para consumidores e tamb\u00e9m para ind\u00fastrias. Extra Forte &amp; Flex\u00edvel N\u00e3o escorre Resistente \u00e0 \u00e1gua F\u00f3rmula gel, ideal para aplica\u00e7\u00f5es na vertical e materiais flex\u00edveis Ideal para colagens de materiais porosos [&hellip;]","og_url":"https:\/\/construfortasb.com.br\/loja\/produto\/super-bonder-loctitegel-2-g\/","og_site_name":"Construfort Materiais de Constru\u00e7\u00e3o","article_modified_time":"2021-06-06T16:44:50+00:00","og_image":[{"width":500,"height":500,"url":"https:\/\/construfortasb.com.br\/loja\/wp-content\/uploads\/2021\/06\/1080563_super-bonder-flex-gel-2g-1846467-2078040-loctite_m1_637371455095113672.jpg","type":"image\/jpeg"}],"twitter_card":"summary_large_image","twitter_misc":{"Est. tempo de leitura":"1 minuto"},"schema":{"@context":"https:\/\/schema.org","@graph":[{"@type":"WebPage","@id":"https:\/\/construfortasb.com.br\/loja\/produto\/super-bonder-loctitegel-2-g\/","url":"https:\/\/construfortasb.com.br\/loja\/produto\/super-bonder-loctitegel-2-g\/","name":"Super Bonder LoctiteGel 2 g - Construfort Materiais de Constru\u00e7\u00e3o","isPartOf":{"@id":"https:\/\/construfortasb.com.br\/loja\/#website"},"datePublished":"2021-06-06T16:44:49+00:00","dateModified":"2021-06-06T16:44:50+00:00","breadcrumb":{"@id":"https:\/\/construfortasb.com.br\/loja\/produto\/super-bonder-loctitegel-2-g\/#breadcrumb"},"inLanguage":"pt-BR","potentialAction":[{"@type":"ReadAction","target":["https:\/\/construfortasb.com.br\/loja\/produto\/super-bonder-loctitegel-2-g\/"]}]},{"@type":"BreadcrumbList","@id":"https:\/\/construfortasb.com.br\/loja\/produto\/super-bonder-loctitegel-2-g\/#breadcrumb","itemListElement":[{"@type":"ListItem","position":1,"name":"In\u00edcio","item":"https:\/\/construfortasb.com.br\/loja\/"},{"@type":"ListItem","position":2,"name":"Loja Virtual","item":"https:\/\/construfortasb.com.br\/loja\/loja\/"},{"@type":"ListItem","position":3,"name":"Super Bonder LoctiteGel 2 g"}]},{"@type":"WebSite","@id":"https:\/\/construfortasb.com.br\/loja\/#website","url":"https:\/\/construfortasb.com.br\/loja\/","name":"Construfort Materiais de Constru\u00e7\u00e3o","description":"Sua melhor op\u00e7\u00e3o em materiais de constru\u00e7\u00e3o","potentialAction":[{"@type":"SearchAction","target":{"@type":"EntryPoint","urlTemplate":"https:\/\/construfortasb.com.br\/loja\/?s={search_term_string}"},"query-input":"required name=search_term_string"}],"inLanguage":"pt-BR"}]}},"_links":{"self":[{"href":"https:\/\/construfortasb.com.br\/loja\/wp-json\/wp\/v2\/product\/3073"}],"collection":[{"href":"https:\/\/construfortasb.com.br\/loja\/wp-json\/wp\/v2\/product"}],"about":[{"href":"https:\/\/construfortasb.com.br\/loja\/wp-json\/wp\/v2\/types\/product"}],"replies":[{"embeddable":true,"href":"https:\/\/construfortasb.com.br\/loja\/wp-json\/wp\/v2\/comments?post=3073"}],"wp:featuredmedia":[{"embeddable":true,"href":"https:\/\/construfortasb.com.br\/loja\/wp-json\/wp\/v2\/media\/3074"}],"wp:attachment":[{"href":"https:\/\/construfortasb.com.br\/loja\/wp-json\/wp\/v2\/media?parent=3073"}],"wp:term":[{"taxonomy":"product_cat","embeddable":true,"href":"https:\/\/construfortasb.com.br\/loja\/wp-json\/wp\/v2\/product_cat?post=3073"},{"taxonomy":"product_tag","embeddable":true,"href":"https:\/\/construfortasb.com.br\/loja\/wp-json\/wp\/v2\/product_tag?post=3073"}],"curies":[{"name":"wp","href":"https:\/\/api.w.org\/{rel}","templated":true}]}}